{"id":120,"date":"2018-01-04T19:52:38","date_gmt":"2018-01-04T18:52:38","guid":{"rendered":"https:\/\/hotelmarcopoloverona.it\/new\/?page_id=120"},"modified":"2022-08-22T19:17:10","modified_gmt":"2022-08-22T17:17:10","slug":"kontakt","status":"publish","type":"page","link":"https:\/\/hotelmarcopoloverona.it\/de\/kontakt\/","title":{"rendered":"Kontakt"},"content":{"rendered":"\t\t<div data-elementor-type=\"wp-post\" data-elementor-id=\"120\" class=\"elementor elementor-120\" data-elementor-settings=\"[]\">\n\t\t\t<div class=\"elementor-inner\">\n\t\t\t\t<div class=\"elementor-section-wrap\">\n\t\t\t\t\t\t\t<section class=\"elementor-element elementor-element-110bec4e elementor-section-stretched elementor-section-boxed elementor-section-height-default elementor-section-height-default elementor-section elementor-top-section\" data-id=\"110bec4e\" data-element_type=\"section\" data-settings=\"{&quot;stretch_section&quot;:&quot;section-stretched&quot;,&quot;background_background&quot;:&quot;classic&quot;}\">\n\t\t\t\t\t\t<div class=\"elementor-container elementor-column-gap-default\">\n\t\t\t\t<div class=\"elementor-row\">\n\t\t\t\t<div class=\"elementor-element elementor-element-345daf98 elementor-column elementor-col-100 elementor-top-column\" data-id=\"345daf98\" data-element_type=\"column\" data-settings=\"{&quot;background_background&quot;:&quot;classic&quot;}\">\n\t\t\t<div class=\"elementor-column-wrap  elementor-element-populated\">\n\t\t\t\t\t<div class=\"elementor-widget-wrap\">\n\t\t\t\t<div class=\"elementor-element elementor-element-706830f9 elementor-widget elementor-widget-heading\" data-id=\"706830f9\" data-element_type=\"widget\" data-widget_type=\"heading.default\">\n\t\t\t\t<div class=\"elementor-widget-container\">\n\t\t\t<p class=\"elementor-heading-title elementor-size-default\">DER BESTE AUSGANGSPUNKT UM VERONA ZU BESICHTIGEN<\/p>\t\t<\/div>\n\t\t\t\t<\/div>\n\t\t\t\t<div class=\"elementor-element elementor-element-459365cf elementor-widget elementor-widget-divider\" data-id=\"459365cf\" data-element_type=\"widget\" data-widget_type=\"divider.default\">\n\t\t\t\t<div class=\"elementor-widget-container\">\n\t\t\t\t\t<div class=\"elementor-divider\">\n\t\t\t<span class=\"elementor-divider-separator\">\n\t\t\t\t\t\t<\/span>\n\t\t<\/div>\n\t\t\t\t<\/div>\n\t\t\t\t<\/div>\n\t\t\t\t<div class=\"elementor-element elementor-element-178af5a0 elementor-widget elementor-widget-heading\" data-id=\"178af5a0\" data-element_type=\"widget\" data-widget_type=\"heading.default\">\n\t\t\t\t<div class=\"elementor-widget-container\">\n\t\t\t<h2 class=\"elementor-heading-title elementor-size-default\">Kontakt<\/h2>\t\t<\/div>\n\t\t\t\t<\/div>\n\t\t\t\t<div class=\"elementor-element elementor-element-2b15c550 elementor-button-align-center elementor-tablet-button-align-stretch elementor-mobile-button-align-stretch elementor-widget elementor-widget-form\" data-id=\"2b15c550\" data-element_type=\"widget\" data-widget_type=\"form.default\">\n\t\t\t\t<div class=\"elementor-widget-container\">\n\t\t\t\t\t<form class=\"elementor-form\" method=\"post\" name=\"New Form\">\n\t\t\t<input type=\"hidden\" name=\"post_id\" value=\"120\"\/>\n\t\t\t<input type=\"hidden\" name=\"form_id\" value=\"2b15c550\"\/>\n\n\t\t\t<div class=\"elementor-form-fields-wrapper elementor-labels-above\">\n\t\t\t\t\t\t\t\t<div class=\"elementor-field-type-text elementor-field-group elementor-column elementor-field-group-ls8f5vw elementor-col-33\">\n\t\t\t\t\t<label for=\"form-field-ls8f5vw\" class=\"elementor-field-label\">Name<\/label><input size=\"1\" type=\"text\" name=\"form_fields[ls8f5vw]\" id=\"form-field-ls8f5vw\" class=\"elementor-field elementor-size-sm  elementor-field-textual\" placeholder=\"Name\">\t\t\t\t<\/div>\n\t\t\t\t\t\t\t\t<div class=\"elementor-field-type-email elementor-field-group elementor-column elementor-field-group-61jgmeg elementor-col-33\">\n\t\t\t\t\t<label for=\"form-field-61jgmeg\" class=\"elementor-field-label\">Email<\/label><input size=\"1\" type=\"email\" name=\"form_fields[61jgmeg]\" id=\"form-field-61jgmeg\" class=\"elementor-field elementor-size-sm  elementor-field-textual\" placeholder=\"Email\">\t\t\t\t<\/div>\n\t\t\t\t\t\t\t\t<div class=\"elementor-field-type-text elementor-field-group elementor-column elementor-field-group-vcfzijy elementor-col-33\">\n\t\t\t\t\t<label for=\"form-field-vcfzijy\" class=\"elementor-field-label\">Telefon<\/label><input size=\"1\" type=\"text\" name=\"form_fields[vcfzijy]\" id=\"form-field-vcfzijy\" class=\"elementor-field elementor-size-sm  elementor-field-textual\" placeholder=\"Telefon\">\t\t\t\t<\/div>\n\t\t\t\t\t\t\t\t<div class=\"elementor-field-type-text elementor-field-group elementor-column elementor-field-group-125shfm elementor-col-100\">\n\t\t\t\t\t<label for=\"form-field-125shfm\" class=\"elementor-field-label\">Objekt<\/label><input size=\"1\" type=\"text\" name=\"form_fields[125shfm]\" id=\"form-field-125shfm\" class=\"elementor-field elementor-size-sm  elementor-field-textual\" placeholder=\"Objekt\">\t\t\t\t<\/div>\n\t\t\t\t\t\t\t\t<div class=\"elementor-field-type-textarea elementor-field-group elementor-column elementor-field-group-uvnsnlz elementor-col-100\">\n\t\t\t\t\t<label for=\"form-field-uvnsnlz\" class=\"elementor-field-label\">Nachricht<\/label><textarea class=\"elementor-field-textual elementor-field  elementor-size-sm\" name=\"form_fields[uvnsnlz]\" id=\"form-field-uvnsnlz\" rows=\"4\" placeholder=\"Nachricht\"><\/textarea>\t\t\t\t<\/div>\n\t\t\t\t\t\t\t\t<div class=\"elementor-field-type-acceptance elementor-field-group elementor-column elementor-field-group-field_1 elementor-col-100 elementor-field-required\">\n\t\t\t\t\t<div class=\"elementor-field-subgroup\"><span class=\"elementor-field-option\"><input type=\"checkbox\" name=\"form_fields[field_1]\" id=\"form-field-field_1\" class=\"elementor-field elementor-size-sm  elementor-acceptance-field\" required=\"required\" aria-required=\"true\"> <label for=\"form-field-field_1\">Ja, ich habe die STORNO-Bedingungen und die PRIVACY-Regeln gelesen und akzeptiere sie (<a href=\"https:\/\/www.iubenda.com\/privacy-policy\/906718\/cookie-policy\" title=\"Privacy Policy\">Privacy Policy<\/a>)<\/label><\/span><\/div>\t\t\t\t<\/div>\n\t\t\t\t\t\t\t\t<div class=\"elementor-field-group elementor-column elementor-field-type-submit elementor-col-100\">\n\t\t\t\t\t<button type=\"submit\" class=\"elementor-button elementor-size-sm elementor-animation-shrink\">\n\t\t\t\t\t\t<span >\n\t\t\t\t\t\t\t\t\t\t\t\t\t\t\t<span class=\" elementor-button-icon\">\n\t\t\t\t\t\t\t\t\t<i class=\"fa fa-send\" aria-hidden=\"true\"><\/i>\t\t\t\t\t\t\t\t\t\t\t\t\t\t\t\t\t<\/span>\n\t\t\t\t\t\t\t\t\t\t\t\t\t\t\t\t\t\t\t\t\t\t<span class=\"elementor-button-text\">Senden<\/span>\n\t\t\t\t\t\t\t\t\t\t\t\t\t<\/span>\n\t\t\t\t\t<\/button>\n\t\t\t\t<\/div>\n\t\t\t<\/div>\n\t\t<\/form>\n\t\t\t\t<\/div>\n\t\t\t\t<\/div>\n\t\t\t\t<section class=\"elementor-element elementor-element-111b9d27 elementor-section-boxed elementor-section-height-default elementor-section-height-default elementor-section elementor-inner-section\" data-id=\"111b9d27\" data-element_type=\"section\">\n\t\t\t\t\t\t<div class=\"elementor-container elementor-column-gap-default\">\n\t\t\t\t<div class=\"elementor-row\">\n\t\t\t\t<div class=\"elementor-element elementor-element-5ed7aa90 elementor-column elementor-col-50 elementor-inner-column\" data-id=\"5ed7aa90\" data-element_type=\"column\">\n\t\t\t<div class=\"elementor-column-wrap  elementor-element-populated\">\n\t\t\t\t\t<div class=\"elementor-widget-wrap\">\n\t\t\t\t<div class=\"elementor-element elementor-element-7415e7b3 elementor-widget elementor-widget-heading\" data-id=\"7415e7b3\" data-element_type=\"widget\" data-widget_type=\"heading.default\">\n\t\t\t\t<div class=\"elementor-widget-container\">\n\t\t\t<h3 class=\"elementor-heading-title elementor-size-default\">Hotel Marco Polo<\/h3>\t\t<\/div>\n\t\t\t\t<\/div>\n\t\t\t\t<div class=\"elementor-element elementor-element-3dbe652 elementor-widget elementor-widget-heading\" data-id=\"3dbe652\" data-element_type=\"widget\" data-widget_type=\"heading.default\">\n\t\t\t\t<div class=\"elementor-widget-container\">\n\t\t\t<h5 class=\"elementor-heading-title elementor-size-default\">Lage im Zentrum von Verona, nur wenige Schritte von der Arena entfernt und im Auto erreichbar, ohne in die ZTL-Zone einfahren zu m\u00fcssen<\/h5>\t\t<\/div>\n\t\t\t\t<\/div>\n\t\t\t\t<div class=\"elementor-element elementor-element-43d40f3a elementor-widget elementor-widget-text-editor\" data-id=\"43d40f3a\" data-element_type=\"widget\" data-widget_type=\"text-editor.default\">\n\t\t\t\t<div class=\"elementor-widget-container\">\n\t\t\t\t\t<div class=\"elementor-text-editor elementor-clearfix\"><p>Das Hotel Marco Polo befindet sich im Herzen des Stadtzentrums von Verona, in der N\u00e4he der Arena (250 Meter) und somit in der N\u00e4he aller wichtigen Sehensw\u00fcrdigkeiten der Stadt. Verona eignet sich hervorragend, zu Fu\u00df entdeckt zu werden, unser Hotel ist daf\u00fcr optimal gelegen. Das Hotel befindet sich au\u00dferhalb der ZTL-Zone und kann bequem mit dem Auto erreicht werden. Unsere Anlage verf\u00fcgt \u00fcber eine eigene Parkgarage und weitr\u00e4umige Stellpl\u00e4tze, die maximale Sicherheit und Komfort garantieren. Parkpl\u00e4tze m\u00fcssen im Voraus gem\u00e4\u00df Verf\u00fcgbarkeit gebucht werden und kosten 25 Euro pro Tag.<\/p><p><span style=\"color: #bca857\"><strong>Adresse: <\/strong><\/span>Via San Antonio 21 \/ 6, 37122 Verona Italia<\/p><p><span style=\"color: #bca857\"><strong>Telefon:<\/strong><\/span>\u00a0<a href=\"http:\/\/Tel:+390458010885\">+39 0458010885<\/a><\/p><p><strong style=\"letter-spacing: 0.1px\"><span style=\"color: #bca857\">E-mail:<\/span>\u00a0<\/strong><a href=\"mailto:info@hotelmarcopoloverona.it\"><span style=\"letter-spacing: 0.1px\">info@hotelmarcopoloverona.it<\/span><\/a><\/p><\/div>\n\t\t\t\t<\/div>\n\t\t\t\t<\/div>\n\t\t\t\t\t\t<\/div>\n\t\t\t<\/div>\n\t\t<\/div>\n\t\t\t\t<div class=\"elementor-element elementor-element-160635f1 elementor-column elementor-col-50 elementor-inner-column\" data-id=\"160635f1\" data-element_type=\"column\">\n\t\t\t<div class=\"elementor-column-wrap  elementor-element-populated\">\n\t\t\t\t\t<div class=\"elementor-widget-wrap\">\n\t\t\t\t<div class=\"elementor-element elementor-element-42060689 elementor-invisible elementor-widget elementor-widget-google_maps\" data-id=\"42060689\" data-element_type=\"widget\" data-settings=\"{&quot;_animation&quot;:&quot;fadeInDown&quot;}\" data-widget_type=\"google_maps.default\">\n\t\t\t\t<div class=\"elementor-widget-container\">\n\t\t\t<div class=\"elementor-custom-embed\"><iframe frameborder=\"0\" scrolling=\"no\" marginheight=\"0\" marginwidth=\"0\" src=\"https:\/\/maps.google.com\/maps?q=Hotel%20Marco%20Polo%20verona&amp;t=m&amp;z=16&amp;output=embed&amp;iwloc=near\" aria-label=\"Hotel Marco Polo verona\"><\/iframe><\/div>\t\t<\/div>\n\t\t\t\t<\/div>\n\t\t\t\t\t\t<\/div>\n\t\t\t<\/div>\n\t\t<\/div>\n\t\t\t\t\t\t<\/div>\n\t\t\t<\/div>\n\t\t<\/section>\n\t\t\t\t\t\t<\/div>\n\t\t\t<\/div>\n\t\t<\/div>\n\t\t\t\t\t\t<\/div>\n\t\t\t<\/div>\n\t\t<\/section>\n\t\t\t\t<section class=\"elementor-element elementor-element-2d12b3e4 elementor-section-stretched elementor-section-boxed elementor-section-height-default elementor-section-height-default elementor-section elementor-top-section\" data-id=\"2d12b3e4\" data-element_type=\"section\" data-settings=\"{&quot;stretch_section&quot;:&quot;section-stretched&quot;}\">\n\t\t\t\t\t\t<div class=\"elementor-container elementor-column-gap-default\">\n\t\t\t\t<div class=\"elementor-row\">\n\t\t\t\t<div class=\"elementor-element elementor-element-197237bf elementor-column elementor-col-100 elementor-top-column\" data-id=\"197237bf\" data-element_type=\"column\">\n\t\t\t<div class=\"elementor-column-wrap  elementor-element-populated\">\n\t\t\t\t\t<div class=\"elementor-widget-wrap\">\n\t\t\t\t<div class=\"elementor-element elementor-element-67f2be90 elementor-widget elementor-widget-heading\" data-id=\"67f2be90\" data-element_type=\"widget\" data-widget_type=\"heading.default\">\n\t\t\t\t<div class=\"elementor-widget-container\">\n\t\t\t<h2 class=\"elementor-heading-title elementor-size-default\">ANFAHRT<\/h2>\t\t<\/div>\n\t\t\t\t<\/div>\n\t\t\t\t<div class=\"elementor-element elementor-element-259a6021 elementor-widget elementor-widget-accordion\" data-id=\"259a6021\" data-element_type=\"widget\" data-widget_type=\"accordion.default\">\n\t\t\t\t<div class=\"elementor-widget-container\">\n\t\t\t\t\t<div class=\"elementor-accordion\" role=\"tablist\">\n\t\t\t\t\t\t\t<div class=\"elementor-accordion-item\">\n\t\t\t\t\t<div id=\"elementor-tab-title-6301\" class=\"elementor-tab-title\" data-tab=\"1\" role=\"tab\" aria-controls=\"elementor-tab-content-6301\">\n\t\t\t\t\t\t\t\t\t\t\t\t\t<span class=\"elementor-accordion-icon elementor-accordion-icon-left\" aria-hidden=\"true\">\n\t\t\t\t\t\t\t\t\t\t\t\t\t\t\t<i class=\"elementor-accordion-icon-closed fa fa-plus\"><\/i>\n\t\t\t\t\t\t\t\t<i class=\"elementor-accordion-icon-opened fa fa-minus\"><\/i>\n\t\t\t\t\t\t\t\t\t\t\t\t\t\t<\/span>\n\t\t\t\t\t\t\t\t\t\t\t\t<a href=\"\">FLUGZEUG<\/a>\n\t\t\t\t\t<\/div>\n\t\t\t\t\t<div id=\"elementor-tab-content-6301\" class=\"elementor-tab-content elementor-clearfix\" data-tab=\"1\" role=\"tabpanel\" aria-labelledby=\"elementor-tab-title-6301\">Der Flughafen von Verona \u201cValerio Catullo\u201d befindet sich in Villafranca, 20 Minuten (11 km) vom Stadtzentrum entfernt. Alle 20 Minuten f\u00e4hrt ein Shuttlebus (Aerobus) direkt zum Bahnhof Porta Nuova. Von dort aus k\u00f6nnen Sie das Hotel Marco Polo bequem erreichen. Folgen Sie einfach den Anweisungen im Abschnitt \u201eEisenbahn\u201c. Alternativ k\u00f6nnen Sie auch mit dem Taxi fahren (20 Minuten).<\/div>\n\t\t\t\t<\/div>\n\t\t\t\t\t\t\t<div class=\"elementor-accordion-item\">\n\t\t\t\t\t<div id=\"elementor-tab-title-6302\" class=\"elementor-tab-title\" data-tab=\"2\" role=\"tab\" aria-controls=\"elementor-tab-content-6302\">\n\t\t\t\t\t\t\t\t\t\t\t\t\t<span class=\"elementor-accordion-icon elementor-accordion-icon-left\" aria-hidden=\"true\">\n\t\t\t\t\t\t\t\t\t\t\t\t\t\t\t<i class=\"elementor-accordion-icon-closed fa fa-plus\"><\/i>\n\t\t\t\t\t\t\t\t<i class=\"elementor-accordion-icon-opened fa fa-minus\"><\/i>\n\t\t\t\t\t\t\t\t\t\t\t\t\t\t<\/span>\n\t\t\t\t\t\t\t\t\t\t\t\t<a href=\"\">EISENBAHN<\/a>\n\t\t\t\t\t<\/div>\n\t\t\t\t\t<div id=\"elementor-tab-content-6302\" class=\"elementor-tab-content elementor-clearfix\" data-tab=\"2\" role=\"tabpanel\" aria-labelledby=\"elementor-tab-title-6302\"><p>Sobald Sie am Bahnhof Porta Nuova von Verona angekommen sind, k\u00f6nnen Sie das Hotel Marco Polo entweder mit dem Taxi (5 Minuten) oder mit den Bussen Nr. 11, 12 oder 13 erreichen. Die Busse halten ca. 300 Meter vor dem Hotel (10 Minuten Fahrt), die Haltestelle hei\u00dft Via Valverde. Alternativ k\u00f6nnen Sie aus dem Bahnhof herauslaufen, rechts abbiegen und den Radweg entlang gehen. Nach ca. 15 Minuten erreichen Sie die Via San Antonio. Das Hotel befindet sich bei Hausnummer 21.<\/p><\/div>\n\t\t\t\t<\/div>\n\t\t\t\t\t\t\t<div class=\"elementor-accordion-item\">\n\t\t\t\t\t<div id=\"elementor-tab-title-6303\" class=\"elementor-tab-title\" data-tab=\"3\" role=\"tab\" aria-controls=\"elementor-tab-content-6303\">\n\t\t\t\t\t\t\t\t\t\t\t\t\t<span class=\"elementor-accordion-icon elementor-accordion-icon-left\" aria-hidden=\"true\">\n\t\t\t\t\t\t\t\t\t\t\t\t\t\t\t<i class=\"elementor-accordion-icon-closed fa fa-plus\"><\/i>\n\t\t\t\t\t\t\t\t<i class=\"elementor-accordion-icon-opened fa fa-minus\"><\/i>\n\t\t\t\t\t\t\t\t\t\t\t\t\t\t<\/span>\n\t\t\t\t\t\t\t\t\t\t\t\t<a href=\"\">AUTO<\/a>\n\t\t\t\t\t<\/div>\n\t\t\t\t\t<div id=\"elementor-tab-content-6303\" class=\"elementor-tab-content elementor-clearfix\" data-tab=\"3\" role=\"tabpanel\" aria-labelledby=\"elementor-tab-title-6303\">Von der Autobahn A4 aus nehmen Sie die Ausfahrt \u201eVerona Sud\u201d und folgen den Schildern in Richtung Zentrum (Centro). Fahren Sie bis zum Ende des Corso Porta Nuova. An der letzten Ampel, vor den Portoni della Br\u00e0, biegen Sie links ab und 20 Meter danach biegen Sie rechts ab. Das Hotel Marco Polo befindet sich wenige Meter weiter, auf der linken Seite in Via San Antonio 21, 37122 Verona.<\/div>\n\t\t\t\t<\/div>\n\t\t\t\t\t<\/div>\n\t\t\t\t<\/div>\n\t\t\t\t<\/div>\n\t\t\t\t\t\t<\/div>\n\t\t\t<\/div>\n\t\t<\/div>\n\t\t\t\t\t\t<\/div>\n\t\t\t<\/div>\n\t\t<\/section>\n\t\t\t\t\t\t<\/div>\n\t\t\t<\/div>\n\t\t<\/div>\n\t\t","protected":false},"excerpt":{"rendered":"<p>DER BESTE AUSGANGSPUNKT UM VERONA ZU BESICHTIGEN Kontakt Hotel Marco Polo Lage im Zentrum von Verona, nur wenige Schritte von der Arena entfernt und im Auto erreichbar, ohne in die ZTL-Zone einfahren zu m\u00fcssen Das Hotel Marco Polo befindet sich im Herzen des Stadtzentrums von Verona, in der N\u00e4he der Arena (250 Meter) und somit [&hellip;]<\/p>\n","protected":false},"author":1,"featured_media":0,"parent":0,"menu_order":0,"comment_status":"closed","ping_status":"closed","template":"templates\/builder.php","meta":[],"yst_prominent_words":[349,279,350,348,343,328,341,24,68,345,342,346,340,13,344,351,347,339,237,236],"_links":{"self":[{"href":"https:\/\/hotelmarcopoloverona.it\/de\/wp-json\/wp\/v2\/pages\/120"}],"collection":[{"href":"https:\/\/hotelmarcopoloverona.it\/de\/wp-json\/wp\/v2\/pages"}],"about":[{"href":"https:\/\/hotelmarcopoloverona.it\/de\/wp-json\/wp\/v2\/types\/page"}],"author":[{"embeddable":true,"href":"https:\/\/hotelmarcopoloverona.it\/de\/wp-json\/wp\/v2\/users\/1"}],"replies":[{"embeddable":true,"href":"https:\/\/hotelmarcopoloverona.it\/de\/wp-json\/wp\/v2\/comments?post=120"}],"version-history":[{"count":0,"href":"https:\/\/hotelmarcopoloverona.it\/de\/wp-json\/wp\/v2\/pages\/120\/revisions"}],"wp:attachment":[{"href":"https:\/\/hotelmarcopoloverona.it\/de\/wp-json\/wp\/v2\/media?parent=120"}],"wp:term":[{"taxonomy":"yst_prominent_words","embeddable":true,"href":"https:\/\/hotelmarcopoloverona.it\/de\/wp-json\/wp\/v2\/yst_prominent_words?post=120"}],"curies":[{"name":"wp","href":"https:\/\/api.w.org\/{rel}","templated":true}]}}