{"id":243,"date":"2018-01-09T17:12:30","date_gmt":"2018-01-09T16:12:30","guid":{"rendered":"https:\/\/hotelmarcopoloverona.it\/new\/?page_id=243"},"modified":"2021-05-24T11:33:17","modified_gmt":"2021-05-24T09:33:17","slug":"wellness-paket","status":"publish","type":"page","link":"https:\/\/hotelmarcopoloverona.it\/de\/angebote\/wellness-paket\/","title":{"rendered":"Wellness-Paket"},"content":{"rendered":"\t\t<div data-elementor-type=\"wp-post\" data-elementor-id=\"243\" class=\"elementor elementor-243\" data-elementor-settings=\"[]\">\n\t\t\t<div class=\"elementor-inner\">\n\t\t\t\t<div class=\"elementor-section-wrap\">\n\t\t\t\t\t\t\t<section class=\"elementor-element elementor-element-77877bcd elementor-section-boxed elementor-section-height-default elementor-section-height-default elementor-section elementor-top-section\" data-id=\"77877bcd\" data-element_type=\"section\" data-settings=\"{&quot;background_background&quot;:&quot;classic&quot;}\">\n\t\t\t\t\t\t\t<div class=\"elementor-background-overlay\"><\/div>\n\t\t\t\t\t\t\t<div class=\"elementor-container elementor-column-gap-default\">\n\t\t\t\t<div class=\"elementor-row\">\n\t\t\t\t<div class=\"elementor-element elementor-element-621cb61e elementor-column elementor-col-100 elementor-top-column\" data-id=\"621cb61e\" data-element_type=\"column\">\n\t\t\t<div class=\"elementor-column-wrap\">\n\t\t\t\t\t<div class=\"elementor-widget-wrap\">\n\t\t\t\t\t\t<\/div>\n\t\t\t<\/div>\n\t\t<\/div>\n\t\t\t\t\t\t<\/div>\n\t\t\t<\/div>\n\t\t<\/section>\n\t\t\t\t<section class=\"elementor-element elementor-element-ec9d8da elementor-section-boxed elementor-section-height-default elementor-section-height-default elementor-section elementor-top-section\" data-id=\"ec9d8da\" data-element_type=\"section\">\n\t\t\t\t\t\t<div class=\"elementor-container elementor-column-gap-default\">\n\t\t\t\t<div class=\"elementor-row\">\n\t\t\t\t<div class=\"elementor-element elementor-element-6fd72ec2 elementor-column elementor-col-50 elementor-top-column\" data-id=\"6fd72ec2\" data-element_type=\"column\">\n\t\t\t<div class=\"elementor-column-wrap\">\n\t\t\t\t\t<div class=\"elementor-widget-wrap\">\n\t\t\t\t\t\t<\/div>\n\t\t\t<\/div>\n\t\t<\/div>\n\t\t\t\t<div class=\"elementor-element elementor-element-4a7a09c9 elementor-column elementor-col-50 elementor-top-column\" data-id=\"4a7a09c9\" data-element_type=\"column\">\n\t\t\t<div class=\"elementor-column-wrap  elementor-element-populated\">\n\t\t\t\t\t<div class=\"elementor-widget-wrap\">\n\t\t\t\t<div class=\"elementor-element elementor-element-309b628b elementor-widget elementor-widget-heading\" data-id=\"309b628b\" data-element_type=\"widget\" data-widget_type=\"heading.default\">\n\t\t\t\t<div class=\"elementor-widget-container\">\n\t\t\t<h1 class=\"elementor-heading-title elementor-size-default\"><a href=\"\/contatti\/\">WELLNESS-PAKETE<\/a><\/h1>\t\t<\/div>\n\t\t\t\t<\/div>\n\t\t\t\t<div class=\"elementor-element elementor-element-5f7e4b92 elementor-widget elementor-widget-text-editor\" data-id=\"5f7e4b92\" data-element_type=\"widget\" data-widget_type=\"text-editor.default\">\n\t\t\t\t<div class=\"elementor-widget-container\">\n\t\t\t\t\t<div class=\"elementor-text-editor elementor-clearfix\"><p>G\u00f6nnen Sie sich Momente purer Entspannung. Lassen Sie in unserer \u201eParadise SPA\u201c in Verona Ihre Seele baumeln. Nutzen Sie das Wellness-Paket f\u00fcr einen unvergesslichen Aufenthalt. F\u00fcr Sie und Ihre Bed\u00fcrfnisse haben wir ein besonderes Angebot erstellt:<\/p><h2><span style=\"color: #bca857;\">SPA + MASSAGENPAKET<\/span><\/h2><ul><li>Aufenthalt im Superior-Zimmer;<\/li><li>Eintritt ins Wellnesscenter \u201cParadise SPA\u201d (1 Eintritt\u00a0f\u00fcr zwei personen \/ 90 Min.);<\/li><li>Eine Behandlung pro Person und pro Paket (30 min);<\/li><li>Entspannender Kr\u00e4utertee;<\/li><li>Wellness-Set;<\/li><\/ul><h2><span style=\"color: #bca857;\">MASSAGEPAKET<\/span><\/h2><ul><li>Aufenthalt im Superior-Zimmer;<\/li><li>Eine Behandlung pro Person und pro Paket (60 min);<\/li><li>Entspannender Kr\u00e4utertee;<\/li><\/ul><p><strong data-redactor-tag=\"strong\">Der Paketpreis beinhaltet den Zimmerpreis und die oben aufgef\u00fchrten Serviceleistungen. Das SPA ist in dieser Zeit ausschlie\u00dflich in privater Form.<br \/><\/strong><\/p><\/div>\n\t\t\t\t<\/div>\n\t\t\t\t<\/div>\n\t\t\t\t\t\t<\/div>\n\t\t\t<\/div>\n\t\t<\/div>\n\t\t\t\t\t\t<\/div>\n\t\t\t<\/div>\n\t\t<\/section>\n\t\t\t\t<section class=\"elementor-element elementor-element-5d42ea66 elementor-section-boxed elementor-section-height-default elementor-section-height-default elementor-section elementor-top-section\" data-id=\"5d42ea66\" data-element_type=\"section\">\n\t\t\t\t\t\t<div class=\"elementor-container elementor-column-gap-default\">\n\t\t\t\t<div class=\"elementor-row\">\n\t\t\t\t<div class=\"elementor-element elementor-element-5f8c0102 elementor-column elementor-col-100 elementor-top-column\" data-id=\"5f8c0102\" data-element_type=\"column\">\n\t\t\t<div class=\"elementor-column-wrap  elementor-element-populated\">\n\t\t\t\t\t<div class=\"elementor-widget-wrap\">\n\t\t\t\t<div class=\"elementor-element elementor-element-e6c6af1 elementor-widget elementor-widget-image\" data-id=\"e6c6af1\" data-element_type=\"widget\" data-widget_type=\"image.default\">\n\t\t\t\t<div class=\"elementor-widget-container\">\n\t\t\t\t\t<div class=\"elementor-image\">\n\t\t\t\t\t\t\t\t\t\t<img width=\"750\" height=\"446\" src=\"https:\/\/hotelmarcopoloverona.it\/de\/wp-content\/uploads\/sites\/4\/2018\/01\/Pacchetto-Benessere-777x462.jpg\" class=\"attachment-large size-large\" alt=\"\" decoding=\"async\" loading=\"lazy\" srcset=\"https:\/\/hotelmarcopoloverona.it\/de\/wp-content\/uploads\/sites\/4\/2018\/01\/Pacchetto-Benessere-777x462.jpg 777w, https:\/\/hotelmarcopoloverona.it\/de\/wp-content\/uploads\/sites\/4\/2018\/01\/Pacchetto-Benessere-777x462-300x178.jpg 300w, https:\/\/hotelmarcopoloverona.it\/de\/wp-content\/uploads\/sites\/4\/2018\/01\/Pacchetto-Benessere-777x462-768x457.jpg 768w, https:\/\/hotelmarcopoloverona.it\/de\/wp-content\/uploads\/sites\/4\/2018\/01\/Pacchetto-Benessere-777x462-750x446.jpg 750w, https:\/\/hotelmarcopoloverona.it\/de\/wp-content\/uploads\/sites\/4\/2018\/01\/Pacchetto-Benessere-777x462-555x330.jpg 555w\" sizes=\"(max-width: 750px) 100vw, 750px\" \/>\t\t\t\t\t\t\t\t\t\t\t<\/div>\n\t\t\t\t<\/div>\n\t\t\t\t<\/div>\n\t\t\t\t<div class=\"elementor-element elementor-element-8ac6d0c elementor-widget elementor-widget-text-editor\" data-id=\"8ac6d0c\" data-element_type=\"widget\" data-widget_type=\"text-editor.default\">\n\t\t\t\t<div class=\"elementor-widget-container\">\n\t\t\t\t\t<div class=\"elementor-text-editor elementor-clearfix\"><p>Das Wellnesscenter &#8222;<strong>Paradise SPA<\/strong>&#8220; ist t\u00e4glich von <strong>14.30<\/strong> Uhr bis <strong>21.00<\/strong> Uhr ge\u00f6ffnet. Letzter Einlass um 19.30 Uhr. Der Wellness-Parcours dauert ca. <strong>1,5 Std<\/strong>. Das <strong>Wellness-Set<\/strong> beinhaltet: Bademantel, Badetuch, Slipper und Nutzung des Umkleideraums inkl. Schlie\u00dffach. In unserem Wellnesscenter ist das Tragen von Badebekleidung obligatorisch. Einlass ab 15 Jahren.<\/p><\/div>\n\t\t\t\t<\/div>\n\t\t\t\t<\/div>\n\t\t\t\t<div class=\"elementor-element elementor-element-6b60caa elementor-widget elementor-widget-text-editor\" data-id=\"6b60caa\" data-element_type=\"widget\" data-widget_type=\"text-editor.default\">\n\t\t\t\t<div class=\"elementor-widget-container\">\n\t\t\t\t\t<div class=\"elementor-text-editor elementor-clearfix\">Sie ben\u00f6tigen weitere Informationen? Schreiben Sie uns eine E-Mail:\u00a0<a href=\"mailto:info@hotelmarcopoloverona.it\">info@hotelmarcopoloverona.it<\/a> oder rufen Sie uns an: <a href=\"http:\/\/Tel:+390458010885\">+390458010885<\/a><\/div>\n\t\t\t\t<\/div>\n\t\t\t\t<\/div>\n\t\t\t\t<div class=\"elementor-element elementor-element-70391fa7 elementor-widget elementor-widget-image\" data-id=\"70391fa7\" data-element_type=\"widget\" data-widget_type=\"image.default\">\n\t\t\t\t<div class=\"elementor-widget-container\">\n\t\t\t\t\t<div class=\"elementor-image\">\n\t\t\t\t\t\t\t\t\t\t<img width=\"364\" height=\"649\" src=\"https:\/\/hotelmarcopoloverona.it\/de\/wp-content\/uploads\/sites\/4\/2018\/01\/Dettaglio-364x649.jpg\" class=\"attachment-full size-full\" alt=\"\" decoding=\"async\" loading=\"lazy\" srcset=\"https:\/\/hotelmarcopoloverona.it\/de\/wp-content\/uploads\/sites\/4\/2018\/01\/Dettaglio-364x649.jpg 364w, https:\/\/hotelmarcopoloverona.it\/de\/wp-content\/uploads\/sites\/4\/2018\/01\/Dettaglio-364x649-168x300.jpg 168w\" sizes=\"(max-width: 364px) 100vw, 364px\" \/>\t\t\t\t\t\t\t\t\t\t\t<\/div>\n\t\t\t\t<\/div>\n\t\t\t\t<\/div>\n\t\t\t\t\t\t<\/div>\n\t\t\t<\/div>\n\t\t<\/div>\n\t\t\t\t\t\t<\/div>\n\t\t\t<\/div>\n\t\t<\/section>\n\t\t\t\t<section class=\"elementor-element elementor-element-7405d394 elementor-section-content-middle elementor-section-boxed elementor-section-height-default elementor-section-height-default elementor-section elementor-top-section\" data-id=\"7405d394\" data-element_type=\"section\" data-settings=\"{&quot;background_background&quot;:&quot;classic&quot;}\">\n\t\t\t\t\t\t<div class=\"elementor-container elementor-column-gap-default\">\n\t\t\t\t<div class=\"elementor-row\">\n\t\t\t\t<div class=\"elementor-element elementor-element-371a2479 elementor-column elementor-col-100 elementor-top-column\" data-id=\"371a2479\" data-element_type=\"column\">\n\t\t\t<div class=\"elementor-column-wrap  elementor-element-populated\">\n\t\t\t\t\t<div class=\"elementor-widget-wrap\">\n\t\t\t\t<div class=\"elementor-element elementor-element-139df23c elementor-align-center elementor-invisible elementor-widget elementor-widget-button\" data-id=\"139df23c\" data-element_type=\"widget\" data-settings=\"{&quot;_animation&quot;:&quot;zoomIn&quot;}\" data-widget_type=\"button.default\">\n\t\t\t\t<div class=\"elementor-widget-container\">\n\t\t\t\t\t<div class=\"elementor-button-wrapper\">\n\t\t\t<a href=\"https:\/\/book.octorate.com\/octobook\/site\/reservation\/index.xhtml?siteKey=7954fee13c5bfad897ff2740cfbb61fb\" class=\"elementor-button-link elementor-button elementor-size-md\" role=\"button\">\n\t\t\t\t\t\t<span class=\"elementor-button-content-wrapper\">\n\t\t\t\t\t\t<span class=\"elementor-button-text\">BUCHEN<\/span>\n\t\t<\/span>\n\t\t\t\t\t<\/a>\n\t\t<\/div>\n\t\t\t\t<\/div>\n\t\t\t\t<\/div>\n\t\t\t\t\t\t<\/div>\n\t\t\t<\/div>\n\t\t<\/div>\n\t\t\t\t\t\t<\/div>\n\t\t\t<\/div>\n\t\t<\/section>\n\t\t\t\t\t\t<\/div>\n\t\t\t<\/div>\n\t\t<\/div>\n\t\t","protected":false},"excerpt":{"rendered":"<p>WELLNESS-PAKETE G\u00f6nnen Sie sich Momente purer Entspannung. Lassen Sie in unserer \u201eParadise SPA\u201c in Verona Ihre Seele baumeln. Nutzen Sie das Wellness-Paket f\u00fcr einen unvergesslichen Aufenthalt. F\u00fcr Sie und Ihre Bed\u00fcrfnisse haben wir ein besonderes Angebot erstellt: SPA + MASSAGENPAKET Aufenthalt im Superior-Zimmer; Eintritt ins Wellnesscenter \u201cParadise SPA\u201d (1 Eintritt\u00a0f\u00fcr zwei personen \/ 90 Min.); [&hellip;]<\/p>\n","protected":false},"author":1,"featured_media":0,"parent":126,"menu_order":0,"comment_status":"closed","ping_status":"closed","template":"templates\/builder.php","meta":[],"yst_prominent_words":[193,208,138,315,192,20,139,136,326,327,124,137,189,227,23,228],"_links":{"self":[{"href":"https:\/\/hotelmarcopoloverona.it\/de\/wp-json\/wp\/v2\/pages\/243"}],"collection":[{"href":"https:\/\/hotelmarcopoloverona.it\/de\/wp-json\/wp\/v2\/pages"}],"about":[{"href":"https:\/\/hotelmarcopoloverona.it\/de\/wp-json\/wp\/v2\/types\/page"}],"author":[{"embeddable":true,"href":"https:\/\/hotelmarcopoloverona.it\/de\/wp-json\/wp\/v2\/users\/1"}],"replies":[{"embeddable":true,"href":"https:\/\/hotelmarcopoloverona.it\/de\/wp-json\/wp\/v2\/comments?post=243"}],"version-history":[{"count":0,"href":"https:\/\/hotelmarcopoloverona.it\/de\/wp-json\/wp\/v2\/pages\/243\/revisions"}],"up":[{"embeddable":true,"href":"https:\/\/hotelmarcopoloverona.it\/de\/wp-json\/wp\/v2\/pages\/126"}],"wp:attachment":[{"href":"https:\/\/hotelmarcopoloverona.it\/de\/wp-json\/wp\/v2\/media?parent=243"}],"wp:term":[{"taxonomy":"yst_prominent_words","embeddable":true,"href":"https:\/\/hotelmarcopoloverona.it\/de\/wp-json\/wp\/v2\/yst_prominent_words?post=243"}],"curies":[{"name":"wp","href":"https:\/\/api.w.org\/{rel}","templated":true}]}}