{"id":257,"date":"2018-01-09T18:49:44","date_gmt":"2018-01-09T17:49:44","guid":{"rendered":"https:\/\/hotelmarcopoloverona.it\/new\/?page_id=257"},"modified":"2018-02-15T13:08:09","modified_gmt":"2018-02-15T12:08:09","slug":"verona-entdecken","status":"publish","type":"page","link":"https:\/\/hotelmarcopoloverona.it\/de\/verona\/verona-entdecken\/","title":{"rendered":"VERONA ENTDECKEN"},"content":{"rendered":"\t\t<div data-elementor-type=\"wp-post\" data-elementor-id=\"257\" class=\"elementor elementor-257 elementor-bc-flex-widget\" data-elementor-settings=\"[]\">\n\t\t\t<div class=\"elementor-inner\">\n\t\t\t\t<div class=\"elementor-section-wrap\">\n\t\t\t\t\t\t\t<section class=\"elementor-element elementor-element-1aa088a0 elementor-section-boxed elementor-section-height-default elementor-section-height-default elementor-section elementor-top-section\" data-id=\"1aa088a0\" data-element_type=\"section\" data-settings=\"{&quot;background_background&quot;:&quot;classic&quot;}\">\n\t\t\t\t\t\t\t<div class=\"elementor-background-overlay\"><\/div>\n\t\t\t\t\t\t\t<div class=\"elementor-container elementor-column-gap-default\">\n\t\t\t\t<div class=\"elementor-row\">\n\t\t\t\t<div class=\"elementor-element elementor-element-cfe3027 elementor-column elementor-col-100 elementor-top-column\" data-id=\"cfe3027\" data-element_type=\"column\">\n\t\t\t<div class=\"elementor-column-wrap\">\n\t\t\t\t\t<div class=\"elementor-widget-wrap\">\n\t\t\t\t\t\t<\/div>\n\t\t\t<\/div>\n\t\t<\/div>\n\t\t\t\t\t\t<\/div>\n\t\t\t<\/div>\n\t\t<\/section>\n\t\t\t\t<section class=\"elementor-element elementor-element-60413887 elementor-section-boxed elementor-section-height-default elementor-section-height-default elementor-section elementor-top-section\" data-id=\"60413887\" data-element_type=\"section\">\n\t\t\t\t\t\t<div class=\"elementor-container elementor-column-gap-default\">\n\t\t\t\t<div class=\"elementor-row\">\n\t\t\t\t<div class=\"elementor-element elementor-element-506179b7 elementor-column elementor-col-50 elementor-top-column\" data-id=\"506179b7\" data-element_type=\"column\">\n\t\t\t<div class=\"elementor-column-wrap\">\n\t\t\t\t\t<div class=\"elementor-widget-wrap\">\n\t\t\t\t\t\t<\/div>\n\t\t\t<\/div>\n\t\t<\/div>\n\t\t\t\t<div class=\"elementor-element elementor-element-602366c5 elementor-column elementor-col-50 elementor-top-column\" data-id=\"602366c5\" data-element_type=\"column\">\n\t\t\t<div class=\"elementor-column-wrap  elementor-element-populated\">\n\t\t\t\t\t<div class=\"elementor-widget-wrap\">\n\t\t\t\t<div class=\"elementor-element elementor-element-cd3fd21 elementor-widget elementor-widget-heading\" data-id=\"cd3fd21\" data-element_type=\"widget\" data-widget_type=\"heading.default\">\n\t\t\t\t<div class=\"elementor-widget-container\">\n\t\t\t<h1 class=\"elementor-heading-title elementor-size-default\"><a href=\"\/contatti\/\">discover Verona<\/a><\/h1>\t\t<\/div>\n\t\t\t\t<\/div>\n\t\t\t\t<div class=\"elementor-element elementor-element-3f3252b9 elementor-widget elementor-widget-text-editor\" data-id=\"3f3252b9\" data-element_type=\"widget\" data-widget_type=\"text-editor.default\">\n\t\t\t\t<div class=\"elementor-widget-container\">\n\t\t\t\t\t<div class=\"elementor-text-editor elementor-clearfix\"><p>Wie oft waren Sie schon in einer historischen Stadt und haben sich gefragt, was wohl dieses Geb\u00e4ude ist? Wie oft waren Sie schon in einer Stadt und wollten seine Geschichte kennenlernen, ohne dass Sie die Zeit hatten, an einer gef\u00fchrten Tour teilzunehmen? Und dann haben Sie bemerkt, dass so viele Dinge, die Sie gesehen haben unverst\u00e4ndlich geblieben sind?<\/p><p>Wir finden, dass <strong>Verona<\/strong> eine unglaublich sch\u00f6ne Stadt ist und dass es sich hier besonders lohnt, die <strong>historischen<\/strong> und <strong>k\u00fcnstlerischen Sch\u00e4tze<\/strong> kennen und lieben zu lernen. Aus diesem Grund m\u00f6chten wir unseren G\u00e4sten gef\u00fchrte Stadttouren anbieten. Es handelt sich um einzigartige, kulturelle Erfahrungen, bei denen Sie die Sch\u00f6nheiten und Sch\u00e4tze der Stadt der Skaliger entdecken werden. Sie werden Verona zusammen mit professionellen Tourguides erleben, die Ihnen die Stadt von Ihrer faszinierendsten Seite zeigen k\u00f6nnen.<\/p><\/div>\n\t\t\t\t<\/div>\n\t\t\t\t<\/div>\n\t\t\t\t\t\t<\/div>\n\t\t\t<\/div>\n\t\t<\/div>\n\t\t\t\t\t\t<\/div>\n\t\t\t<\/div>\n\t\t<\/section>\n\t\t\t\t<section class=\"elementor-element elementor-element-3a5be357 elementor-section-boxed elementor-section-height-default elementor-section-height-default elementor-section elementor-top-section\" data-id=\"3a5be357\" data-element_type=\"section\">\n\t\t\t\t\t\t<div class=\"elementor-container elementor-column-gap-default\">\n\t\t\t\t<div class=\"elementor-row\">\n\t\t\t\t<div class=\"elementor-element elementor-element-1b71474b elementor-column elementor-col-100 elementor-top-column\" data-id=\"1b71474b\" data-element_type=\"column\">\n\t\t\t<div class=\"elementor-column-wrap  elementor-element-populated\">\n\t\t\t\t\t<div class=\"elementor-widget-wrap\">\n\t\t\t\t<div class=\"elementor-element elementor-element-90c413f elementor-widget elementor-widget-image\" data-id=\"90c413f\" data-element_type=\"widget\" data-widget_type=\"image.default\">\n\t\t\t\t<div class=\"elementor-widget-container\">\n\t\t\t\t\t<div class=\"elementor-image\">\n\t\t\t\t\t\t\t\t\t\t<img width=\"750\" height=\"446\" src=\"https:\/\/hotelmarcopoloverona.it\/de\/wp-content\/uploads\/sites\/4\/2018\/01\/Scopri-Verona-777x462.jpg\" class=\"attachment-large size-large\" alt=\"\" decoding=\"async\" loading=\"lazy\" srcset=\"https:\/\/hotelmarcopoloverona.it\/de\/wp-content\/uploads\/sites\/4\/2018\/01\/Scopri-Verona-777x462.jpg 777w, https:\/\/hotelmarcopoloverona.it\/de\/wp-content\/uploads\/sites\/4\/2018\/01\/Scopri-Verona-777x462-300x178.jpg 300w, https:\/\/hotelmarcopoloverona.it\/de\/wp-content\/uploads\/sites\/4\/2018\/01\/Scopri-Verona-777x462-768x457.jpg 768w, https:\/\/hotelmarcopoloverona.it\/de\/wp-content\/uploads\/sites\/4\/2018\/01\/Scopri-Verona-777x462-750x446.jpg 750w, https:\/\/hotelmarcopoloverona.it\/de\/wp-content\/uploads\/sites\/4\/2018\/01\/Scopri-Verona-777x462-555x330.jpg 555w\" sizes=\"(max-width: 750px) 100vw, 750px\" \/>\t\t\t\t\t\t\t\t\t\t\t<\/div>\n\t\t\t\t<\/div>\n\t\t\t\t<\/div>\n\t\t\t\t<div class=\"elementor-element elementor-element-101b35c4 elementor-widget elementor-widget-text-editor\" data-id=\"101b35c4\" data-element_type=\"widget\" data-widget_type=\"text-editor.default\">\n\t\t\t\t<div class=\"elementor-widget-container\">\n\t\t\t\t\t<div class=\"elementor-text-editor elementor-clearfix\"><p>Die wichtigsten Sehensw\u00fcrdigkeiten sind die <strong>Arena<\/strong>, <strong>Piazza Bra<\/strong>, <strong>Piazza delle Erbe<\/strong>, <strong>Piazza dei Signori<\/strong> mit der <strong>Loggia del Consiglio<\/strong>, die <strong>Skaliger-B\u00f6gen<\/strong>, das Haus und der <strong>Balkon der Julia<\/strong>, das <strong>Castelvecchio-Museum<\/strong>, die wundersch\u00f6nen <strong>Kirchen<\/strong>, die in der ganzen Stadt verteilt sind und <strong>Ponte Pietra<\/strong>. Ihr Tourguide wird Sie zu den wichtigsten Sehensw\u00fcrdigkeiten Ihrer Wahl und Vorliebe f\u00fchren. Sie k\u00f6nnen die Stadtf\u00fchrungen einzeln oder als Gruppe und f\u00fcr 1 oder 2 Stunden buchen. Solch eine geheimnisvolle Stadt sollte wirklich in jeder Hinsicht erforscht werden!<\/p><\/div>\n\t\t\t\t<\/div>\n\t\t\t\t<\/div>\n\t\t\t\t<div class=\"elementor-element elementor-element-77cef54e elementor-widget elementor-widget-text-editor\" data-id=\"77cef54e\" data-element_type=\"widget\" data-widget_type=\"text-editor.default\">\n\t\t\t\t<div class=\"elementor-widget-container\">\n\t\t\t\t\t<div class=\"elementor-text-editor elementor-clearfix\">Sie ben\u00f6tigen weitere Informationen? Schreiben Sie uns eine E-Mail: <a href=\"mailto:info@hotelmarcopoloverona.it\">info@hotelmarcopoloverona.it<\/a> oder rufen Sie uns an: <a href=\"http:\/\/Tel:+390454649275\">+390454649275<\/a><\/div>\n\t\t\t\t<\/div>\n\t\t\t\t<\/div>\n\t\t\t\t<div class=\"elementor-element elementor-element-654f245a elementor-widget elementor-widget-image\" data-id=\"654f245a\" data-element_type=\"widget\" data-widget_type=\"image.default\">\n\t\t\t\t<div class=\"elementor-widget-container\">\n\t\t\t\t\t<div class=\"elementor-image\">\n\t\t\t\t\t\t\t\t\t\t<img width=\"364\" height=\"649\" src=\"https:\/\/hotelmarcopoloverona.it\/de\/wp-content\/uploads\/sites\/4\/2018\/01\/Scopri-Verona-364x649.jpg\" class=\"attachment-full size-full\" alt=\"\" decoding=\"async\" loading=\"lazy\" srcset=\"https:\/\/hotelmarcopoloverona.it\/de\/wp-content\/uploads\/sites\/4\/2018\/01\/Scopri-Verona-364x649.jpg 364w, https:\/\/hotelmarcopoloverona.it\/de\/wp-content\/uploads\/sites\/4\/2018\/01\/Scopri-Verona-364x649-168x300.jpg 168w\" sizes=\"(max-width: 364px) 100vw, 364px\" \/>\t\t\t\t\t\t\t\t\t\t\t<\/div>\n\t\t\t\t<\/div>\n\t\t\t\t<\/div>\n\t\t\t\t\t\t<\/div>\n\t\t\t<\/div>\n\t\t<\/div>\n\t\t\t\t\t\t<\/div>\n\t\t\t<\/div>\n\t\t<\/section>\n\t\t\t\t<section class=\"elementor-element elementor-element-5de660e4 elementor-section-content-middle elementor-section-boxed elementor-section-height-default elementor-section-height-default elementor-section elementor-top-section\" data-id=\"5de660e4\" data-element_type=\"section\" data-settings=\"{&quot;background_background&quot;:&quot;classic&quot;}\">\n\t\t\t\t\t\t<div class=\"elementor-container elementor-column-gap-default\">\n\t\t\t\t<div class=\"elementor-row\">\n\t\t\t\t<div class=\"elementor-element elementor-element-63f569cf elementor-column elementor-col-100 elementor-top-column\" data-id=\"63f569cf\" data-element_type=\"column\">\n\t\t\t<div class=\"elementor-column-wrap  elementor-element-populated\">\n\t\t\t\t\t<div class=\"elementor-widget-wrap\">\n\t\t\t\t<div class=\"elementor-element elementor-element-50fbbdcc elementor-align-center elementor-invisible elementor-widget elementor-widget-button\" data-id=\"50fbbdcc\" data-element_type=\"widget\" data-settings=\"{&quot;_animation&quot;:&quot;zoomIn&quot;}\" data-widget_type=\"button.default\">\n\t\t\t\t<div class=\"elementor-widget-container\">\n\t\t\t\t\t<div class=\"elementor-button-wrapper\">\n\t\t\t<a href=\"\/contatti\/\" class=\"elementor-button-link elementor-button elementor-size-md\" role=\"button\">\n\t\t\t\t\t\t<span class=\"elementor-button-content-wrapper\">\n\t\t\t\t\t\t<span class=\"elementor-button-text\">Verbinden Sie<\/span>\n\t\t<\/span>\n\t\t\t\t\t<\/a>\n\t\t<\/div>\n\t\t\t\t<\/div>\n\t\t\t\t<\/div>\n\t\t\t\t\t\t<\/div>\n\t\t\t<\/div>\n\t\t<\/div>\n\t\t\t\t\t\t<\/div>\n\t\t\t<\/div>\n\t\t<\/section>\n\t\t\t\t\t\t<\/div>\n\t\t\t<\/div>\n\t\t<\/div>\n\t\t","protected":false},"excerpt":{"rendered":"<p>discover Verona Wie oft waren Sie schon in einer historischen Stadt und haben sich gefragt, was wohl dieses Geb\u00e4ude ist? Wie oft waren Sie schon in einer Stadt und wollten seine Geschichte kennenlernen, ohne dass Sie die Zeit hatten, an einer gef\u00fchrten Tour teilzunehmen? Und dann haben Sie bemerkt, dass so viele Dinge, die Sie [&hellip;]<\/p>\n","protected":false},"author":1,"featured_media":0,"parent":153,"menu_order":0,"comment_status":"closed","ping_status":"closed","template":"templates\/builder.php","meta":[],"yst_prominent_words":[178,170,168,176,172,163,175,162,160,157,174,165,159,156,173,164,158,177,171,161],"_links":{"self":[{"href":"https:\/\/hotelmarcopoloverona.it\/de\/wp-json\/wp\/v2\/pages\/257"}],"collection":[{"href":"https:\/\/hotelmarcopoloverona.it\/de\/wp-json\/wp\/v2\/pages"}],"about":[{"href":"https:\/\/hotelmarcopoloverona.it\/de\/wp-json\/wp\/v2\/types\/page"}],"author":[{"embeddable":true,"href":"https:\/\/hotelmarcopoloverona.it\/de\/wp-json\/wp\/v2\/users\/1"}],"replies":[{"embeddable":true,"href":"https:\/\/hotelmarcopoloverona.it\/de\/wp-json\/wp\/v2\/comments?post=257"}],"version-history":[{"count":0,"href":"https:\/\/hotelmarcopoloverona.it\/de\/wp-json\/wp\/v2\/pages\/257\/revisions"}],"up":[{"embeddable":true,"href":"https:\/\/hotelmarcopoloverona.it\/de\/wp-json\/wp\/v2\/pages\/153"}],"wp:attachment":[{"href":"https:\/\/hotelmarcopoloverona.it\/de\/wp-json\/wp\/v2\/media?parent=257"}],"wp:term":[{"taxonomy":"yst_prominent_words","embeddable":true,"href":"https:\/\/hotelmarcopoloverona.it\/de\/wp-json\/wp\/v2\/yst_prominent_words?post=257"}],"curies":[{"name":"wp","href":"https:\/\/api.w.org\/{rel}","templated":true}]}}