{"id":120,"date":"2018-01-04T19:52:38","date_gmt":"2018-01-04T18:52:38","guid":{"rendered":"https:\/\/hotelmarcopoloverona.it\/new\/?page_id=120"},"modified":"2022-08-22T19:17:31","modified_gmt":"2022-08-22T17:17:31","slug":"contacto","status":"publish","type":"page","link":"https:\/\/hotelmarcopoloverona.it\/es\/contacto\/","title":{"rendered":"Contacto"},"content":{"rendered":"\t\t<div data-elementor-type=\"wp-post\" data-elementor-id=\"120\" class=\"elementor elementor-120\" data-elementor-settings=\"[]\">\n\t\t\t<div class=\"elementor-inner\">\n\t\t\t\t<div class=\"elementor-section-wrap\">\n\t\t\t\t\t\t\t<section class=\"elementor-element elementor-element-110bec4e elementor-section-stretched elementor-section-boxed elementor-section-height-default elementor-section-height-default elementor-section elementor-top-section\" data-id=\"110bec4e\" data-element_type=\"section\" data-settings=\"{&quot;stretch_section&quot;:&quot;section-stretched&quot;,&quot;background_background&quot;:&quot;classic&quot;}\">\n\t\t\t\t\t\t<div class=\"elementor-container elementor-column-gap-default\">\n\t\t\t\t<div class=\"elementor-row\">\n\t\t\t\t<div class=\"elementor-element elementor-element-345daf98 elementor-column elementor-col-100 elementor-top-column\" data-id=\"345daf98\" data-element_type=\"column\" data-settings=\"{&quot;background_background&quot;:&quot;classic&quot;}\">\n\t\t\t<div class=\"elementor-column-wrap  elementor-element-populated\">\n\t\t\t\t\t<div class=\"elementor-widget-wrap\">\n\t\t\t\t<div class=\"elementor-element elementor-element-706830f9 elementor-widget elementor-widget-heading\" data-id=\"706830f9\" data-element_type=\"widget\" data-widget_type=\"heading.default\">\n\t\t\t\t<div class=\"elementor-widget-container\">\n\t\t\t<p class=\"elementor-heading-title elementor-size-default\">La mejor ubicaci\u00f3n para visitar verona<\/p>\t\t<\/div>\n\t\t\t\t<\/div>\n\t\t\t\t<div class=\"elementor-element elementor-element-459365cf elementor-widget elementor-widget-divider\" data-id=\"459365cf\" data-element_type=\"widget\" data-widget_type=\"divider.default\">\n\t\t\t\t<div class=\"elementor-widget-container\">\n\t\t\t\t\t<div class=\"elementor-divider\">\n\t\t\t<span class=\"elementor-divider-separator\">\n\t\t\t\t\t\t<\/span>\n\t\t<\/div>\n\t\t\t\t<\/div>\n\t\t\t\t<\/div>\n\t\t\t\t<div class=\"elementor-element elementor-element-178af5a0 elementor-widget elementor-widget-heading\" data-id=\"178af5a0\" data-element_type=\"widget\" data-widget_type=\"heading.default\">\n\t\t\t\t<div class=\"elementor-widget-container\">\n\t\t\t<h2 class=\"elementor-heading-title elementor-size-default\">Cont\u00e1ctanos<\/h2>\t\t<\/div>\n\t\t\t\t<\/div>\n\t\t\t\t<div class=\"elementor-element elementor-element-2b15c550 elementor-button-align-center elementor-tablet-button-align-stretch elementor-mobile-button-align-stretch elementor-widget elementor-widget-form\" data-id=\"2b15c550\" data-element_type=\"widget\" data-widget_type=\"form.default\">\n\t\t\t\t<div class=\"elementor-widget-container\">\n\t\t\t\t\t<form class=\"elementor-form\" method=\"post\" name=\"New Form\">\n\t\t\t<input type=\"hidden\" name=\"post_id\" value=\"120\"\/>\n\t\t\t<input type=\"hidden\" name=\"form_id\" value=\"2b15c550\"\/>\n\n\t\t\t<div class=\"elementor-form-fields-wrapper elementor-labels-above\">\n\t\t\t\t\t\t\t\t<div class=\"elementor-field-type-text elementor-field-group elementor-column elementor-field-group-ls8f5vw elementor-col-33\">\n\t\t\t\t\t<label for=\"form-field-ls8f5vw\" class=\"elementor-field-label\">Nombre<\/label><input size=\"1\" type=\"text\" name=\"form_fields[ls8f5vw]\" id=\"form-field-ls8f5vw\" class=\"elementor-field elementor-size-sm  elementor-field-textual\" placeholder=\"Nombre\">\t\t\t\t<\/div>\n\t\t\t\t\t\t\t\t<div class=\"elementor-field-type-email elementor-field-group elementor-column elementor-field-group-61jgmeg elementor-col-33\">\n\t\t\t\t\t<label for=\"form-field-61jgmeg\" class=\"elementor-field-label\">Email<\/label><input size=\"1\" type=\"email\" name=\"form_fields[61jgmeg]\" id=\"form-field-61jgmeg\" class=\"elementor-field elementor-size-sm  elementor-field-textual\" placeholder=\"Email\">\t\t\t\t<\/div>\n\t\t\t\t\t\t\t\t<div class=\"elementor-field-type-text elementor-field-group elementor-column elementor-field-group-vcfzijy elementor-col-33\">\n\t\t\t\t\t<label for=\"form-field-vcfzijy\" class=\"elementor-field-label\">Tel\u00e9fono<\/label><input size=\"1\" type=\"text\" name=\"form_fields[vcfzijy]\" id=\"form-field-vcfzijy\" class=\"elementor-field elementor-size-sm  elementor-field-textual\" placeholder=\"Tel\u00e9fono\">\t\t\t\t<\/div>\n\t\t\t\t\t\t\t\t<div class=\"elementor-field-type-text elementor-field-group elementor-column elementor-field-group-125shfm elementor-col-100\">\n\t\t\t\t\t<label for=\"form-field-125shfm\" class=\"elementor-field-label\">T\u00edtulo<\/label><input size=\"1\" type=\"text\" name=\"form_fields[125shfm]\" id=\"form-field-125shfm\" class=\"elementor-field elementor-size-sm  elementor-field-textual\" placeholder=\"T\u00edtulo\">\t\t\t\t<\/div>\n\t\t\t\t\t\t\t\t<div class=\"elementor-field-type-textarea elementor-field-group elementor-column elementor-field-group-uvnsnlz elementor-col-100\">\n\t\t\t\t\t<label for=\"form-field-uvnsnlz\" class=\"elementor-field-label\">Mensaje<\/label><textarea class=\"elementor-field-textual elementor-field  elementor-size-sm\" name=\"form_fields[uvnsnlz]\" id=\"form-field-uvnsnlz\" rows=\"4\" placeholder=\"Mensaje\"><\/textarea>\t\t\t\t<\/div>\n\t\t\t\t\t\t\t\t<div class=\"elementor-field-type-acceptance elementor-field-group elementor-column elementor-field-group-field_1 elementor-col-100 elementor-field-required\">\n\t\t\t\t\t<div class=\"elementor-field-subgroup\"><span class=\"elementor-field-option\"><input type=\"checkbox\" name=\"form_fields[field_1]\" id=\"form-field-field_1\" class=\"elementor-field elementor-size-sm  elementor-acceptance-field\" required=\"required\" aria-required=\"true\"> <label for=\"form-field-field_1\">S\u00ed, he le\u00eddo y acepto los t\u00e9rminos y condiciones, as\u00ed como el aviso de privacidad (<a href=\"https:\/\/www.iubenda.com\/privacy-policy\/906718\/cookie-policy\" title=\"Privacy Policy\">Privacy Policy<\/a>)<\/label><\/span><\/div>\t\t\t\t<\/div>\n\t\t\t\t\t\t\t\t<div class=\"elementor-field-group elementor-column elementor-field-type-submit elementor-col-100\">\n\t\t\t\t\t<button type=\"submit\" class=\"elementor-button elementor-size-sm elementor-animation-shrink\">\n\t\t\t\t\t\t<span >\n\t\t\t\t\t\t\t\t\t\t\t\t\t\t\t<span class=\" elementor-button-icon\">\n\t\t\t\t\t\t\t\t\t<i class=\"fa fa-send\" aria-hidden=\"true\"><\/i>\t\t\t\t\t\t\t\t\t\t\t\t\t\t\t\t\t<\/span>\n\t\t\t\t\t\t\t\t\t\t\t\t\t\t\t\t\t\t\t\t\t\t<span class=\"elementor-button-text\">env\u00eda<\/span>\n\t\t\t\t\t\t\t\t\t\t\t\t\t<\/span>\n\t\t\t\t\t<\/button>\n\t\t\t\t<\/div>\n\t\t\t<\/div>\n\t\t<\/form>\n\t\t\t\t<\/div>\n\t\t\t\t<\/div>\n\t\t\t\t<section class=\"elementor-element elementor-element-111b9d27 elementor-section-boxed elementor-section-height-default elementor-section-height-default elementor-section elementor-inner-section\" data-id=\"111b9d27\" data-element_type=\"section\">\n\t\t\t\t\t\t<div class=\"elementor-container elementor-column-gap-default\">\n\t\t\t\t<div class=\"elementor-row\">\n\t\t\t\t<div class=\"elementor-element elementor-element-5ed7aa90 elementor-column elementor-col-50 elementor-inner-column\" data-id=\"5ed7aa90\" data-element_type=\"column\">\n\t\t\t<div class=\"elementor-column-wrap  elementor-element-populated\">\n\t\t\t\t\t<div class=\"elementor-widget-wrap\">\n\t\t\t\t<div class=\"elementor-element elementor-element-7415e7b3 elementor-widget elementor-widget-heading\" data-id=\"7415e7b3\" data-element_type=\"widget\" data-widget_type=\"heading.default\">\n\t\t\t\t<div class=\"elementor-widget-container\">\n\t\t\t<h3 class=\"elementor-heading-title elementor-size-default\">Hotel Marco Polo<\/h3>\t\t<\/div>\n\t\t\t\t<\/div>\n\t\t\t\t<div class=\"elementor-element elementor-element-3dbe652 elementor-widget elementor-widget-heading\" data-id=\"3dbe652\" data-element_type=\"widget\" data-widget_type=\"heading.default\">\n\t\t\t\t<div class=\"elementor-widget-container\">\n\t\t\t<h5 class=\"elementor-heading-title elementor-size-default\">Situado en el centro de Verona, a escasos metros de la Arena y c\u00f3modo para quien viaja en coche, al estar fuera de la ZTL<\/h5>\t\t<\/div>\n\t\t\t\t<\/div>\n\t\t\t\t<div class=\"elementor-element elementor-element-43d40f3a elementor-widget elementor-widget-text-editor\" data-id=\"43d40f3a\" data-element_type=\"widget\" data-widget_type=\"text-editor.default\">\n\t\t\t\t<div class=\"elementor-widget-container\">\n\t\t\t\t\t<div class=\"elementor-text-editor elementor-clearfix\"><div id=\"upfront-region-region-3\" class=\"upfront-output-region upfront-region-region-3 upfront-region-wide upfront-region-center\"><div class=\"upfront-region-wrapper\"><div id=\"wrapper-1507047314342-1369\" class=\"upfront-output-wrapper\"><div id=\"module-1507047279560-1889\" class=\"upfront-output-module c14\"><div id=\"text-object-1507047279559-1606\" class=\"upfront-output-object default upfront-output-plain_text c24 upfront-plain_txt\" data-theme-styles=\"{\"><div class=\"plain-text-container\"><p><span data-verified=\"redactor\" data-redactor-tag=\"span\" data-redactor-style=\"color:rgba(9, 9, 9, 0.73)\">El Hotel Marco Polo se encuentra en pleno\u00a0<strong data-redactor-tag=\"strong\">centro hist\u00f3rico<\/strong>\u00a0de Verona, cerca de la Arena (250 mt) y por lo tanto cerca de todas las principales atracciones de la ciudad. Verona es ideal para\u00a0<strong data-redactor-tag=\"strong\">visitar a pie<\/strong>, por este motivo la ubicaci\u00f3n del Hotel Marco Polo es\u00a0<strong data-redactor-tag=\"strong\">\u00f3ptima. <\/strong>El Hotel se encuentra al externo de la Zona a Tr\u00e1fico Limitado (ZTL) y se puede llegar f\u00e1cilmente en coche.\u00a0 El establecimiento cuenta adem\u00e1s con\u00a0<a title=\"Hotel con parcheggio Verona\" href=\"https:\/\/hotelmarcopoloverona.it\/?p=464\"><strong data-redactor-tag=\"strong\">aparcamiento subterr\u00e1neo privado<\/strong><\/a> y dispone de c\u00f3modos box que garantizan la m\u00e1xima seguridad y comodidad para aparcar vuestro coche.\u00a0 El aparcamiento del hotel est\u00e1 disponible bajo reserva previa al precio de 25 Euros por noche, bajo disponibilidad.<\/span><\/p><\/div><\/div><\/div><\/div><\/div><\/div><p><span style=\"color: #bca857\"><strong>Direcci\u00f3n: <\/strong><\/span>Via Sant&#8217; Antonio 21 \/ 6, 37122 Verona Italia<\/p><p><span style=\"color: #bca857\"><strong>Tel\u00e9fono:<\/strong><\/span>\u00a0<a href=\"http:\/\/Tel:+390458010885\" data-wplink-url-error=\"true\">+39 0458010885<\/a><\/p><p><strong style=\"letter-spacing: 0.1px\"><span style=\"color: #bca857\">Mail:<\/span>\u00a0<\/strong><a href=\"mailto:info@hotelmarcopoloverona.it\"><span style=\"letter-spacing: 0.1px\">info@hotelmarcopoloverona.it<\/span><\/a><\/p><\/div>\n\t\t\t\t<\/div>\n\t\t\t\t<\/div>\n\t\t\t\t\t\t<\/div>\n\t\t\t<\/div>\n\t\t<\/div>\n\t\t\t\t<div class=\"elementor-element elementor-element-160635f1 elementor-column elementor-col-50 elementor-inner-column\" data-id=\"160635f1\" data-element_type=\"column\">\n\t\t\t<div class=\"elementor-column-wrap  elementor-element-populated\">\n\t\t\t\t\t<div class=\"elementor-widget-wrap\">\n\t\t\t\t<div class=\"elementor-element elementor-element-42060689 elementor-invisible elementor-widget elementor-widget-google_maps\" data-id=\"42060689\" data-element_type=\"widget\" data-settings=\"{&quot;_animation&quot;:&quot;fadeInDown&quot;}\" data-widget_type=\"google_maps.default\">\n\t\t\t\t<div class=\"elementor-widget-container\">\n\t\t\t<div class=\"elementor-custom-embed\"><iframe frameborder=\"0\" scrolling=\"no\" marginheight=\"0\" marginwidth=\"0\" src=\"https:\/\/maps.google.com\/maps?q=Hotel%20Marco%20Polo%20verona&amp;t=m&amp;z=16&amp;output=embed&amp;iwloc=near\" aria-label=\"Hotel Marco Polo verona\"><\/iframe><\/div>\t\t<\/div>\n\t\t\t\t<\/div>\n\t\t\t\t\t\t<\/div>\n\t\t\t<\/div>\n\t\t<\/div>\n\t\t\t\t\t\t<\/div>\n\t\t\t<\/div>\n\t\t<\/section>\n\t\t\t\t\t\t<\/div>\n\t\t\t<\/div>\n\t\t<\/div>\n\t\t\t\t\t\t<\/div>\n\t\t\t<\/div>\n\t\t<\/section>\n\t\t\t\t<section class=\"elementor-element elementor-element-2d12b3e4 elementor-section-stretched elementor-section-boxed elementor-section-height-default elementor-section-height-default elementor-section elementor-top-section\" data-id=\"2d12b3e4\" data-element_type=\"section\" data-settings=\"{&quot;stretch_section&quot;:&quot;section-stretched&quot;}\">\n\t\t\t\t\t\t<div class=\"elementor-container elementor-column-gap-default\">\n\t\t\t\t<div class=\"elementor-row\">\n\t\t\t\t<div class=\"elementor-element elementor-element-197237bf elementor-column elementor-col-100 elementor-top-column\" data-id=\"197237bf\" data-element_type=\"column\">\n\t\t\t<div class=\"elementor-column-wrap  elementor-element-populated\">\n\t\t\t\t\t<div class=\"elementor-widget-wrap\">\n\t\t\t\t<div class=\"elementor-element elementor-element-67f2be90 elementor-widget elementor-widget-heading\" data-id=\"67f2be90\" data-element_type=\"widget\" data-widget_type=\"heading.default\">\n\t\t\t\t<div class=\"elementor-widget-container\">\n\t\t\t<h2 class=\"elementor-heading-title elementor-size-default\">c\u00f3mo llegar<\/h2>\t\t<\/div>\n\t\t\t\t<\/div>\n\t\t\t\t<div class=\"elementor-element elementor-element-259a6021 elementor-widget elementor-widget-accordion\" data-id=\"259a6021\" data-element_type=\"widget\" data-widget_type=\"accordion.default\">\n\t\t\t\t<div class=\"elementor-widget-container\">\n\t\t\t\t\t<div class=\"elementor-accordion\" role=\"tablist\">\n\t\t\t\t\t\t\t<div class=\"elementor-accordion-item\">\n\t\t\t\t\t<div id=\"elementor-tab-title-6301\" class=\"elementor-tab-title\" data-tab=\"1\" role=\"tab\" aria-controls=\"elementor-tab-content-6301\">\n\t\t\t\t\t\t\t\t\t\t\t\t\t<span class=\"elementor-accordion-icon elementor-accordion-icon-left\" aria-hidden=\"true\">\n\t\t\t\t\t\t\t\t\t\t\t\t\t\t\t<i class=\"elementor-accordion-icon-closed fa fa-plus\"><\/i>\n\t\t\t\t\t\t\t\t<i class=\"elementor-accordion-icon-opened fa fa-minus\"><\/i>\n\t\t\t\t\t\t\t\t\t\t\t\t\t\t<\/span>\n\t\t\t\t\t\t\t\t\t\t\t\t<a href=\"\">AVI\u00d3N<\/a>\n\t\t\t\t\t<\/div>\n\t\t\t\t\t<div id=\"elementor-tab-content-6301\" class=\"elementor-tab-content elementor-clearfix\" data-tab=\"1\" role=\"tabpanel\" aria-labelledby=\"elementor-tab-title-6301\"><article><p>El aeropuerto de Verona \u201cValerio Catullo\u201d se encuentra en Villafranca, a veinte minutos del centro de la ciudad (11 km). Cada 20 minutos sale del aeropuerto el Aerobus, directo a la estaci\u00f3n de trenes de Porta Nuova, dese donde podr\u00e9is llegar al Hotel Marco Polo siguiendo las indicaciones del apartado \u2018En tren\u2019.<\/p><p>Como alternativa, con el servicio de taxi podr\u00e9is llegar al hotel en menos de 20 minutos.<\/p><\/article><\/div>\n\t\t\t\t<\/div>\n\t\t\t\t\t\t\t<div class=\"elementor-accordion-item\">\n\t\t\t\t\t<div id=\"elementor-tab-title-6302\" class=\"elementor-tab-title\" data-tab=\"2\" role=\"tab\" aria-controls=\"elementor-tab-content-6302\">\n\t\t\t\t\t\t\t\t\t\t\t\t\t<span class=\"elementor-accordion-icon elementor-accordion-icon-left\" aria-hidden=\"true\">\n\t\t\t\t\t\t\t\t\t\t\t\t\t\t\t<i class=\"elementor-accordion-icon-closed fa fa-plus\"><\/i>\n\t\t\t\t\t\t\t\t<i class=\"elementor-accordion-icon-opened fa fa-minus\"><\/i>\n\t\t\t\t\t\t\t\t\t\t\t\t\t\t<\/span>\n\t\t\t\t\t\t\t\t\t\t\t\t<a href=\"\">TREN<\/a>\n\t\t\t\t\t<\/div>\n\t\t\t\t\t<div id=\"elementor-tab-content-6302\" class=\"elementor-tab-content elementor-clearfix\" data-tab=\"2\" role=\"tabpanel\" aria-labelledby=\"elementor-tab-title-6302\"><p>Una vez que lleg\u00e9is a la estaci\u00f3n de trenes de Verona Porta Nuova, para llegar al Hotel Marco Polo pod\u00e9is coger un taxi (5 minutos) o el autob\u00fas 13, que se para a menos de 300 metros del establecimiento (10 minuti).<\/p><p>Como alternativa, una vez que salg\u00e1is de la estaci\u00f3n, girad a la derecha y recorred el carril bici; en aproximadamente un cuarto de hora estar\u00e9is en los alrededores del Hotel y de Via Sant&#8217; Antonio. El Hotel Marco Polo se encuentra en el n\u00famero 21.<\/p><\/div>\n\t\t\t\t<\/div>\n\t\t\t\t\t\t\t<div class=\"elementor-accordion-item\">\n\t\t\t\t\t<div id=\"elementor-tab-title-6303\" class=\"elementor-tab-title\" data-tab=\"3\" role=\"tab\" aria-controls=\"elementor-tab-content-6303\">\n\t\t\t\t\t\t\t\t\t\t\t\t\t<span class=\"elementor-accordion-icon elementor-accordion-icon-left\" aria-hidden=\"true\">\n\t\t\t\t\t\t\t\t\t\t\t\t\t\t\t<i class=\"elementor-accordion-icon-closed fa fa-plus\"><\/i>\n\t\t\t\t\t\t\t\t<i class=\"elementor-accordion-icon-opened fa fa-minus\"><\/i>\n\t\t\t\t\t\t\t\t\t\t\t\t\t\t<\/span>\n\t\t\t\t\t\t\t\t\t\t\t\t<a href=\"\">COCHE<\/a>\n\t\t\t\t\t<\/div>\n\t\t\t\t\t<div id=\"elementor-tab-content-6303\" class=\"elementor-tab-content elementor-clearfix\" data-tab=\"3\" role=\"tabpanel\" aria-labelledby=\"elementor-tab-title-6303\"><p>Desde la Autostrada A4, tomad la salida Verona Sud y seguid las indicaciones hacia el centro. Deb\u00e9is avanzar hasta el final de Corso Porta Nuova. En el \u00faltimo sem\u00e1foro, antes de las puertas de Piazza Br\u00e0, deber\u00e9is girar a la izquierda y 20 metros m\u00e1s adelante, girar a la derecha. El Hotel Marco Polo se encuentra a pocos metros, en la parte izquierda de la calle Via Sant&#8217; Antonio, 21, 37122 Verona.<\/p><\/div>\n\t\t\t\t<\/div>\n\t\t\t\t\t<\/div>\n\t\t\t\t<\/div>\n\t\t\t\t<\/div>\n\t\t\t\t\t\t<\/div>\n\t\t\t<\/div>\n\t\t<\/div>\n\t\t\t\t\t\t<\/div>\n\t\t\t<\/div>\n\t\t<\/section>\n\t\t\t\t\t\t<\/div>\n\t\t\t<\/div>\n\t\t<\/div>\n\t\t","protected":false},"excerpt":{"rendered":"<p>La mejor ubicaci\u00f3n para visitar verona Cont\u00e1ctanos Hotel Marco Polo Situado en el centro de Verona, a escasos metros de la Arena y c\u00f3modo para quien viaja en coche, al estar fuera de la ZTL El Hotel Marco Polo se encuentra en pleno\u00a0centro hist\u00f3rico\u00a0de Verona, cerca de la Arena (250 mt) y por lo tanto [&hellip;]<\/p>\n","protected":false},"author":1,"featured_media":0,"parent":0,"menu_order":0,"comment_status":"closed","ping_status":"closed","template":"templates\/builder.php","meta":[],"yst_prominent_words":[390,323,315,287,279,289,391,384,24,54,389,387,383,13,388,393,392,394,386,385],"_links":{"self":[{"href":"https:\/\/hotelmarcopoloverona.it\/es\/wp-json\/wp\/v2\/pages\/120"}],"collection":[{"href":"https:\/\/hotelmarcopoloverona.it\/es\/wp-json\/wp\/v2\/pages"}],"about":[{"href":"https:\/\/hotelmarcopoloverona.it\/es\/wp-json\/wp\/v2\/types\/page"}],"author":[{"embeddable":true,"href":"https:\/\/hotelmarcopoloverona.it\/es\/wp-json\/wp\/v2\/users\/1"}],"replies":[{"embeddable":true,"href":"https:\/\/hotelmarcopoloverona.it\/es\/wp-json\/wp\/v2\/comments?post=120"}],"version-history":[{"count":0,"href":"https:\/\/hotelmarcopoloverona.it\/es\/wp-json\/wp\/v2\/pages\/120\/revisions"}],"wp:attachment":[{"href":"https:\/\/hotelmarcopoloverona.it\/es\/wp-json\/wp\/v2\/media?parent=120"}],"wp:term":[{"taxonomy":"yst_prominent_words","embeddable":true,"href":"https:\/\/hotelmarcopoloverona.it\/es\/wp-json\/wp\/v2\/yst_prominent_words?post=120"}],"curies":[{"name":"wp","href":"https:\/\/api.w.org\/{rel}","templated":true}]}}