{"id":1936,"date":"2019-03-08T16:22:02","date_gmt":"2019-03-08T15:22:02","guid":{"rendered":"https:\/\/hotelmarcopoloverona.it\/es\/?page_id=1936"},"modified":"2025-11-17T14:13:17","modified_gmt":"2025-11-17T13:13:17","slug":"reserva-con-antelacion","status":"publish","type":"page","link":"https:\/\/hotelmarcopoloverona.it\/es\/ofertas\/reserva-con-antelacion\/","title":{"rendered":"Descuento reserva con antelaci\u00f3n"},"content":{"rendered":"\t\t<div data-elementor-type=\"wp-post\" data-elementor-id=\"1936\" class=\"elementor elementor-1936\" data-elementor-settings=\"[]\">\n\t\t\t<div class=\"elementor-inner\">\n\t\t\t\t<div class=\"elementor-section-wrap\">\n\t\t\t\t\t\t\t<section class=\"elementor-element elementor-element-41663e9d elementor-section-stretched elementor-section-boxed elementor-section-height-default elementor-section-height-default elementor-section elementor-top-section\" data-id=\"41663e9d\" data-element_type=\"section\" data-settings=\"{&quot;background_background&quot;:&quot;classic&quot;,&quot;stretch_section&quot;:&quot;section-stretched&quot;}\">\n\t\t\t\t\t\t\t<div class=\"elementor-background-overlay\"><\/div>\n\t\t\t\t\t\t\t<div class=\"elementor-container elementor-column-gap-default\">\n\t\t\t\t<div class=\"elementor-row\">\n\t\t\t\t<div class=\"elementor-element elementor-element-3ca5d1e7 elementor-column elementor-col-100 elementor-top-column\" data-id=\"3ca5d1e7\" data-element_type=\"column\">\n\t\t\t<div class=\"elementor-column-wrap\">\n\t\t\t\t\t<div class=\"elementor-widget-wrap\">\n\t\t\t\t\t\t<\/div>\n\t\t\t<\/div>\n\t\t<\/div>\n\t\t\t\t\t\t<\/div>\n\t\t\t<\/div>\n\t\t<\/section>\n\t\t\t\t<section class=\"elementor-element elementor-element-4491aa9 elementor-section-stretched elementor-section-boxed elementor-section-height-default elementor-section-height-default elementor-section elementor-top-section\" data-id=\"4491aa9\" data-element_type=\"section\" data-settings=\"{&quot;stretch_section&quot;:&quot;section-stretched&quot;}\">\n\t\t\t\t\t\t<div class=\"elementor-container elementor-column-gap-default\">\n\t\t\t\t<div class=\"elementor-row\">\n\t\t\t\t<div class=\"elementor-element elementor-element-41710b5c elementor-column elementor-col-50 elementor-top-column\" data-id=\"41710b5c\" data-element_type=\"column\">\n\t\t\t<div class=\"elementor-column-wrap\">\n\t\t\t\t\t<div class=\"elementor-widget-wrap\">\n\t\t\t\t\t\t<\/div>\n\t\t\t<\/div>\n\t\t<\/div>\n\t\t\t\t<div class=\"elementor-element elementor-element-2136528f elementor-column elementor-col-50 elementor-top-column\" data-id=\"2136528f\" data-element_type=\"column\">\n\t\t\t<div class=\"elementor-column-wrap  elementor-element-populated\">\n\t\t\t\t\t<div class=\"elementor-widget-wrap\">\n\t\t\t\t<div class=\"elementor-element elementor-element-3c5c28a4 elementor-widget elementor-widget-heading\" data-id=\"3c5c28a4\" data-element_type=\"widget\" data-widget_type=\"heading.default\">\n\t\t\t\t<div class=\"elementor-widget-container\">\n\t\t\t<h1 class=\"elementor-heading-title elementor-size-default\"><a href=\"\/contatti\/\">Descuento reserva con antelaci\u00f3n<\/a><\/h1>\t\t<\/div>\n\t\t\t\t<\/div>\n\t\t\t\t<div class=\"elementor-element elementor-element-18602004 elementor-widget elementor-widget-text-editor\" data-id=\"18602004\" data-element_type=\"widget\" data-widget_type=\"text-editor.default\">\n\t\t\t\t<div class=\"elementor-widget-container\">\n\t\t\t\t\t<div class=\"elementor-text-editor elementor-clearfix\"><p>Descubre la oferta \u201cDescuento reserva con antelaci\u00f3n\u201d con la que podr\u00e1s obtener hasta un 15% de descuento reservando tu estancia con una cierta antelaci\u00f3n. La oferta ideal que premia a quien reserva con tiempo. C\u00f3mo te premiamos? Pues obviamente, haci\u00e9ndote ahorrar. Reserva ahora tu estancia en el Hotel Marco Polo Verona, podr\u00e1s disfrutar de esta oferta solo reservando desde nuestra p\u00e1gina web, obteniendo as\u00ed la mejor tarifa de todas.<\/p><ul><li>\u200b\u200bDescuento 5% &#8211; Reserva con 30-90 d\u00edas de antelaci\u00f3n;<\/li><li>Descuento 10% &#8211; Reserva con 90-150 d\u00edas de antelaci\u00f3n;<\/li><li>Descuento 15% &#8211; Reserva con 150-180 d\u00edas de antelaci\u00f3n;<\/li><\/ul><p><strong data-redactor-tag=\"strong\">La oferta es v\u00e1lida solo para la \u201cTarifa No Reembolsable\u201d, che prev\u00e9 el pago inmediato del importe total con tarjeta de cr\u00e9dito. En caso de cancelaci\u00f3n, no ser\u00e1 posible recibir ning\u00fan reembolso. Haga clic en el bot\u00f3n de libro y seleccione las fechas del calendario.\u00a0<\/strong><\/p><\/div>\n\t\t\t\t<\/div>\n\t\t\t\t<\/div>\n\t\t\t\t\t\t<\/div>\n\t\t\t<\/div>\n\t\t<\/div>\n\t\t\t\t\t\t<\/div>\n\t\t\t<\/div>\n\t\t<\/section>\n\t\t\t\t<section class=\"elementor-element elementor-element-26a01dbe elementor-section-stretched elementor-section-boxed elementor-section-height-default elementor-section-height-default elementor-section elementor-top-section\" data-id=\"26a01dbe\" data-element_type=\"section\" data-settings=\"{&quot;stretch_section&quot;:&quot;section-stretched&quot;}\">\n\t\t\t\t\t\t<div class=\"elementor-container elementor-column-gap-default\">\n\t\t\t\t<div class=\"elementor-row\">\n\t\t\t\t<div class=\"elementor-element elementor-element-3256a35 elementor-column elementor-col-100 elementor-top-column\" data-id=\"3256a35\" data-element_type=\"column\">\n\t\t\t<div class=\"elementor-column-wrap  elementor-element-populated\">\n\t\t\t\t\t<div class=\"elementor-widget-wrap\">\n\t\t\t\t<div class=\"elementor-element elementor-element-6e100a19 elementor-widget elementor-widget-image\" data-id=\"6e100a19\" data-element_type=\"widget\" data-widget_type=\"image.default\">\n\t\t\t\t<div class=\"elementor-widget-container\">\n\t\t\t\t\t<div class=\"elementor-image\">\n\t\t\t\t\t\t\t\t\t\t<img width=\"750\" height=\"500\" src=\"https:\/\/hotelmarcopoloverona.it\/es\/wp-content\/uploads\/sites\/5\/2018\/11\/Hall-Marco-Polo-1024x683.jpg\" class=\"attachment-large size-large\" alt=\"\" decoding=\"async\" loading=\"lazy\" srcset=\"https:\/\/hotelmarcopoloverona.it\/es\/wp-content\/uploads\/sites\/5\/2018\/11\/Hall-Marco-Polo-1024x683.jpg 1024w, https:\/\/hotelmarcopoloverona.it\/es\/wp-content\/uploads\/sites\/5\/2018\/11\/Hall-Marco-Polo-300x200.jpg 300w, https:\/\/hotelmarcopoloverona.it\/es\/wp-content\/uploads\/sites\/5\/2018\/11\/Hall-Marco-Polo-768x512.jpg 768w, https:\/\/hotelmarcopoloverona.it\/es\/wp-content\/uploads\/sites\/5\/2018\/11\/Hall-Marco-Polo-750x500.jpg 750w, https:\/\/hotelmarcopoloverona.it\/es\/wp-content\/uploads\/sites\/5\/2018\/11\/Hall-Marco-Polo-555x370.jpg 555w, https:\/\/hotelmarcopoloverona.it\/es\/wp-content\/uploads\/sites\/5\/2018\/11\/Hall-Marco-Polo.jpg 1920w\" sizes=\"(max-width: 750px) 100vw, 750px\" \/>\t\t\t\t\t\t\t\t\t\t\t<\/div>\n\t\t\t\t<\/div>\n\t\t\t\t<\/div>\n\t\t\t\t<div class=\"elementor-element elementor-element-6e61274 elementor-widget elementor-widget-text-editor\" data-id=\"6e61274\" data-element_type=\"widget\" data-widget_type=\"text-editor.default\">\n\t\t\t\t<div class=\"elementor-widget-container\">\n\t\t\t\t\t<div class=\"elementor-text-editor elementor-clearfix\">Para obtener m\u00e1s informaci\u00f3n, cont\u00e1ctanos a trav\u00e9s del correo electr\u00f3nico: <a href=\"mailto:info@hotelmarcopoloverona.it\">info@hotelmarcopoloverona.it<\/a>o llamando al n\u00famero de tel\u00e9fono: <a href=\"http:\/\/Tel:+390458010885\">+390458010885<\/a>\n<\/div>\n\t\t\t\t<\/div>\n\t\t\t\t<\/div>\n\t\t\t\t<div class=\"elementor-element elementor-element-6ee840b9 elementor-widget elementor-widget-image\" data-id=\"6ee840b9\" data-element_type=\"widget\" data-widget_type=\"image.default\">\n\t\t\t\t<div class=\"elementor-widget-container\">\n\t\t\t\t\t<div class=\"elementor-image\">\n\t\t\t\t\t\t\t\t\t\t<img width=\"364\" height=\"649\" src=\"https:\/\/hotelmarcopoloverona.it\/es\/wp-content\/uploads\/sites\/5\/2019\/03\/Camera-standard-Marco-Polo-364x649.jpg\" class=\"attachment-andros_slide size-andros_slide\" alt=\"\" decoding=\"async\" loading=\"lazy\" srcset=\"https:\/\/hotelmarcopoloverona.it\/es\/wp-content\/uploads\/sites\/5\/2019\/03\/Camera-standard-Marco-Polo-364x649.jpg 364w, https:\/\/hotelmarcopoloverona.it\/es\/wp-content\/uploads\/sites\/5\/2019\/03\/Camera-standard-Marco-Polo-364x649-168x300.jpg 168w\" sizes=\"(max-width: 364px) 100vw, 364px\" \/>\t\t\t\t\t\t\t\t\t\t\t<\/div>\n\t\t\t\t<\/div>\n\t\t\t\t<\/div>\n\t\t\t\t\t\t<\/div>\n\t\t\t<\/div>\n\t\t<\/div>\n\t\t\t\t\t\t<\/div>\n\t\t\t<\/div>\n\t\t<\/section>\n\t\t\t\t<section class=\"elementor-element elementor-element-3ed6b5a2 elementor-section-content-middle elementor-section-stretched elementor-section-boxed elementor-section-height-default elementor-section-height-default elementor-section elementor-top-section\" data-id=\"3ed6b5a2\" data-element_type=\"section\" data-settings=\"{&quot;background_background&quot;:&quot;classic&quot;,&quot;stretch_section&quot;:&quot;section-stretched&quot;}\">\n\t\t\t\t\t\t<div class=\"elementor-container elementor-column-gap-default\">\n\t\t\t\t<div class=\"elementor-row\">\n\t\t\t\t<div class=\"elementor-element elementor-element-147af239 elementor-column elementor-col-100 elementor-top-column\" data-id=\"147af239\" data-element_type=\"column\">\n\t\t\t<div class=\"elementor-column-wrap  elementor-element-populated\">\n\t\t\t\t\t<div class=\"elementor-widget-wrap\">\n\t\t\t\t<div class=\"elementor-element elementor-element-7497a3ea elementor-align-center elementor-invisible elementor-widget elementor-widget-button\" data-id=\"7497a3ea\" data-element_type=\"widget\" data-settings=\"{&quot;_animation&quot;:&quot;zoomIn&quot;}\" data-widget_type=\"button.default\">\n\t\t\t\t<div class=\"elementor-widget-container\">\n\t\t\t\t\t<div class=\"elementor-button-wrapper\">\n\t\t\t<a href=\"https:\/\/book.octorate.com\/octobook\/site\/reservation\/index.xhtml?siteKey=7954fee13c5bfad897ff2740cfbb61fb\" class=\"elementor-button-link elementor-button elementor-size-md\" role=\"button\">\n\t\t\t\t\t\t<span class=\"elementor-button-content-wrapper\">\n\t\t\t\t\t\t<span class=\"elementor-button-text\">Reserva<\/span>\n\t\t<\/span>\n\t\t\t\t\t<\/a>\n\t\t<\/div>\n\t\t\t\t<\/div>\n\t\t\t\t<\/div>\n\t\t\t\t\t\t<\/div>\n\t\t\t<\/div>\n\t\t<\/div>\n\t\t\t\t\t\t<\/div>\n\t\t\t<\/div>\n\t\t<\/section>\n\t\t\t\t\t\t<\/div>\n\t\t\t<\/div>\n\t\t<\/div>\n\t\t","protected":false},"excerpt":{"rendered":"<p>Descuento reserva con antelaci\u00f3n Descubre la oferta \u201cDescuento reserva con antelaci\u00f3n\u201d con la que podr\u00e1s obtener hasta un 15% de descuento reservando tu estancia con una cierta antelaci\u00f3n. La oferta ideal que premia a quien reserva con tiempo. C\u00f3mo te premiamos? Pues obviamente, haci\u00e9ndote ahorrar. Reserva ahora tu estancia en el Hotel Marco Polo Verona, [&hellip;]<\/p>\n","protected":false},"author":1,"featured_media":0,"parent":126,"menu_order":0,"comment_status":"closed","ping_status":"closed","template":"templates\/builder.php","meta":[],"yst_prominent_words":[488,483,307,479,456,481,477,484,478,476,407,382,289,487,459,486,485,482,480,489],"_links":{"self":[{"href":"https:\/\/hotelmarcopoloverona.it\/es\/wp-json\/wp\/v2\/pages\/1936"}],"collection":[{"href":"https:\/\/hotelmarcopoloverona.it\/es\/wp-json\/wp\/v2\/pages"}],"about":[{"href":"https:\/\/hotelmarcopoloverona.it\/es\/wp-json\/wp\/v2\/types\/page"}],"author":[{"embeddable":true,"href":"https:\/\/hotelmarcopoloverona.it\/es\/wp-json\/wp\/v2\/users\/1"}],"replies":[{"embeddable":true,"href":"https:\/\/hotelmarcopoloverona.it\/es\/wp-json\/wp\/v2\/comments?post=1936"}],"version-history":[{"count":2,"href":"https:\/\/hotelmarcopoloverona.it\/es\/wp-json\/wp\/v2\/pages\/1936\/revisions"}],"predecessor-version":[{"id":1984,"href":"https:\/\/hotelmarcopoloverona.it\/es\/wp-json\/wp\/v2\/pages\/1936\/revisions\/1984"}],"up":[{"embeddable":true,"href":"https:\/\/hotelmarcopoloverona.it\/es\/wp-json\/wp\/v2\/pages\/126"}],"wp:attachment":[{"href":"https:\/\/hotelmarcopoloverona.it\/es\/wp-json\/wp\/v2\/media?parent=1936"}],"wp:term":[{"taxonomy":"yst_prominent_words","embeddable":true,"href":"https:\/\/hotelmarcopoloverona.it\/es\/wp-json\/wp\/v2\/yst_prominent_words?post=1936"}],"curies":[{"name":"wp","href":"https:\/\/api.w.org\/{rel}","templated":true}]}}