{"id":231,"date":"2018-01-09T14:49:10","date_gmt":"2018-01-09T13:49:10","guid":{"rendered":"https:\/\/hotelmarcopoloverona.it\/new\/?page_id=231"},"modified":"2021-05-19T10:42:10","modified_gmt":"2021-05-19T08:42:10","slug":"paquete-romantico","status":"publish","type":"page","link":"https:\/\/hotelmarcopoloverona.it\/es\/ofertas\/paquete-romantico\/","title":{"rendered":"Paquete Rom\u00e1ntico"},"content":{"rendered":"\t\t<div data-elementor-type=\"wp-post\" data-elementor-id=\"231\" class=\"elementor elementor-231\" data-elementor-settings=\"[]\">\n\t\t\t<div class=\"elementor-inner\">\n\t\t\t\t<div class=\"elementor-section-wrap\">\n\t\t\t\t\t\t\t<section class=\"elementor-element elementor-element-3e4a7995 elementor-section-boxed elementor-section-height-default elementor-section-height-default elementor-section elementor-top-section\" data-id=\"3e4a7995\" data-element_type=\"section\" data-settings=\"{&quot;background_background&quot;:&quot;classic&quot;}\">\n\t\t\t\t\t\t\t<div class=\"elementor-background-overlay\"><\/div>\n\t\t\t\t\t\t\t<div class=\"elementor-container elementor-column-gap-default\">\n\t\t\t\t<div class=\"elementor-row\">\n\t\t\t\t<div class=\"elementor-element elementor-element-59a2efa elementor-column elementor-col-100 elementor-top-column\" data-id=\"59a2efa\" data-element_type=\"column\">\n\t\t\t<div class=\"elementor-column-wrap\">\n\t\t\t\t\t<div class=\"elementor-widget-wrap\">\n\t\t\t\t\t\t<\/div>\n\t\t\t<\/div>\n\t\t<\/div>\n\t\t\t\t\t\t<\/div>\n\t\t\t<\/div>\n\t\t<\/section>\n\t\t\t\t<section class=\"elementor-element elementor-element-7e47e6c9 elementor-section-boxed elementor-section-height-default elementor-section-height-default elementor-section elementor-top-section\" data-id=\"7e47e6c9\" data-element_type=\"section\">\n\t\t\t\t\t\t<div class=\"elementor-container elementor-column-gap-default\">\n\t\t\t\t<div class=\"elementor-row\">\n\t\t\t\t<div class=\"elementor-element elementor-element-47dc62d2 elementor-column elementor-col-50 elementor-top-column\" data-id=\"47dc62d2\" data-element_type=\"column\">\n\t\t\t<div class=\"elementor-column-wrap\">\n\t\t\t\t\t<div class=\"elementor-widget-wrap\">\n\t\t\t\t\t\t<\/div>\n\t\t\t<\/div>\n\t\t<\/div>\n\t\t\t\t<div class=\"elementor-element elementor-element-65823949 elementor-column elementor-col-50 elementor-top-column\" data-id=\"65823949\" data-element_type=\"column\">\n\t\t\t<div class=\"elementor-column-wrap  elementor-element-populated\">\n\t\t\t\t\t<div class=\"elementor-widget-wrap\">\n\t\t\t\t<div class=\"elementor-element elementor-element-248286d3 elementor-widget elementor-widget-heading\" data-id=\"248286d3\" data-element_type=\"widget\" data-widget_type=\"heading.default\">\n\t\t\t\t<div class=\"elementor-widget-container\">\n\t\t\t<h1 class=\"elementor-heading-title elementor-size-default\">Paquete Rom\u00e1ntico<\/h1>\t\t<\/div>\n\t\t\t\t<\/div>\n\t\t\t\t<div class=\"elementor-element elementor-element-1dfaaeeb elementor-widget elementor-widget-text-editor\" data-id=\"1dfaaeeb\" data-element_type=\"widget\" data-widget_type=\"text-editor.default\">\n\t\t\t\t<div class=\"elementor-widget-container\">\n\t\t\t\t\t<div class=\"elementor-text-editor elementor-clearfix\"><p>El Paquete Rom\u00e1ntico perfecto para ti! Ded\u00edcate un momento o una escapada rom\u00e1ntica a Verona, reg\u00e1late a ti y a tu pareja unos d\u00edas de amor en esta bell\u00edsima ciudad. Hemos pensado a una oferta especial que incluye:<\/p><ul><li>Estancia en una habitaci\u00f3n Superior;<\/li><li>Masaje en pareja 60&#8242;;<\/li><li>Ramo de rosas en la habitaci\u00f3n;<\/li><li>Botella de vino espumante;<\/li><\/ul><p>Para obtener m\u00e1s informaci\u00f3n, cont\u00e1ctanos a trav\u00e9s del correo electr\u00f3nico: <a href=\"mailto:info@hotelmarcopoloverona.it\">info@hotelmarcopoloverona.it<\/a> o llamando al n\u00famero de tel\u00e9fono: <a href=\"tel:+390458010885\">+390458010885<\/a><\/p><\/div>\n\t\t\t\t<\/div>\n\t\t\t\t<\/div>\n\t\t\t\t\t\t<\/div>\n\t\t\t<\/div>\n\t\t<\/div>\n\t\t\t\t\t\t<\/div>\n\t\t\t<\/div>\n\t\t<\/section>\n\t\t\t\t<section class=\"elementor-element elementor-element-51d42946 elementor-section-boxed elementor-section-height-default elementor-section-height-default elementor-section elementor-top-section\" data-id=\"51d42946\" data-element_type=\"section\">\n\t\t\t\t\t\t<div class=\"elementor-container elementor-column-gap-default\">\n\t\t\t\t<div class=\"elementor-row\">\n\t\t\t\t<div class=\"elementor-element elementor-element-436cee59 elementor-column elementor-col-100 elementor-top-column\" data-id=\"436cee59\" data-element_type=\"column\">\n\t\t\t<div class=\"elementor-column-wrap  elementor-element-populated\">\n\t\t\t\t\t<div class=\"elementor-widget-wrap\">\n\t\t\t\t<div class=\"elementor-element elementor-element-12b255e9 elementor-widget elementor-widget-image\" data-id=\"12b255e9\" data-element_type=\"widget\" data-widget_type=\"image.default\">\n\t\t\t\t<div class=\"elementor-widget-container\">\n\t\t\t\t\t<div class=\"elementor-image\">\n\t\t\t\t\t\t\t\t\t\t<img width=\"750\" height=\"446\" src=\"https:\/\/hotelmarcopoloverona.it\/es\/wp-content\/uploads\/sites\/5\/2018\/01\/Camera-Romantica-777x462.jpg\" class=\"attachment-large size-large\" alt=\"\" decoding=\"async\" loading=\"lazy\" srcset=\"https:\/\/hotelmarcopoloverona.it\/es\/wp-content\/uploads\/sites\/5\/2018\/01\/Camera-Romantica-777x462.jpg 777w, https:\/\/hotelmarcopoloverona.it\/es\/wp-content\/uploads\/sites\/5\/2018\/01\/Camera-Romantica-777x462-300x178.jpg 300w, https:\/\/hotelmarcopoloverona.it\/es\/wp-content\/uploads\/sites\/5\/2018\/01\/Camera-Romantica-777x462-768x457.jpg 768w, https:\/\/hotelmarcopoloverona.it\/es\/wp-content\/uploads\/sites\/5\/2018\/01\/Camera-Romantica-777x462-750x446.jpg 750w, https:\/\/hotelmarcopoloverona.it\/es\/wp-content\/uploads\/sites\/5\/2018\/01\/Camera-Romantica-777x462-555x330.jpg 555w\" sizes=\"(max-width: 750px) 100vw, 750px\" \/>\t\t\t\t\t\t\t\t\t\t\t<\/div>\n\t\t\t\t<\/div>\n\t\t\t\t<\/div>\n\t\t\t\t<div class=\"elementor-element elementor-element-5ed033dc elementor-widget elementor-widget-image\" data-id=\"5ed033dc\" data-element_type=\"widget\" data-widget_type=\"image.default\">\n\t\t\t\t<div class=\"elementor-widget-container\">\n\t\t\t\t\t<div class=\"elementor-image\">\n\t\t\t\t\t\t\t\t\t\t<img width=\"364\" height=\"649\" src=\"https:\/\/hotelmarcopoloverona.it\/es\/wp-content\/uploads\/sites\/5\/2018\/01\/Dettaglio-364x649.jpg\" class=\"attachment-full size-full\" alt=\"\" decoding=\"async\" loading=\"lazy\" srcset=\"https:\/\/hotelmarcopoloverona.it\/es\/wp-content\/uploads\/sites\/5\/2018\/01\/Dettaglio-364x649.jpg 364w, https:\/\/hotelmarcopoloverona.it\/es\/wp-content\/uploads\/sites\/5\/2018\/01\/Dettaglio-364x649-168x300.jpg 168w\" sizes=\"(max-width: 364px) 100vw, 364px\" \/>\t\t\t\t\t\t\t\t\t\t\t<\/div>\n\t\t\t\t<\/div>\n\t\t\t\t<\/div>\n\t\t\t\t\t\t<\/div>\n\t\t\t<\/div>\n\t\t<\/div>\n\t\t\t\t\t\t<\/div>\n\t\t\t<\/div>\n\t\t<\/section>\n\t\t\t\t<section class=\"elementor-element elementor-element-26f0ef5f elementor-section-content-middle elementor-section-boxed elementor-section-height-default elementor-section-height-default elementor-section elementor-top-section\" data-id=\"26f0ef5f\" data-element_type=\"section\" data-settings=\"{&quot;background_background&quot;:&quot;classic&quot;}\">\n\t\t\t\t\t\t<div class=\"elementor-container elementor-column-gap-default\">\n\t\t\t\t<div class=\"elementor-row\">\n\t\t\t\t<div class=\"elementor-element elementor-element-47e8c6c0 elementor-column elementor-col-100 elementor-top-column\" data-id=\"47e8c6c0\" data-element_type=\"column\">\n\t\t\t<div class=\"elementor-column-wrap  elementor-element-populated\">\n\t\t\t\t\t<div class=\"elementor-widget-wrap\">\n\t\t\t\t<div class=\"elementor-element elementor-element-b38b4c4 elementor-align-center elementor-invisible elementor-widget elementor-widget-button\" data-id=\"b38b4c4\" data-element_type=\"widget\" data-settings=\"{&quot;_animation&quot;:&quot;zoomIn&quot;}\" data-widget_type=\"button.default\">\n\t\t\t\t<div class=\"elementor-widget-container\">\n\t\t\t\t\t<div class=\"elementor-button-wrapper\">\n\t\t\t<a href=\"https:\/\/book.octorate.com\/octobook\/site\/reservation\/index.xhtml?siteKey=7954fee13c5bfad897ff2740cfbb61fb\" class=\"elementor-button-link elementor-button elementor-size-md\" role=\"button\">\n\t\t\t\t\t\t<span class=\"elementor-button-content-wrapper\">\n\t\t\t\t\t\t<span class=\"elementor-button-text\">Reserva<\/span>\n\t\t<\/span>\n\t\t\t\t\t<\/a>\n\t\t<\/div>\n\t\t\t\t<\/div>\n\t\t\t\t<\/div>\n\t\t\t\t\t\t<\/div>\n\t\t\t<\/div>\n\t\t<\/div>\n\t\t\t\t\t\t<\/div>\n\t\t\t<\/div>\n\t\t<\/section>\n\t\t\t\t\t\t<\/div>\n\t\t\t<\/div>\n\t\t<\/div>\n\t\t","protected":false},"excerpt":{"rendered":"<p>Paquete Rom\u00e1ntico El Paquete Rom\u00e1ntico perfecto para ti! Ded\u00edcate un momento o una escapada rom\u00e1ntica a Verona, reg\u00e1late a ti y a tu pareja unos d\u00edas de amor en esta bell\u00edsima ciudad. Hemos pensado a una oferta especial que incluye: Estancia en una habitaci\u00f3n Superior; Masaje en pareja 60&#8242;; Ramo de rosas en la habitaci\u00f3n; [&hellip;]<\/p>\n","protected":false},"author":1,"featured_media":0,"parent":126,"menu_order":0,"comment_status":"closed","ping_status":"closed","template":"templates\/builder.php","meta":[],"yst_prominent_words":[400,307,382,399,396,395,398,397],"_links":{"self":[{"href":"https:\/\/hotelmarcopoloverona.it\/es\/wp-json\/wp\/v2\/pages\/231"}],"collection":[{"href":"https:\/\/hotelmarcopoloverona.it\/es\/wp-json\/wp\/v2\/pages"}],"about":[{"href":"https:\/\/hotelmarcopoloverona.it\/es\/wp-json\/wp\/v2\/types\/page"}],"author":[{"embeddable":true,"href":"https:\/\/hotelmarcopoloverona.it\/es\/wp-json\/wp\/v2\/users\/1"}],"replies":[{"embeddable":true,"href":"https:\/\/hotelmarcopoloverona.it\/es\/wp-json\/wp\/v2\/comments?post=231"}],"version-history":[{"count":0,"href":"https:\/\/hotelmarcopoloverona.it\/es\/wp-json\/wp\/v2\/pages\/231\/revisions"}],"up":[{"embeddable":true,"href":"https:\/\/hotelmarcopoloverona.it\/es\/wp-json\/wp\/v2\/pages\/126"}],"wp:attachment":[{"href":"https:\/\/hotelmarcopoloverona.it\/es\/wp-json\/wp\/v2\/media?parent=231"}],"wp:term":[{"taxonomy":"yst_prominent_words","embeddable":true,"href":"https:\/\/hotelmarcopoloverona.it\/es\/wp-json\/wp\/v2\/yst_prominent_words?post=231"}],"curies":[{"name":"wp","href":"https:\/\/api.w.org\/{rel}","templated":true}]}}