{"id":253,"date":"2018-01-09T18:35:03","date_gmt":"2018-01-09T17:35:03","guid":{"rendered":"https:\/\/hotelmarcopoloverona.it\/new\/?page_id=253"},"modified":"2018-11-16T16:20:29","modified_gmt":"2018-11-16T15:20:29","slug":"paquete-fin-de-ano","status":"publish","type":"page","link":"https:\/\/hotelmarcopoloverona.it\/es\/ofertas\/paquete-fin-de-ano\/","title":{"rendered":"Paquete fin de a\u00f1o"},"content":{"rendered":"\t\t<div data-elementor-type=\"wp-post\" data-elementor-id=\"253\" class=\"elementor elementor-253 elementor-bc-flex-widget\" data-elementor-settings=\"[]\">\n\t\t\t<div class=\"elementor-inner\">\n\t\t\t\t<div class=\"elementor-section-wrap\">\n\t\t\t\t\t\t\t<section class=\"elementor-element elementor-element-383265dd elementor-section-boxed elementor-section-height-default elementor-section-height-default elementor-section elementor-top-section\" data-id=\"383265dd\" data-element_type=\"section\" data-settings=\"{&quot;background_background&quot;:&quot;classic&quot;}\">\n\t\t\t\t\t\t\t<div class=\"elementor-background-overlay\"><\/div>\n\t\t\t\t\t\t\t<div class=\"elementor-container elementor-column-gap-default\">\n\t\t\t\t<div class=\"elementor-row\">\n\t\t\t\t<div class=\"elementor-element elementor-element-5727cb59 elementor-column elementor-col-100 elementor-top-column\" data-id=\"5727cb59\" data-element_type=\"column\">\n\t\t\t<div class=\"elementor-column-wrap\">\n\t\t\t\t\t<div class=\"elementor-widget-wrap\">\n\t\t\t\t\t\t<\/div>\n\t\t\t<\/div>\n\t\t<\/div>\n\t\t\t\t\t\t<\/div>\n\t\t\t<\/div>\n\t\t<\/section>\n\t\t\t\t<section class=\"elementor-element elementor-element-41c9a30e elementor-section-boxed elementor-section-height-default elementor-section-height-default elementor-section elementor-top-section\" data-id=\"41c9a30e\" data-element_type=\"section\">\n\t\t\t\t\t\t<div class=\"elementor-container elementor-column-gap-default\">\n\t\t\t\t<div class=\"elementor-row\">\n\t\t\t\t<div class=\"elementor-element elementor-element-537cc9ac elementor-column elementor-col-50 elementor-top-column\" data-id=\"537cc9ac\" data-element_type=\"column\">\n\t\t\t<div class=\"elementor-column-wrap\">\n\t\t\t\t\t<div class=\"elementor-widget-wrap\">\n\t\t\t\t\t\t<\/div>\n\t\t\t<\/div>\n\t\t<\/div>\n\t\t\t\t<div class=\"elementor-element elementor-element-5a0008f6 elementor-column elementor-col-50 elementor-top-column\" data-id=\"5a0008f6\" data-element_type=\"column\">\n\t\t\t<div class=\"elementor-column-wrap  elementor-element-populated\">\n\t\t\t\t\t<div class=\"elementor-widget-wrap\">\n\t\t\t\t<div class=\"elementor-element elementor-element-629a75dc elementor-widget elementor-widget-heading\" data-id=\"629a75dc\" data-element_type=\"widget\" data-widget_type=\"heading.default\">\n\t\t\t\t<div class=\"elementor-widget-container\">\n\t\t\t<h1 class=\"elementor-heading-title elementor-size-default\"><a href=\"\/contatti\/\">Paquete Fin de a\u00f1o<\/a><\/h1>\t\t<\/div>\n\t\t\t\t<\/div>\n\t\t\t\t<div class=\"elementor-element elementor-element-21f44543 elementor-widget elementor-widget-text-editor\" data-id=\"21f44543\" data-element_type=\"widget\" data-widget_type=\"text-editor.default\">\n\t\t\t\t<div class=\"elementor-widget-container\">\n\t\t\t\t\t<div class=\"elementor-text-editor elementor-clearfix\"><p>Reg\u00e1late un fin de a\u00f1o inolvidable en Verona en el Hotel Marco Polo. Aprovecha la oportunidad de pasar el \u00faltimo d\u00eda del a\u00f1o en una de las ciudades m\u00e1s bellas de Italia. Verona es una ciudad sin tiempo, afascinante y rica de historia. El Hotel Marco Polo para esta ocasi\u00f3n ha pensado en vuestra relajaci\u00f3n y bienestar, proponiendo un paquete muy conveniente e interesante.<\/p><ul><li>\u200b\u200bEstancia de al menos dos noches en Habitaci\u00f3n Superior;<\/li><li>Aperitivo de bienvenida;<\/li><li>Entrada al centro Paradise SPA (90&#8242; min);<\/li><li>Un tratamiento por persona por paquete a elegir (55&#8242;);<\/li><li>Infusi\u00f3n conclusiva;<\/li><li>Kit Bienestar;<\/li><li>Dos entradas para la exposici\u00f3n \u00abPresepi dal Mondo\u00bb (\u00abPesebres del mundo\u00bb) en la Arena;<\/li><li>Dulce t\u00edpico de Verona;<\/li><li>Botella de vino espumante;<\/li><li>Peque\u00f1o regalo sorpresa;<\/li><li>Brunch del 1 de Enero;<\/li><li>Late check-out;<\/li><\/ul><p><strong data-redactor-tag=\"strong\">El precio del paquete incluye la tarifa de la habitaci\u00f3n y todos los servicios descritos anteriormente.\u00a0<\/strong><\/p><\/div>\n\t\t\t\t<\/div>\n\t\t\t\t<\/div>\n\t\t\t\t\t\t<\/div>\n\t\t\t<\/div>\n\t\t<\/div>\n\t\t\t\t\t\t<\/div>\n\t\t\t<\/div>\n\t\t<\/section>\n\t\t\t\t<section class=\"elementor-element elementor-element-7935f419 elementor-section-boxed elementor-section-height-default elementor-section-height-default elementor-section elementor-top-section\" data-id=\"7935f419\" data-element_type=\"section\">\n\t\t\t\t\t\t<div class=\"elementor-container elementor-column-gap-default\">\n\t\t\t\t<div class=\"elementor-row\">\n\t\t\t\t<div class=\"elementor-element elementor-element-d60ba6 elementor-column elementor-col-100 elementor-top-column\" data-id=\"d60ba6\" data-element_type=\"column\">\n\t\t\t<div class=\"elementor-column-wrap  elementor-element-populated\">\n\t\t\t\t\t<div class=\"elementor-widget-wrap\">\n\t\t\t\t<div class=\"elementor-element elementor-element-5e9bac16 elementor-widget elementor-widget-image\" data-id=\"5e9bac16\" data-element_type=\"widget\" data-widget_type=\"image.default\">\n\t\t\t\t<div class=\"elementor-widget-container\">\n\t\t\t\t\t<div class=\"elementor-image\">\n\t\t\t\t\t\t\t\t\t\t<img width=\"750\" height=\"446\" src=\"https:\/\/hotelmarcopoloverona.it\/es\/wp-content\/uploads\/sites\/5\/2018\/01\/Pacchetto-Capodanno-777x462.jpg\" class=\"attachment-large size-large\" alt=\"\" decoding=\"async\" loading=\"lazy\" srcset=\"https:\/\/hotelmarcopoloverona.it\/es\/wp-content\/uploads\/sites\/5\/2018\/01\/Pacchetto-Capodanno-777x462.jpg 777w, https:\/\/hotelmarcopoloverona.it\/es\/wp-content\/uploads\/sites\/5\/2018\/01\/Pacchetto-Capodanno-777x462-300x178.jpg 300w, https:\/\/hotelmarcopoloverona.it\/es\/wp-content\/uploads\/sites\/5\/2018\/01\/Pacchetto-Capodanno-777x462-768x457.jpg 768w, https:\/\/hotelmarcopoloverona.it\/es\/wp-content\/uploads\/sites\/5\/2018\/01\/Pacchetto-Capodanno-777x462-750x446.jpg 750w, https:\/\/hotelmarcopoloverona.it\/es\/wp-content\/uploads\/sites\/5\/2018\/01\/Pacchetto-Capodanno-777x462-555x330.jpg 555w\" sizes=\"(max-width: 750px) 100vw, 750px\" \/>\t\t\t\t\t\t\t\t\t\t\t<\/div>\n\t\t\t\t<\/div>\n\t\t\t\t<\/div>\n\t\t\t\t<div class=\"elementor-element elementor-element-5470dbda elementor-widget elementor-widget-text-editor\" data-id=\"5470dbda\" data-element_type=\"widget\" data-widget_type=\"text-editor.default\">\n\t\t\t\t<div class=\"elementor-widget-container\">\n\t\t\t\t\t<div class=\"elementor-text-editor elementor-clearfix\"><p>\u00bfYa hab\u00e9is pensado qu\u00e9 hacer por <b>Fin de A\u00f1o<\/b>? Si pens\u00e1is en\u00a0<b>Verona<\/b> como pr\u00f3ximo destino para pasar el <strong>\u00faltimo d\u00eda del a\u00f1o\u00a0<\/strong>regal\u00e1os una estancia en el <b>Hotel Marco Polo <\/b>y descubrid nuestras\u00a0<b>ofertas<\/b>. Para vosotros hemos pensado en algo muy especial.<\/p><\/div>\n\t\t\t\t<\/div>\n\t\t\t\t<\/div>\n\t\t\t\t<div class=\"elementor-element elementor-element-4946d7a elementor-widget elementor-widget-text-editor\" data-id=\"4946d7a\" data-element_type=\"widget\" data-widget_type=\"text-editor.default\">\n\t\t\t\t<div class=\"elementor-widget-container\">\n\t\t\t\t\t<div class=\"elementor-text-editor elementor-clearfix\"><p>El centro \u00ab<strong>Paradise SPA<\/strong>\u00bb est\u00e1 abierto todos los d\u00edas de\u00a0<strong>14<\/strong><strong>.30<\/strong> a<strong>\u00a021.00,<\/strong> con \u00faltima entrada a las\u00a0<strong>19.30<\/strong>. La duraci\u00f3n del circuito es de\u00a0<strong>1h 30 minuti<\/strong>. El <strong>kit bienestar<\/strong>\u00a0comprende: albornoz, toalla, chanclas y uso de los vestuarios, que cuentan con taquillas con llave. El uso del ba\u00f1ador es obligatorio. Prohibido el acceso a menores de 15 a\u00f1os.<\/p><\/div>\n\t\t\t\t<\/div>\n\t\t\t\t<\/div>\n\t\t\t\t<div class=\"elementor-element elementor-element-2d498192 elementor-widget elementor-widget-text-editor\" data-id=\"2d498192\" data-element_type=\"widget\" data-widget_type=\"text-editor.default\">\n\t\t\t\t<div class=\"elementor-widget-container\">\n\t\t\t\t\t<div class=\"elementor-text-editor elementor-clearfix\"><p>Para recibir m\u00e1s informaci\u00f3n, cont\u00e1ctanos a trav\u00e9s del correo electr\u00f3nico: <a href=\"mailto:info@hotelmarcopoloverona.it\">info@hotelmarcopoloverona.it<\/a> o llamando al n\u00famero de tel\u00e9fono: <a href=\"http:\/\/Tel:+39045801088\" data-wplink-url-error=\"true\">+39045801088<\/a><\/p><\/div>\n\t\t\t\t<\/div>\n\t\t\t\t<\/div>\n\t\t\t\t<div class=\"elementor-element elementor-element-190e9269 elementor-widget elementor-widget-image\" data-id=\"190e9269\" data-element_type=\"widget\" data-widget_type=\"image.default\">\n\t\t\t\t<div class=\"elementor-widget-container\">\n\t\t\t\t\t<div class=\"elementor-image\">\n\t\t\t\t\t\t\t\t\t\t<img width=\"364\" height=\"649\" src=\"https:\/\/hotelmarcopoloverona.it\/es\/wp-content\/uploads\/sites\/5\/2018\/01\/Pacchetto-Capodanno-364x649.jpg\" class=\"attachment-full size-full\" alt=\"\" decoding=\"async\" loading=\"lazy\" srcset=\"https:\/\/hotelmarcopoloverona.it\/es\/wp-content\/uploads\/sites\/5\/2018\/01\/Pacchetto-Capodanno-364x649.jpg 364w, https:\/\/hotelmarcopoloverona.it\/es\/wp-content\/uploads\/sites\/5\/2018\/01\/Pacchetto-Capodanno-364x649-168x300.jpg 168w\" sizes=\"(max-width: 364px) 100vw, 364px\" \/>\t\t\t\t\t\t\t\t\t\t\t<\/div>\n\t\t\t\t<\/div>\n\t\t\t\t<\/div>\n\t\t\t\t\t\t<\/div>\n\t\t\t<\/div>\n\t\t<\/div>\n\t\t\t\t\t\t<\/div>\n\t\t\t<\/div>\n\t\t<\/section>\n\t\t\t\t<section class=\"elementor-element elementor-element-1b288e71 elementor-section-content-middle elementor-section-boxed elementor-section-height-default elementor-section-height-default elementor-section elementor-top-section\" data-id=\"1b288e71\" data-element_type=\"section\" data-settings=\"{&quot;background_background&quot;:&quot;classic&quot;}\">\n\t\t\t\t\t\t<div class=\"elementor-container elementor-column-gap-default\">\n\t\t\t\t<div class=\"elementor-row\">\n\t\t\t\t<div class=\"elementor-element elementor-element-108dc272 elementor-column elementor-col-100 elementor-top-column\" data-id=\"108dc272\" data-element_type=\"column\">\n\t\t\t<div class=\"elementor-column-wrap  elementor-element-populated\">\n\t\t\t\t\t<div class=\"elementor-widget-wrap\">\n\t\t\t\t<div class=\"elementor-element elementor-element-513e1584 elementor-align-center elementor-invisible elementor-widget elementor-widget-button\" data-id=\"513e1584\" data-element_type=\"widget\" data-settings=\"{&quot;_animation&quot;:&quot;zoomIn&quot;}\" data-widget_type=\"button.default\">\n\t\t\t\t<div class=\"elementor-widget-container\">\n\t\t\t\t\t<div class=\"elementor-button-wrapper\">\n\t\t\t<a href=\"https:\/\/booking.hotelmarcopoloverona.it\/book\/offer\/details?rate=9581&amp;layout=2725&amp;lang=es&amp;currency=EUR&amp;nsid=f13c0e7b-fd45-485f-bab5-70506f39e0f6\" class=\"elementor-button-link elementor-button elementor-size-md\" role=\"button\">\n\t\t\t\t\t\t<span class=\"elementor-button-content-wrapper\">\n\t\t\t\t\t\t<span class=\"elementor-button-text\">Reserva<\/span>\n\t\t<\/span>\n\t\t\t\t\t<\/a>\n\t\t<\/div>\n\t\t\t\t<\/div>\n\t\t\t\t<\/div>\n\t\t\t\t\t\t<\/div>\n\t\t\t<\/div>\n\t\t<\/div>\n\t\t\t\t\t\t<\/div>\n\t\t\t<\/div>\n\t\t<\/section>\n\t\t\t\t\t\t<\/div>\n\t\t\t<\/div>\n\t\t<\/div>\n\t\t","protected":false},"excerpt":{"rendered":"<p>Paquete Fin de a\u00f1o Reg\u00e1late un fin de a\u00f1o inolvidable en Verona en el Hotel Marco Polo. Aprovecha la oportunidad de pasar el \u00faltimo d\u00eda del a\u00f1o en una de las ciudades m\u00e1s bellas de Italia. Verona es una ciudad sin tiempo, afascinante y rica de historia. El Hotel Marco Polo para esta ocasi\u00f3n ha [&hellip;]<\/p>\n","protected":false},"author":1,"featured_media":254,"parent":126,"menu_order":0,"comment_status":"closed","ping_status":"closed","template":"templates\/builder.php","meta":[],"yst_prominent_words":[401,470,471,315,287,279,468,463,290,283,280,469,465,24,54,404,13,467,464,466],"_links":{"self":[{"href":"https:\/\/hotelmarcopoloverona.it\/es\/wp-json\/wp\/v2\/pages\/253"}],"collection":[{"href":"https:\/\/hotelmarcopoloverona.it\/es\/wp-json\/wp\/v2\/pages"}],"about":[{"href":"https:\/\/hotelmarcopoloverona.it\/es\/wp-json\/wp\/v2\/types\/page"}],"author":[{"embeddable":true,"href":"https:\/\/hotelmarcopoloverona.it\/es\/wp-json\/wp\/v2\/users\/1"}],"replies":[{"embeddable":true,"href":"https:\/\/hotelmarcopoloverona.it\/es\/wp-json\/wp\/v2\/comments?post=253"}],"version-history":[{"count":0,"href":"https:\/\/hotelmarcopoloverona.it\/es\/wp-json\/wp\/v2\/pages\/253\/revisions"}],"up":[{"embeddable":true,"href":"https:\/\/hotelmarcopoloverona.it\/es\/wp-json\/wp\/v2\/pages\/126"}],"wp:featuredmedia":[{"embeddable":true,"href":"https:\/\/hotelmarcopoloverona.it\/es\/wp-json\/wp\/v2\/media\/254"}],"wp:attachment":[{"href":"https:\/\/hotelmarcopoloverona.it\/es\/wp-json\/wp\/v2\/media?parent=253"}],"wp:term":[{"taxonomy":"yst_prominent_words","embeddable":true,"href":"https:\/\/hotelmarcopoloverona.it\/es\/wp-json\/wp\/v2\/yst_prominent_words?post=253"}],"curies":[{"name":"wp","href":"https:\/\/api.w.org\/{rel}","templated":true}]}}