{"id":257,"date":"2018-01-09T18:49:44","date_gmt":"2018-01-09T17:49:44","guid":{"rendered":"https:\/\/hotelmarcopoloverona.it\/new\/?page_id=257"},"modified":"2018-02-15T12:45:55","modified_gmt":"2018-02-15T11:45:55","slug":"descubre-verona","status":"publish","type":"page","link":"https:\/\/hotelmarcopoloverona.it\/es\/verona\/descubre-verona\/","title":{"rendered":"Descubre Verona"},"content":{"rendered":"\t\t<div data-elementor-type=\"wp-post\" data-elementor-id=\"257\" class=\"elementor elementor-257 elementor-bc-flex-widget\" data-elementor-settings=\"[]\">\n\t\t\t<div class=\"elementor-inner\">\n\t\t\t\t<div class=\"elementor-section-wrap\">\n\t\t\t\t\t\t\t<section class=\"elementor-element elementor-element-1aa088a0 elementor-section-boxed elementor-section-height-default elementor-section-height-default elementor-section elementor-top-section\" data-id=\"1aa088a0\" data-element_type=\"section\" data-settings=\"{&quot;background_background&quot;:&quot;classic&quot;}\">\n\t\t\t\t\t\t\t<div class=\"elementor-background-overlay\"><\/div>\n\t\t\t\t\t\t\t<div class=\"elementor-container elementor-column-gap-default\">\n\t\t\t\t<div class=\"elementor-row\">\n\t\t\t\t<div class=\"elementor-element elementor-element-cfe3027 elementor-column elementor-col-100 elementor-top-column\" data-id=\"cfe3027\" data-element_type=\"column\">\n\t\t\t<div class=\"elementor-column-wrap\">\n\t\t\t\t\t<div class=\"elementor-widget-wrap\">\n\t\t\t\t\t\t<\/div>\n\t\t\t<\/div>\n\t\t<\/div>\n\t\t\t\t\t\t<\/div>\n\t\t\t<\/div>\n\t\t<\/section>\n\t\t\t\t<section class=\"elementor-element elementor-element-60413887 elementor-section-boxed elementor-section-height-default elementor-section-height-default elementor-section elementor-top-section\" data-id=\"60413887\" data-element_type=\"section\">\n\t\t\t\t\t\t<div class=\"elementor-container elementor-column-gap-default\">\n\t\t\t\t<div class=\"elementor-row\">\n\t\t\t\t<div class=\"elementor-element elementor-element-506179b7 elementor-column elementor-col-50 elementor-top-column\" data-id=\"506179b7\" data-element_type=\"column\">\n\t\t\t<div class=\"elementor-column-wrap\">\n\t\t\t\t\t<div class=\"elementor-widget-wrap\">\n\t\t\t\t\t\t<\/div>\n\t\t\t<\/div>\n\t\t<\/div>\n\t\t\t\t<div class=\"elementor-element elementor-element-602366c5 elementor-column elementor-col-50 elementor-top-column\" data-id=\"602366c5\" data-element_type=\"column\">\n\t\t\t<div class=\"elementor-column-wrap  elementor-element-populated\">\n\t\t\t\t\t<div class=\"elementor-widget-wrap\">\n\t\t\t\t<div class=\"elementor-element elementor-element-cd3fd21 elementor-widget elementor-widget-heading\" data-id=\"cd3fd21\" data-element_type=\"widget\" data-widget_type=\"heading.default\">\n\t\t\t\t<div class=\"elementor-widget-container\">\n\t\t\t<h1 class=\"elementor-heading-title elementor-size-default\"><a href=\"\/contatti\/\">Descubre Verona<\/a><\/h1>\t\t<\/div>\n\t\t\t\t<\/div>\n\t\t\t\t<div class=\"elementor-element elementor-element-3f3252b9 elementor-widget elementor-widget-text-editor\" data-id=\"3f3252b9\" data-element_type=\"widget\" data-widget_type=\"text-editor.default\">\n\t\t\t\t<div class=\"elementor-widget-container\">\n\t\t\t\t\t<div class=\"elementor-text-editor elementor-clearfix\"><p>\u00bfCu\u00e1ntas veces has estado en una ciudad llena de arte y te has preguntado qu\u00e9 era aquel monumento? \u00bfCu\u00e1ntas veces\u00a0 has viajado a una ciudad y has deseado conocer su historia pero no has tenido tiempo de organizar una visita guiada y te has dado cuenta\u00a0de todas las cosas que has visto pero no has comprendido totalmente?<\/p><p>Pensamos que\u00a0<strong>Verona<\/strong>\u00a0es una bell\u00edsima ciudad y que vale la pena conocerla en profundidad para entender sus\u00a0<strong>riquezas his<\/strong><strong>t\u00f3ricas<\/strong>\u00a0y\u00a0<strong>art\u00edsticas<\/strong>. Por este motivo creemos que es importante proponer a nuestros clientes visitas guiadas para descubrir la ciudad. Se trata de una experiencia cultural \u00fanica que vale la pena vivir por la riqueza y la belleza de los contenidos que la <strong>ciudad de Verona\u00a0<\/strong>ofrece a quien la visita. Se trata de descubrir\u00a0<strong>Verona<\/strong>\u00a0junto a gu\u00edas profesionales y capaces de haceros descubrir la historia y los mayores puntos de inter\u00e9s de la ciudad.<\/p><\/div>\n\t\t\t\t<\/div>\n\t\t\t\t<\/div>\n\t\t\t\t\t\t<\/div>\n\t\t\t<\/div>\n\t\t<\/div>\n\t\t\t\t\t\t<\/div>\n\t\t\t<\/div>\n\t\t<\/section>\n\t\t\t\t<section class=\"elementor-element elementor-element-3a5be357 elementor-section-boxed elementor-section-height-default elementor-section-height-default elementor-section elementor-top-section\" data-id=\"3a5be357\" data-element_type=\"section\">\n\t\t\t\t\t\t<div class=\"elementor-container elementor-column-gap-default\">\n\t\t\t\t<div class=\"elementor-row\">\n\t\t\t\t<div class=\"elementor-element elementor-element-1b71474b elementor-column elementor-col-100 elementor-top-column\" data-id=\"1b71474b\" data-element_type=\"column\">\n\t\t\t<div class=\"elementor-column-wrap  elementor-element-populated\">\n\t\t\t\t\t<div class=\"elementor-widget-wrap\">\n\t\t\t\t<div class=\"elementor-element elementor-element-90c413f elementor-widget elementor-widget-image\" data-id=\"90c413f\" data-element_type=\"widget\" data-widget_type=\"image.default\">\n\t\t\t\t<div class=\"elementor-widget-container\">\n\t\t\t\t\t<div class=\"elementor-image\">\n\t\t\t\t\t\t\t\t\t\t<img width=\"750\" height=\"446\" src=\"https:\/\/hotelmarcopoloverona.it\/es\/wp-content\/uploads\/sites\/5\/2018\/01\/Scopri-Verona-777x462.jpg\" class=\"attachment-large size-large\" alt=\"\" decoding=\"async\" loading=\"lazy\" srcset=\"https:\/\/hotelmarcopoloverona.it\/es\/wp-content\/uploads\/sites\/5\/2018\/01\/Scopri-Verona-777x462.jpg 777w, https:\/\/hotelmarcopoloverona.it\/es\/wp-content\/uploads\/sites\/5\/2018\/01\/Scopri-Verona-777x462-300x178.jpg 300w, https:\/\/hotelmarcopoloverona.it\/es\/wp-content\/uploads\/sites\/5\/2018\/01\/Scopri-Verona-777x462-768x457.jpg 768w, https:\/\/hotelmarcopoloverona.it\/es\/wp-content\/uploads\/sites\/5\/2018\/01\/Scopri-Verona-777x462-750x446.jpg 750w, https:\/\/hotelmarcopoloverona.it\/es\/wp-content\/uploads\/sites\/5\/2018\/01\/Scopri-Verona-777x462-555x330.jpg 555w\" sizes=\"(max-width: 750px) 100vw, 750px\" \/>\t\t\t\t\t\t\t\t\t\t\t<\/div>\n\t\t\t\t<\/div>\n\t\t\t\t<\/div>\n\t\t\t\t<div class=\"elementor-element elementor-element-101b35c4 elementor-widget elementor-widget-text-editor\" data-id=\"101b35c4\" data-element_type=\"widget\" data-widget_type=\"text-editor.default\">\n\t\t\t\t<div class=\"elementor-widget-container\">\n\t\t\t\t\t<div class=\"elementor-text-editor elementor-clearfix\"><p>Los lugares de mayor inter\u00e9s son <b>Arena<\/b>, <b>Piazza Bra<\/b>, <b>Piazza delle Erbe<\/b>, <b>Piazza dei Signori<\/b>\u00a0con las <strong>Tumbas de los<\/strong><b>\u00a0Scalig<\/b><strong>eri<\/strong>, la casa y el <b>balc\u00f3n de Julieta<\/b>, el <b>museo de Castelvecchio<\/b>, las magn\u00edficas\u00a0<b>Iglesias\u00a0<\/b>de la ciudad y\u00a0<b>Ponte Pietra<\/b>. El\/La gu\u00eda realiza el recorrido centr\u00e1ndose en los lugares m\u00e1s relevantes para el cliente. Las visitas podr\u00e1n ser individuales o en grupo. Pueden ser de\u00a0<b>1h<\/b> o <b>2h<\/b>. Vale la pena visitar y vivir en detalle una ciudad con tanto encanto.<\/p><\/div>\n\t\t\t\t<\/div>\n\t\t\t\t<\/div>\n\t\t\t\t<div class=\"elementor-element elementor-element-77cef54e elementor-widget elementor-widget-text-editor\" data-id=\"77cef54e\" data-element_type=\"widget\" data-widget_type=\"text-editor.default\">\n\t\t\t\t<div class=\"elementor-widget-container\">\n\t\t\t\t\t<div class=\"elementor-text-editor elementor-clearfix\"><p>Para obtener m\u00e1s informaci\u00f3n, cont\u00e1ctanos a trav\u00e9s del correo electr\u00f3nico: <a href=\"mailto:info@hotelmarcopoloverona.it\">info@hotelmarcopoloverona.it<\/a> o llamando al n\u00famero de tel\u00e9fono: <a href=\"http:\/\/Tel:+390454649275\" data-wplink-url-error=\"true\">+390454649275<\/a><\/p><\/div>\n\t\t\t\t<\/div>\n\t\t\t\t<\/div>\n\t\t\t\t<div class=\"elementor-element elementor-element-654f245a elementor-widget elementor-widget-image\" data-id=\"654f245a\" data-element_type=\"widget\" data-widget_type=\"image.default\">\n\t\t\t\t<div class=\"elementor-widget-container\">\n\t\t\t\t\t<div class=\"elementor-image\">\n\t\t\t\t\t\t\t\t\t\t<img width=\"364\" height=\"649\" src=\"https:\/\/hotelmarcopoloverona.it\/es\/wp-content\/uploads\/sites\/5\/2018\/01\/Scopri-Verona-364x649.jpg\" class=\"attachment-full size-full\" alt=\"\" decoding=\"async\" loading=\"lazy\" srcset=\"https:\/\/hotelmarcopoloverona.it\/es\/wp-content\/uploads\/sites\/5\/2018\/01\/Scopri-Verona-364x649.jpg 364w, https:\/\/hotelmarcopoloverona.it\/es\/wp-content\/uploads\/sites\/5\/2018\/01\/Scopri-Verona-364x649-168x300.jpg 168w\" sizes=\"(max-width: 364px) 100vw, 364px\" \/>\t\t\t\t\t\t\t\t\t\t\t<\/div>\n\t\t\t\t<\/div>\n\t\t\t\t<\/div>\n\t\t\t\t\t\t<\/div>\n\t\t\t<\/div>\n\t\t<\/div>\n\t\t\t\t\t\t<\/div>\n\t\t\t<\/div>\n\t\t<\/section>\n\t\t\t\t<section class=\"elementor-element elementor-element-5de660e4 elementor-section-content-middle elementor-section-boxed elementor-section-height-default elementor-section-height-default elementor-section elementor-top-section\" data-id=\"5de660e4\" data-element_type=\"section\" data-settings=\"{&quot;background_background&quot;:&quot;classic&quot;}\">\n\t\t\t\t\t\t<div class=\"elementor-container elementor-column-gap-default\">\n\t\t\t\t<div class=\"elementor-row\">\n\t\t\t\t<div class=\"elementor-element elementor-element-63f569cf elementor-column elementor-col-100 elementor-top-column\" data-id=\"63f569cf\" data-element_type=\"column\">\n\t\t\t<div class=\"elementor-column-wrap  elementor-element-populated\">\n\t\t\t\t\t<div class=\"elementor-widget-wrap\">\n\t\t\t\t<div class=\"elementor-element elementor-element-50fbbdcc elementor-align-center elementor-invisible elementor-widget elementor-widget-button\" data-id=\"50fbbdcc\" data-element_type=\"widget\" data-settings=\"{&quot;_animation&quot;:&quot;zoomIn&quot;}\" data-widget_type=\"button.default\">\n\t\t\t\t<div class=\"elementor-widget-container\">\n\t\t\t\t\t<div class=\"elementor-button-wrapper\">\n\t\t\t<a href=\"\/contatti\/\" class=\"elementor-button-link elementor-button elementor-size-md\" role=\"button\">\n\t\t\t\t\t\t<span class=\"elementor-button-content-wrapper\">\n\t\t\t\t\t\t<span class=\"elementor-button-text\">Cont\u00e1ctanos<\/span>\n\t\t<\/span>\n\t\t\t\t\t<\/a>\n\t\t<\/div>\n\t\t\t\t<\/div>\n\t\t\t\t<\/div>\n\t\t\t\t\t\t<\/div>\n\t\t\t<\/div>\n\t\t<\/div>\n\t\t\t\t\t\t<\/div>\n\t\t\t<\/div>\n\t\t<\/section>\n\t\t\t\t\t\t<\/div>\n\t\t\t<\/div>\n\t\t<\/div>\n\t\t","protected":false},"excerpt":{"rendered":"<p>Descubre Verona \u00bfCu\u00e1ntas veces has estado en una ciudad llena de arte y te has preguntado qu\u00e9 era aquel monumento? \u00bfCu\u00e1ntas veces\u00a0 has viajado a una ciudad y has deseado conocer su historia pero no has tenido tiempo de organizar una visita guiada y te has dado cuenta\u00a0de todas las cosas que has visto pero [&hellip;]<\/p>\n","protected":false},"author":1,"featured_media":0,"parent":153,"menu_order":0,"comment_status":"closed","ping_status":"closed","template":"templates\/builder.php","meta":[],"yst_prominent_words":[],"_links":{"self":[{"href":"https:\/\/hotelmarcopoloverona.it\/es\/wp-json\/wp\/v2\/pages\/257"}],"collection":[{"href":"https:\/\/hotelmarcopoloverona.it\/es\/wp-json\/wp\/v2\/pages"}],"about":[{"href":"https:\/\/hotelmarcopoloverona.it\/es\/wp-json\/wp\/v2\/types\/page"}],"author":[{"embeddable":true,"href":"https:\/\/hotelmarcopoloverona.it\/es\/wp-json\/wp\/v2\/users\/1"}],"replies":[{"embeddable":true,"href":"https:\/\/hotelmarcopoloverona.it\/es\/wp-json\/wp\/v2\/comments?post=257"}],"version-history":[{"count":0,"href":"https:\/\/hotelmarcopoloverona.it\/es\/wp-json\/wp\/v2\/pages\/257\/revisions"}],"up":[{"embeddable":true,"href":"https:\/\/hotelmarcopoloverona.it\/es\/wp-json\/wp\/v2\/pages\/153"}],"wp:attachment":[{"href":"https:\/\/hotelmarcopoloverona.it\/es\/wp-json\/wp\/v2\/media?parent=257"}],"wp:term":[{"taxonomy":"yst_prominent_words","embeddable":true,"href":"https:\/\/hotelmarcopoloverona.it\/es\/wp-json\/wp\/v2\/yst_prominent_words?post=257"}],"curies":[{"name":"wp","href":"https:\/\/api.w.org\/{rel}","templated":true}]}}