{"id":120,"date":"2018-01-04T19:52:38","date_gmt":"2018-01-04T18:52:38","guid":{"rendered":"https:\/\/hotelmarcopoloverona.it\/new\/?page_id=120"},"modified":"2022-08-22T19:19:01","modified_gmt":"2022-08-22T17:19:01","slug":"contacts","status":"publish","type":"page","link":"https:\/\/hotelmarcopoloverona.it\/fr\/contacts\/","title":{"rendered":"Contacts"},"content":{"rendered":"\t\t<div data-elementor-type=\"wp-post\" data-elementor-id=\"120\" class=\"elementor elementor-120\" data-elementor-settings=\"[]\">\n\t\t\t<div class=\"elementor-inner\">\n\t\t\t\t<div class=\"elementor-section-wrap\">\n\t\t\t\t\t\t\t<section class=\"elementor-element elementor-element-110bec4e elementor-section-stretched elementor-section-boxed elementor-section-height-default elementor-section-height-default elementor-section elementor-top-section\" data-id=\"110bec4e\" data-element_type=\"section\" data-settings=\"{&quot;stretch_section&quot;:&quot;section-stretched&quot;,&quot;background_background&quot;:&quot;classic&quot;}\">\n\t\t\t\t\t\t<div class=\"elementor-container elementor-column-gap-default\">\n\t\t\t\t<div class=\"elementor-row\">\n\t\t\t\t<div class=\"elementor-element elementor-element-345daf98 elementor-column elementor-col-100 elementor-top-column\" data-id=\"345daf98\" data-element_type=\"column\" data-settings=\"{&quot;background_background&quot;:&quot;classic&quot;}\">\n\t\t\t<div class=\"elementor-column-wrap  elementor-element-populated\">\n\t\t\t\t\t<div class=\"elementor-widget-wrap\">\n\t\t\t\t<div class=\"elementor-element elementor-element-706830f9 elementor-widget elementor-widget-heading\" data-id=\"706830f9\" data-element_type=\"widget\" data-widget_type=\"heading.default\">\n\t\t\t\t<div class=\"elementor-widget-container\">\n\t\t\t<p class=\"elementor-heading-title elementor-size-default\">LA MEILLEURE POSITION POUR VISITER V\u00e9rone<\/p>\t\t<\/div>\n\t\t\t\t<\/div>\n\t\t\t\t<div class=\"elementor-element elementor-element-459365cf elementor-widget elementor-widget-divider\" data-id=\"459365cf\" data-element_type=\"widget\" data-widget_type=\"divider.default\">\n\t\t\t\t<div class=\"elementor-widget-container\">\n\t\t\t\t\t<div class=\"elementor-divider\">\n\t\t\t<span class=\"elementor-divider-separator\">\n\t\t\t\t\t\t<\/span>\n\t\t<\/div>\n\t\t\t\t<\/div>\n\t\t\t\t<\/div>\n\t\t\t\t<div class=\"elementor-element elementor-element-178af5a0 elementor-widget elementor-widget-heading\" data-id=\"178af5a0\" data-element_type=\"widget\" data-widget_type=\"heading.default\">\n\t\t\t\t<div class=\"elementor-widget-container\">\n\t\t\t<h2 class=\"elementor-heading-title elementor-size-default\">Contacts<\/h2>\t\t<\/div>\n\t\t\t\t<\/div>\n\t\t\t\t<div class=\"elementor-element elementor-element-2b15c550 elementor-button-align-center elementor-tablet-button-align-stretch elementor-mobile-button-align-stretch elementor-widget elementor-widget-form\" data-id=\"2b15c550\" data-element_type=\"widget\" data-widget_type=\"form.default\">\n\t\t\t\t<div class=\"elementor-widget-container\">\n\t\t\t\t\t<form class=\"elementor-form\" method=\"post\" name=\"New Form\">\n\t\t\t<input type=\"hidden\" name=\"post_id\" value=\"120\"\/>\n\t\t\t<input type=\"hidden\" name=\"form_id\" value=\"2b15c550\"\/>\n\n\t\t\t<div class=\"elementor-form-fields-wrapper elementor-labels-above\">\n\t\t\t\t\t\t\t\t<div class=\"elementor-field-type-text elementor-field-group elementor-column elementor-field-group-ls8f5vw elementor-col-33\">\n\t\t\t\t\t<label for=\"form-field-ls8f5vw\" class=\"elementor-field-label\">Prenom<\/label><input size=\"1\" type=\"text\" name=\"form_fields[ls8f5vw]\" id=\"form-field-ls8f5vw\" class=\"elementor-field elementor-size-sm  elementor-field-textual\" placeholder=\"Prenom\">\t\t\t\t<\/div>\n\t\t\t\t\t\t\t\t<div class=\"elementor-field-type-email elementor-field-group elementor-column elementor-field-group-61jgmeg elementor-col-33\">\n\t\t\t\t\t<label for=\"form-field-61jgmeg\" class=\"elementor-field-label\">Email<\/label><input size=\"1\" type=\"email\" name=\"form_fields[61jgmeg]\" id=\"form-field-61jgmeg\" class=\"elementor-field elementor-size-sm  elementor-field-textual\" placeholder=\"Email\">\t\t\t\t<\/div>\n\t\t\t\t\t\t\t\t<div class=\"elementor-field-type-text elementor-field-group elementor-column elementor-field-group-vcfzijy elementor-col-33\">\n\t\t\t\t\t<label for=\"form-field-vcfzijy\" class=\"elementor-field-label\">T\u00e9l\u00e9phone<\/label><input size=\"1\" type=\"text\" name=\"form_fields[vcfzijy]\" id=\"form-field-vcfzijy\" class=\"elementor-field elementor-size-sm  elementor-field-textual\" placeholder=\"T\u00e9l\u00e9phone\">\t\t\t\t<\/div>\n\t\t\t\t\t\t\t\t<div class=\"elementor-field-type-text elementor-field-group elementor-column elementor-field-group-125shfm elementor-col-100\">\n\t\t\t\t\t<label for=\"form-field-125shfm\" class=\"elementor-field-label\">Objet<\/label><input size=\"1\" type=\"text\" name=\"form_fields[125shfm]\" id=\"form-field-125shfm\" class=\"elementor-field elementor-size-sm  elementor-field-textual\" placeholder=\"Objet\">\t\t\t\t<\/div>\n\t\t\t\t\t\t\t\t<div class=\"elementor-field-type-textarea elementor-field-group elementor-column elementor-field-group-uvnsnlz elementor-col-100\">\n\t\t\t\t\t<label for=\"form-field-uvnsnlz\" class=\"elementor-field-label\">Message<\/label><textarea class=\"elementor-field-textual elementor-field  elementor-size-sm\" name=\"form_fields[uvnsnlz]\" id=\"form-field-uvnsnlz\" rows=\"4\" placeholder=\"Message\"><\/textarea>\t\t\t\t<\/div>\n\t\t\t\t\t\t\t\t<div class=\"elementor-field-type-acceptance elementor-field-group elementor-column elementor-field-group-field_1 elementor-col-100 elementor-field-required\">\n\t\t\t\t\t<div class=\"elementor-field-subgroup\"><span class=\"elementor-field-option\"><input type=\"checkbox\" name=\"form_fields[field_1]\" id=\"form-field-field_1\" class=\"elementor-field elementor-size-sm  elementor-acceptance-field\" required=\"required\" aria-required=\"true\"> <label for=\"form-field-field_1\">Oui, j'ai pris connaissance des informations concernant le respect de la vie priv\u00e9e et j'en accepte les conditions. (<a href=\"https:\/\/www.iubenda.com\/privacy-policy\/906718\/cookie-policy\" title=\"Privacy Policy\">Privacy Policy<\/a>)<\/label><\/span><\/div>\t\t\t\t<\/div>\n\t\t\t\t\t\t\t\t<div class=\"elementor-field-group elementor-column elementor-field-type-submit elementor-col-100\">\n\t\t\t\t\t<button type=\"submit\" class=\"elementor-button elementor-size-sm elementor-animation-shrink\">\n\t\t\t\t\t\t<span >\n\t\t\t\t\t\t\t\t\t\t\t\t\t\t\t<span class=\" elementor-button-icon\">\n\t\t\t\t\t\t\t\t\t<i class=\"fa fa-send\" aria-hidden=\"true\"><\/i>\t\t\t\t\t\t\t\t\t\t\t\t\t\t\t\t\t<\/span>\n\t\t\t\t\t\t\t\t\t\t\t\t\t\t\t\t\t\t\t\t\t\t<span class=\"elementor-button-text\">Envoyer<\/span>\n\t\t\t\t\t\t\t\t\t\t\t\t\t<\/span>\n\t\t\t\t\t<\/button>\n\t\t\t\t<\/div>\n\t\t\t<\/div>\n\t\t<\/form>\n\t\t\t\t<\/div>\n\t\t\t\t<\/div>\n\t\t\t\t<section class=\"elementor-element elementor-element-111b9d27 elementor-section-boxed elementor-section-height-default elementor-section-height-default elementor-section elementor-inner-section\" data-id=\"111b9d27\" data-element_type=\"section\">\n\t\t\t\t\t\t<div class=\"elementor-container elementor-column-gap-default\">\n\t\t\t\t<div class=\"elementor-row\">\n\t\t\t\t<div class=\"elementor-element elementor-element-5ed7aa90 elementor-column elementor-col-50 elementor-inner-column\" data-id=\"5ed7aa90\" data-element_type=\"column\">\n\t\t\t<div class=\"elementor-column-wrap  elementor-element-populated\">\n\t\t\t\t\t<div class=\"elementor-widget-wrap\">\n\t\t\t\t<div class=\"elementor-element elementor-element-7415e7b3 elementor-widget elementor-widget-heading\" data-id=\"7415e7b3\" data-element_type=\"widget\" data-widget_type=\"heading.default\">\n\t\t\t\t<div class=\"elementor-widget-container\">\n\t\t\t<h3 class=\"elementor-heading-title elementor-size-default\">H\u00f4tel Marco Polo<\/h3>\t\t<\/div>\n\t\t\t\t<\/div>\n\t\t\t\t<div class=\"elementor-element elementor-element-3dbe652 elementor-widget elementor-widget-heading\" data-id=\"3dbe652\" data-element_type=\"widget\" data-widget_type=\"heading.default\">\n\t\t\t\t<div class=\"elementor-widget-container\">\n\t\t\t<h5 class=\"elementor-heading-title elementor-size-default\">Est situ\u00e9 dans le centre ville de Verona, \u00e0 c\u00f4t\u00e9 de l\u2019Arena. Il est accessible aux v\u00e9hicules et dehors de la ZTL<\/h5>\t\t<\/div>\n\t\t\t\t<\/div>\n\t\t\t\t<div class=\"elementor-element elementor-element-43d40f3a elementor-widget elementor-widget-text-editor\" data-id=\"43d40f3a\" data-element_type=\"widget\" data-widget_type=\"text-editor.default\">\n\t\t\t\t<div class=\"elementor-widget-container\">\n\t\t\t\t\t<div class=\"elementor-text-editor elementor-clearfix\"><p>L\u2019H\u00f4tel Marco Polo se trouve en plein centre historique de Verona, \u00e0 c\u00f4t\u00e9 de l\u2019Arena (250 mt) et pr\u00e8s de toutes les principales attractions touristiques de la ville. Verona est id\u00e9al pour une visite \u00e0 pied : la position de l\u2019H\u00f4tel Marco Polo est favorable. L\u2019H\u00f4tel se situe dehors de ZTL et il est joignable facilement en voiture. La structure dispose d\u2019un parking souterrain priv\u00e9 et s\u00e9curis\u00e9, \u00e9quip\u00e9 de confortables box pour le stationnement des v\u00e9hicules. Le service est sur r\u00e9servation et le tarif est de 25 Euro par jour, disponibilit\u00e9 pr\u00e9alable.<\/p>\n<p><span style=\"color: #bca857\"><strong>Indirizzo: <\/strong><\/span>Via San Antonio 21 \/ 6, 37122 Verona Italia<\/p>\n<p><span style=\"color: #bca857\"><strong>Telefono:<\/strong><\/span>&nbsp;<a href=\"http:\/\/Tel:+390458010885\">+39 0458010885<\/a><\/p>\n<p><strong style=\"letter-spacing: 0.1px\"><span style=\"color: #bca857\">Mail:<\/span>&nbsp;<\/strong><a href=\"mailto:info@hotelmarcopoloverona.it\"><span style=\"letter-spacing: 0.1px\">info@hotelmarcopoloverona.i<\/span><\/a><\/p><\/div>\n\t\t\t\t<\/div>\n\t\t\t\t<\/div>\n\t\t\t\t\t\t<\/div>\n\t\t\t<\/div>\n\t\t<\/div>\n\t\t\t\t<div class=\"elementor-element elementor-element-160635f1 elementor-column elementor-col-50 elementor-inner-column\" data-id=\"160635f1\" data-element_type=\"column\">\n\t\t\t<div class=\"elementor-column-wrap  elementor-element-populated\">\n\t\t\t\t\t<div class=\"elementor-widget-wrap\">\n\t\t\t\t<div class=\"elementor-element elementor-element-42060689 elementor-invisible elementor-widget elementor-widget-google_maps\" data-id=\"42060689\" data-element_type=\"widget\" data-settings=\"{&quot;_animation&quot;:&quot;fadeInDown&quot;}\" data-widget_type=\"google_maps.default\">\n\t\t\t\t<div class=\"elementor-widget-container\">\n\t\t\t<div class=\"elementor-custom-embed\"><iframe frameborder=\"0\" scrolling=\"no\" marginheight=\"0\" marginwidth=\"0\" src=\"https:\/\/maps.google.com\/maps?q=Hotel%20Marco%20Polo%20verona&amp;t=m&amp;z=16&amp;output=embed&amp;iwloc=near\" aria-label=\"Hotel Marco Polo verona\"><\/iframe><\/div>\t\t<\/div>\n\t\t\t\t<\/div>\n\t\t\t\t\t\t<\/div>\n\t\t\t<\/div>\n\t\t<\/div>\n\t\t\t\t\t\t<\/div>\n\t\t\t<\/div>\n\t\t<\/section>\n\t\t\t\t\t\t<\/div>\n\t\t\t<\/div>\n\t\t<\/div>\n\t\t\t\t\t\t<\/div>\n\t\t\t<\/div>\n\t\t<\/section>\n\t\t\t\t<section class=\"elementor-element elementor-element-2d12b3e4 elementor-section-stretched elementor-section-boxed elementor-section-height-default elementor-section-height-default elementor-section elementor-top-section\" data-id=\"2d12b3e4\" data-element_type=\"section\" data-settings=\"{&quot;stretch_section&quot;:&quot;section-stretched&quot;}\">\n\t\t\t\t\t\t<div class=\"elementor-container elementor-column-gap-default\">\n\t\t\t\t<div class=\"elementor-row\">\n\t\t\t\t<div class=\"elementor-element elementor-element-197237bf elementor-column elementor-col-100 elementor-top-column\" data-id=\"197237bf\" data-element_type=\"column\">\n\t\t\t<div class=\"elementor-column-wrap  elementor-element-populated\">\n\t\t\t\t\t<div class=\"elementor-widget-wrap\">\n\t\t\t\t<div class=\"elementor-element elementor-element-67f2be90 elementor-widget elementor-widget-heading\" data-id=\"67f2be90\" data-element_type=\"widget\" data-widget_type=\"heading.default\">\n\t\t\t\t<div class=\"elementor-widget-container\">\n\t\t\t<h2 class=\"elementor-heading-title elementor-size-default\">COMMENT ARRIVER<\/h2>\t\t<\/div>\n\t\t\t\t<\/div>\n\t\t\t\t<div class=\"elementor-element elementor-element-259a6021 elementor-widget elementor-widget-accordion\" data-id=\"259a6021\" data-element_type=\"widget\" data-widget_type=\"accordion.default\">\n\t\t\t\t<div class=\"elementor-widget-container\">\n\t\t\t\t\t<div class=\"elementor-accordion\" role=\"tablist\">\n\t\t\t\t\t\t\t<div class=\"elementor-accordion-item\">\n\t\t\t\t\t<div id=\"elementor-tab-title-6301\" class=\"elementor-tab-title\" data-tab=\"1\" role=\"tab\" aria-controls=\"elementor-tab-content-6301\">\n\t\t\t\t\t\t\t\t\t\t\t\t\t<span class=\"elementor-accordion-icon elementor-accordion-icon-left\" aria-hidden=\"true\">\n\t\t\t\t\t\t\t\t\t\t\t\t\t\t\t<i class=\"elementor-accordion-icon-closed fa fa-plus\"><\/i>\n\t\t\t\t\t\t\t\t<i class=\"elementor-accordion-icon-opened fa fa-minus\"><\/i>\n\t\t\t\t\t\t\t\t\t\t\t\t\t\t<\/span>\n\t\t\t\t\t\t\t\t\t\t\t\t<a href=\"\">EN AVION<\/a>\n\t\t\t\t\t<\/div>\n\t\t\t\t\t<div id=\"elementor-tab-content-6301\" class=\"elementor-tab-content elementor-clearfix\" data-tab=\"1\" role=\"tabpanel\" aria-labelledby=\"elementor-tab-title-6301\">Depuis l\u2019a\u00e9roport de Verona \u201cValerio Catullo\u201d, \u00e0 Villafranca, qui se trouve \u00e0 20 minutes de distance du centre ville (11 km). Tous les 20 minutes des bus partent depuis l\u2019A\u00e9roport jusqu\u2019\u00e0 la gare des trains de Porta Nuova. Depuis la gare, vous pouvez arriver facilement \u00e0 l\u2019H\u00f4tel Marco Polo (Veuillez consulter les informations en d\u00e9tails report\u00e9es sous \u2018En train\u2019). Nous vous signalons la possibilit\u00e9 de prendre un taxi qui vous am\u00e8nera jusqu\u2019\u00e0 l\u2019H\u00f4tel en 20 minutes.<\/div>\n\t\t\t\t<\/div>\n\t\t\t\t\t\t\t<div class=\"elementor-accordion-item\">\n\t\t\t\t\t<div id=\"elementor-tab-title-6302\" class=\"elementor-tab-title\" data-tab=\"2\" role=\"tab\" aria-controls=\"elementor-tab-content-6302\">\n\t\t\t\t\t\t\t\t\t\t\t\t\t<span class=\"elementor-accordion-icon elementor-accordion-icon-left\" aria-hidden=\"true\">\n\t\t\t\t\t\t\t\t\t\t\t\t\t\t\t<i class=\"elementor-accordion-icon-closed fa fa-plus\"><\/i>\n\t\t\t\t\t\t\t\t<i class=\"elementor-accordion-icon-opened fa fa-minus\"><\/i>\n\t\t\t\t\t\t\t\t\t\t\t\t\t\t<\/span>\n\t\t\t\t\t\t\t\t\t\t\t\t<a href=\"\">TRAIN<\/a>\n\t\t\t\t\t<\/div>\n\t\t\t\t\t<div id=\"elementor-tab-content-6302\" class=\"elementor-tab-content elementor-clearfix\" data-tab=\"2\" role=\"tabpanel\" aria-labelledby=\"elementor-tab-title-6302\">Depuis la gare des trains de Verona Porta Nuova, vous pouvez prendre un taxi (5 minutes) ou le bus 13 (il vous arr\u00eatera \u00e0 moins de 300 mt de distance de l\u2019H\u00f4tel, dur\u00e9e du voyage 10 minutes). Nous vous signalons \u00e9galement un parcours alternative \u00e0 pied (15 minutes). Une fois dehors la gare des trains, vous tournez \u00e0 droite. Vous suivez la piste cyclable (parcours qui vous am\u00e8nera dans les alentours de l\u2019H\u00f4tel et de la rue San Antonio ). L\u2019H\u00f4tel Marco Polo se trouve au num\u00e9ros 21.<\/div>\n\t\t\t\t<\/div>\n\t\t\t\t\t\t\t<div class=\"elementor-accordion-item\">\n\t\t\t\t\t<div id=\"elementor-tab-title-6303\" class=\"elementor-tab-title\" data-tab=\"3\" role=\"tab\" aria-controls=\"elementor-tab-content-6303\">\n\t\t\t\t\t\t\t\t\t\t\t\t\t<span class=\"elementor-accordion-icon elementor-accordion-icon-left\" aria-hidden=\"true\">\n\t\t\t\t\t\t\t\t\t\t\t\t\t\t\t<i class=\"elementor-accordion-icon-closed fa fa-plus\"><\/i>\n\t\t\t\t\t\t\t\t<i class=\"elementor-accordion-icon-opened fa fa-minus\"><\/i>\n\t\t\t\t\t\t\t\t\t\t\t\t\t\t<\/span>\n\t\t\t\t\t\t\t\t\t\t\t\t<a href=\"\">VOITURE<\/a>\n\t\t\t\t\t<\/div>\n\t\t\t\t\t<div id=\"elementor-tab-content-6303\" class=\"elementor-tab-content elementor-clearfix\" data-tab=\"3\" role=\"tabpanel\" aria-labelledby=\"elementor-tab-title-6303\">Depuis l\u2019autoroute A4: Sortie Verona Sud et apr\u00e8s suivez les indications pour le centre ville. Veuillez continuer jusqu\u2019au bout de Corso Porta Nuova. Au dernier feu, avant d\u2019arriver aux Portoni della Br\u00e0, tournez \u00e0 gauche. Continuez 20 mt et tournez \u00e0 droite. Vous trouverez apr\u00e8s quelques m\u00e8tres \u00e0 gauche l\u2019H\u00f4tel Marco Polo dans la rue San Antonio 21, 37122 Verona.<\/div>\n\t\t\t\t<\/div>\n\t\t\t\t\t<\/div>\n\t\t\t\t<\/div>\n\t\t\t\t<\/div>\n\t\t\t\t\t\t<\/div>\n\t\t\t<\/div>\n\t\t<\/div>\n\t\t\t\t\t\t<\/div>\n\t\t\t<\/div>\n\t\t<\/section>\n\t\t\t\t\t\t<\/div>\n\t\t\t<\/div>\n\t\t<\/div>\n\t\t","protected":false},"excerpt":{"rendered":"<p>LA MEILLEURE POSITION POUR VISITER V\u00e9rone Contacts H\u00f4tel Marco Polo Est situ\u00e9 dans le centre ville de Verona, \u00e0 c\u00f4t\u00e9 de l\u2019Arena. Il est accessible aux v\u00e9hicules et dehors de la ZTL L\u2019H\u00f4tel Marco Polo se trouve en plein centre historique de Verona, \u00e0 c\u00f4t\u00e9 de l\u2019Arena (250 mt) et pr\u00e8s de toutes les principales [&hellip;]<\/p>\n","protected":false},"author":1,"featured_media":0,"parent":0,"menu_order":0,"comment_status":"closed","ping_status":"closed","template":"templates\/builder.php","meta":[],"yst_prominent_words":[236,237,239,186,176,24,60,235,144,175,13,174,233,232,146,238,92,234,231,230],"_links":{"self":[{"href":"https:\/\/hotelmarcopoloverona.it\/fr\/wp-json\/wp\/v2\/pages\/120"}],"collection":[{"href":"https:\/\/hotelmarcopoloverona.it\/fr\/wp-json\/wp\/v2\/pages"}],"about":[{"href":"https:\/\/hotelmarcopoloverona.it\/fr\/wp-json\/wp\/v2\/types\/page"}],"author":[{"embeddable":true,"href":"https:\/\/hotelmarcopoloverona.it\/fr\/wp-json\/wp\/v2\/users\/1"}],"replies":[{"embeddable":true,"href":"https:\/\/hotelmarcopoloverona.it\/fr\/wp-json\/wp\/v2\/comments?post=120"}],"version-history":[{"count":0,"href":"https:\/\/hotelmarcopoloverona.it\/fr\/wp-json\/wp\/v2\/pages\/120\/revisions"}],"wp:attachment":[{"href":"https:\/\/hotelmarcopoloverona.it\/fr\/wp-json\/wp\/v2\/media?parent=120"}],"wp:term":[{"taxonomy":"yst_prominent_words","embeddable":true,"href":"https:\/\/hotelmarcopoloverona.it\/fr\/wp-json\/wp\/v2\/yst_prominent_words?post=120"}],"curies":[{"name":"wp","href":"https:\/\/api.w.org\/{rel}","templated":true}]}}