{"id":243,"date":"2018-01-09T17:12:30","date_gmt":"2018-01-09T16:12:30","guid":{"rendered":"https:\/\/hotelmarcopoloverona.it\/new\/?page_id=243"},"modified":"2021-05-24T11:26:19","modified_gmt":"2021-05-24T09:26:19","slug":"forfait-bien-etre","status":"publish","type":"page","link":"https:\/\/hotelmarcopoloverona.it\/fr\/offres\/forfait-bien-etre\/","title":{"rendered":"Forfait Bien-\u00eatre"},"content":{"rendered":"\t\t<div data-elementor-type=\"wp-post\" data-elementor-id=\"243\" class=\"elementor elementor-243\" data-elementor-settings=\"[]\">\n\t\t\t<div class=\"elementor-inner\">\n\t\t\t\t<div class=\"elementor-section-wrap\">\n\t\t\t\t\t\t\t<section class=\"elementor-element elementor-element-77877bcd elementor-section-boxed elementor-section-height-default elementor-section-height-default elementor-section elementor-top-section\" data-id=\"77877bcd\" data-element_type=\"section\" data-settings=\"{&quot;background_background&quot;:&quot;classic&quot;}\">\n\t\t\t\t\t\t\t<div class=\"elementor-background-overlay\"><\/div>\n\t\t\t\t\t\t\t<div class=\"elementor-container elementor-column-gap-default\">\n\t\t\t\t<div class=\"elementor-row\">\n\t\t\t\t<div class=\"elementor-element elementor-element-621cb61e elementor-column elementor-col-100 elementor-top-column\" data-id=\"621cb61e\" data-element_type=\"column\">\n\t\t\t<div class=\"elementor-column-wrap\">\n\t\t\t\t\t<div class=\"elementor-widget-wrap\">\n\t\t\t\t\t\t<\/div>\n\t\t\t<\/div>\n\t\t<\/div>\n\t\t\t\t\t\t<\/div>\n\t\t\t<\/div>\n\t\t<\/section>\n\t\t\t\t<section class=\"elementor-element elementor-element-ec9d8da elementor-section-boxed elementor-section-height-default elementor-section-height-default elementor-section elementor-top-section\" data-id=\"ec9d8da\" data-element_type=\"section\">\n\t\t\t\t\t\t<div class=\"elementor-container elementor-column-gap-default\">\n\t\t\t\t<div class=\"elementor-row\">\n\t\t\t\t<div class=\"elementor-element elementor-element-6fd72ec2 elementor-column elementor-col-50 elementor-top-column\" data-id=\"6fd72ec2\" data-element_type=\"column\">\n\t\t\t<div class=\"elementor-column-wrap\">\n\t\t\t\t\t<div class=\"elementor-widget-wrap\">\n\t\t\t\t\t\t<\/div>\n\t\t\t<\/div>\n\t\t<\/div>\n\t\t\t\t<div class=\"elementor-element elementor-element-4a7a09c9 elementor-column elementor-col-50 elementor-top-column\" data-id=\"4a7a09c9\" data-element_type=\"column\">\n\t\t\t<div class=\"elementor-column-wrap  elementor-element-populated\">\n\t\t\t\t\t<div class=\"elementor-widget-wrap\">\n\t\t\t\t<div class=\"elementor-element elementor-element-309b628b elementor-widget elementor-widget-heading\" data-id=\"309b628b\" data-element_type=\"widget\" data-widget_type=\"heading.default\">\n\t\t\t\t<div class=\"elementor-widget-container\">\n\t\t\t<h1 class=\"elementor-heading-title elementor-size-default\"><a href=\"\/contatti\/\">Forfait Bien-\u00eatre<\/a><\/h1>\t\t<\/div>\n\t\t\t\t<\/div>\n\t\t\t\t<div class=\"elementor-element elementor-element-5f7e4b92 elementor-widget elementor-widget-text-editor\" data-id=\"5f7e4b92\" data-element_type=\"widget\" data-widget_type=\"text-editor.default\">\n\t\t\t\t<div class=\"elementor-widget-container\">\n\t\t\t\t\t<div class=\"elementor-text-editor elementor-clearfix\"><p>Donnez-vous des moments de pure et intense d\u00e9tente, relaxez-vous chez \u201cParadise Spa\u201d \u00e0 Verona. Profitez-vous du forfait Bien-\u00eatre pour vous offrir un s\u00e9jour inoubliable. Nous avons con\u00e7u pour vous une offre tr\u00e8s sp\u00e9cial:<\/p><h2><span style=\"color: #bca857;\">FORFAIT SPA + MASSAGE<\/span><\/h2><ul><li>S\u00e9jour en chambre Superior;<\/li><li>Acc\u00e8s au centre bien-\u00eatre \u201cParadise SPA\u201d (une entr\u00e9e pour deux personnes \/ 90 min);<\/li><li>Un traitement au choix pour chaque personne, chaque forfait (30 min);<\/li><li>Tisane relaxant;<\/li><li>Kit Bien-\u00eatre;<\/li><\/ul><h2><span style=\"color: #bca857;\">FORFAIT MASSAGE<\/span><\/h2><ul><li>S\u00e9jour en chambre Superior;<\/li><li>Un traitement au choix pour chaque personne, chaque forfait (60 min);<\/li><li>Tisane relaxant;<\/li><\/ul><p><strong>Le prix du forfait inclus le tarif de la chambre et des services mentionn\u00e9s ci-dessus. Le SPA pendant cette p\u00e9riode est exclusivement sous forme priv\u00e9e.<\/strong><\/p><\/div>\n\t\t\t\t<\/div>\n\t\t\t\t<\/div>\n\t\t\t\t\t\t<\/div>\n\t\t\t<\/div>\n\t\t<\/div>\n\t\t\t\t\t\t<\/div>\n\t\t\t<\/div>\n\t\t<\/section>\n\t\t\t\t<section class=\"elementor-element elementor-element-5d42ea66 elementor-section-boxed elementor-section-height-default elementor-section-height-default elementor-section elementor-top-section\" data-id=\"5d42ea66\" data-element_type=\"section\">\n\t\t\t\t\t\t<div class=\"elementor-container elementor-column-gap-default\">\n\t\t\t\t<div class=\"elementor-row\">\n\t\t\t\t<div class=\"elementor-element elementor-element-5f8c0102 elementor-column elementor-col-100 elementor-top-column\" data-id=\"5f8c0102\" data-element_type=\"column\">\n\t\t\t<div class=\"elementor-column-wrap  elementor-element-populated\">\n\t\t\t\t\t<div class=\"elementor-widget-wrap\">\n\t\t\t\t<div class=\"elementor-element elementor-element-e6c6af1 elementor-widget elementor-widget-image\" data-id=\"e6c6af1\" data-element_type=\"widget\" data-widget_type=\"image.default\">\n\t\t\t\t<div class=\"elementor-widget-container\">\n\t\t\t\t\t<div class=\"elementor-image\">\n\t\t\t\t\t\t\t\t\t\t<img width=\"750\" height=\"446\" src=\"https:\/\/hotelmarcopoloverona.it\/fr\/wp-content\/uploads\/sites\/3\/2018\/01\/Pacchetto-Benessere-777x462.jpg\" class=\"attachment-large size-large\" alt=\"\" decoding=\"async\" loading=\"lazy\" srcset=\"https:\/\/hotelmarcopoloverona.it\/fr\/wp-content\/uploads\/sites\/3\/2018\/01\/Pacchetto-Benessere-777x462.jpg 777w, https:\/\/hotelmarcopoloverona.it\/fr\/wp-content\/uploads\/sites\/3\/2018\/01\/Pacchetto-Benessere-777x462-300x178.jpg 300w, https:\/\/hotelmarcopoloverona.it\/fr\/wp-content\/uploads\/sites\/3\/2018\/01\/Pacchetto-Benessere-777x462-768x457.jpg 768w, https:\/\/hotelmarcopoloverona.it\/fr\/wp-content\/uploads\/sites\/3\/2018\/01\/Pacchetto-Benessere-777x462-750x446.jpg 750w, https:\/\/hotelmarcopoloverona.it\/fr\/wp-content\/uploads\/sites\/3\/2018\/01\/Pacchetto-Benessere-777x462-555x330.jpg 555w\" sizes=\"(max-width: 750px) 100vw, 750px\" \/>\t\t\t\t\t\t\t\t\t\t\t<\/div>\n\t\t\t\t<\/div>\n\t\t\t\t<\/div>\n\t\t\t\t<div class=\"elementor-element elementor-element-8ac6d0c elementor-widget elementor-widget-text-editor\" data-id=\"8ac6d0c\" data-element_type=\"widget\" data-widget_type=\"text-editor.default\">\n\t\t\t\t<div class=\"elementor-widget-container\">\n\t\t\t\t\t<div class=\"elementor-text-editor elementor-clearfix\"><p>Le Centre Bien-\u00eatre \u00ab\u00a0<strong>Paradise SPA<\/strong>\u00a0\u00bb est ouvert 7 jours sur 7 \u00e0 partir de <strong>14h30<\/strong> jusqu\u2019\u00e0<strong> 21h00<\/strong>, dernier acc\u00e8s \u00e0 19h30. La dur\u00e9e pr\u00e9vue pour le parcours est de 1h 30 minutes. Le <strong>kit Spa<\/strong> comprend: peignoir, serviette, sandales de douche, acc\u00e8s au vestiaire fournis de casier \u00e0 cl\u00e9s. Il est obligatoire d\u2019utiliser le maillot. Acc\u00e8s interdit au mineurs de 15 ans.<\/p><\/div>\n\t\t\t\t<\/div>\n\t\t\t\t<\/div>\n\t\t\t\t<div class=\"elementor-element elementor-element-6b60caa elementor-widget elementor-widget-text-editor\" data-id=\"6b60caa\" data-element_type=\"widget\" data-widget_type=\"text-editor.default\">\n\t\t\t\t<div class=\"elementor-widget-container\">\n\t\t\t\t\t<div class=\"elementor-text-editor elementor-clearfix\"><p>Pour plus d\u2019informations joignez-nous \u00e0 l\u2019adresse e- mail: <a href=\"mailto:info@hotelmarcopoloverona.it\">info@hotelmarcopoloverona.it<\/a> ou, si pr\u00e9f\u00e9rez, en appelant au num\u00e9ros de t\u00e9l\u00e9phone: <a href=\"http:\/\/Tel:+390458010885\" data-wplink-url-error=\"true\">+390458010885<\/a><\/p><\/div>\n\t\t\t\t<\/div>\n\t\t\t\t<\/div>\n\t\t\t\t<div class=\"elementor-element elementor-element-70391fa7 elementor-widget elementor-widget-image\" data-id=\"70391fa7\" data-element_type=\"widget\" data-widget_type=\"image.default\">\n\t\t\t\t<div class=\"elementor-widget-container\">\n\t\t\t\t\t<div class=\"elementor-image\">\n\t\t\t\t\t\t\t\t\t\t<img width=\"364\" height=\"649\" src=\"https:\/\/hotelmarcopoloverona.it\/fr\/wp-content\/uploads\/sites\/3\/2018\/01\/Dettaglio-364x649.jpg\" class=\"attachment-full size-full\" alt=\"\" decoding=\"async\" loading=\"lazy\" srcset=\"https:\/\/hotelmarcopoloverona.it\/fr\/wp-content\/uploads\/sites\/3\/2018\/01\/Dettaglio-364x649.jpg 364w, https:\/\/hotelmarcopoloverona.it\/fr\/wp-content\/uploads\/sites\/3\/2018\/01\/Dettaglio-364x649-168x300.jpg 168w\" sizes=\"(max-width: 364px) 100vw, 364px\" \/>\t\t\t\t\t\t\t\t\t\t\t<\/div>\n\t\t\t\t<\/div>\n\t\t\t\t<\/div>\n\t\t\t\t\t\t<\/div>\n\t\t\t<\/div>\n\t\t<\/div>\n\t\t\t\t\t\t<\/div>\n\t\t\t<\/div>\n\t\t<\/section>\n\t\t\t\t<section class=\"elementor-element elementor-element-7405d394 elementor-section-content-middle elementor-section-boxed elementor-section-height-default elementor-section-height-default elementor-section elementor-top-section\" data-id=\"7405d394\" data-element_type=\"section\" data-settings=\"{&quot;background_background&quot;:&quot;classic&quot;}\">\n\t\t\t\t\t\t<div class=\"elementor-container elementor-column-gap-default\">\n\t\t\t\t<div class=\"elementor-row\">\n\t\t\t\t<div class=\"elementor-element elementor-element-371a2479 elementor-column elementor-col-100 elementor-top-column\" data-id=\"371a2479\" data-element_type=\"column\">\n\t\t\t<div class=\"elementor-column-wrap  elementor-element-populated\">\n\t\t\t\t\t<div class=\"elementor-widget-wrap\">\n\t\t\t\t<div class=\"elementor-element elementor-element-139df23c elementor-align-center elementor-invisible elementor-widget elementor-widget-button\" data-id=\"139df23c\" data-element_type=\"widget\" data-settings=\"{&quot;_animation&quot;:&quot;zoomIn&quot;}\" data-widget_type=\"button.default\">\n\t\t\t\t<div class=\"elementor-widget-container\">\n\t\t\t\t\t<div class=\"elementor-button-wrapper\">\n\t\t\t<a href=\"https:\/\/book.octorate.com\/octobook\/site\/reservation\/index.xhtml?siteKey=7954fee13c5bfad897ff2740cfbb61fb\" class=\"elementor-button-link elementor-button elementor-size-md\" role=\"button\">\n\t\t\t\t\t\t<span class=\"elementor-button-content-wrapper\">\n\t\t\t\t\t\t<span class=\"elementor-button-text\">R\u00e9servez<\/span>\n\t\t<\/span>\n\t\t\t\t\t<\/a>\n\t\t<\/div>\n\t\t\t\t<\/div>\n\t\t\t\t<\/div>\n\t\t\t\t\t\t<\/div>\n\t\t\t<\/div>\n\t\t<\/div>\n\t\t\t\t\t\t<\/div>\n\t\t\t<\/div>\n\t\t<\/section>\n\t\t\t\t\t\t<\/div>\n\t\t\t<\/div>\n\t\t<\/div>\n\t\t","protected":false},"excerpt":{"rendered":"<p>Forfait Bien-\u00eatre Donnez-vous des moments de pure et intense d\u00e9tente, relaxez-vous chez \u201cParadise Spa\u201d \u00e0 Verona. Profitez-vous du forfait Bien-\u00eatre pour vous offrir un s\u00e9jour inoubliable. Nous avons con\u00e7u pour vous une offre tr\u00e8s sp\u00e9cial: FORFAIT SPA + MASSAGE S\u00e9jour en chambre Superior; Acc\u00e8s au centre bien-\u00eatre \u201cParadise SPA\u201d (une entr\u00e9e pour deux personnes \/ [&hellip;]<\/p>\n","protected":false},"author":1,"featured_media":0,"parent":126,"menu_order":0,"comment_status":"closed","ping_status":"closed","template":"templates\/builder.php","meta":[],"yst_prominent_words":[],"_links":{"self":[{"href":"https:\/\/hotelmarcopoloverona.it\/fr\/wp-json\/wp\/v2\/pages\/243"}],"collection":[{"href":"https:\/\/hotelmarcopoloverona.it\/fr\/wp-json\/wp\/v2\/pages"}],"about":[{"href":"https:\/\/hotelmarcopoloverona.it\/fr\/wp-json\/wp\/v2\/types\/page"}],"author":[{"embeddable":true,"href":"https:\/\/hotelmarcopoloverona.it\/fr\/wp-json\/wp\/v2\/users\/1"}],"replies":[{"embeddable":true,"href":"https:\/\/hotelmarcopoloverona.it\/fr\/wp-json\/wp\/v2\/comments?post=243"}],"version-history":[{"count":0,"href":"https:\/\/hotelmarcopoloverona.it\/fr\/wp-json\/wp\/v2\/pages\/243\/revisions"}],"up":[{"embeddable":true,"href":"https:\/\/hotelmarcopoloverona.it\/fr\/wp-json\/wp\/v2\/pages\/126"}],"wp:attachment":[{"href":"https:\/\/hotelmarcopoloverona.it\/fr\/wp-json\/wp\/v2\/media?parent=243"}],"wp:term":[{"taxonomy":"yst_prominent_words","embeddable":true,"href":"https:\/\/hotelmarcopoloverona.it\/fr\/wp-json\/wp\/v2\/yst_prominent_words?post=243"}],"curies":[{"name":"wp","href":"https:\/\/api.w.org\/{rel}","templated":true}]}}