{"id":247,"date":"2018-01-09T17:55:57","date_gmt":"2018-01-09T16:55:57","guid":{"rendered":"https:\/\/hotelmarcopoloverona.it\/new\/?page_id=247"},"modified":"2020-01-08T00:27:51","modified_gmt":"2020-01-07T23:27:51","slug":"la-saint-valentin","status":"publish","type":"page","link":"https:\/\/hotelmarcopoloverona.it\/fr\/offres\/la-saint-valentin\/","title":{"rendered":"La Saint-Valentin"},"content":{"rendered":"\t\t<div data-elementor-type=\"wp-post\" data-elementor-id=\"247\" class=\"elementor elementor-247 elementor-bc-flex-widget\" data-elementor-settings=\"[]\">\n\t\t\t<div class=\"elementor-inner\">\n\t\t\t\t<div class=\"elementor-section-wrap\">\n\t\t\t\t\t\t\t<section class=\"elementor-element elementor-element-6b7caeb1 elementor-section-boxed elementor-section-height-default elementor-section-height-default elementor-section elementor-top-section\" data-id=\"6b7caeb1\" data-element_type=\"section\" data-settings=\"{&quot;background_background&quot;:&quot;classic&quot;}\">\n\t\t\t\t\t\t\t<div class=\"elementor-background-overlay\"><\/div>\n\t\t\t\t\t\t\t<div class=\"elementor-container elementor-column-gap-default\">\n\t\t\t\t<div class=\"elementor-row\">\n\t\t\t\t<div class=\"elementor-element elementor-element-232c9451 elementor-column elementor-col-100 elementor-top-column\" data-id=\"232c9451\" data-element_type=\"column\">\n\t\t\t<div class=\"elementor-column-wrap\">\n\t\t\t\t\t<div class=\"elementor-widget-wrap\">\n\t\t\t\t\t\t<\/div>\n\t\t\t<\/div>\n\t\t<\/div>\n\t\t\t\t\t\t<\/div>\n\t\t\t<\/div>\n\t\t<\/section>\n\t\t\t\t<section class=\"elementor-element elementor-element-3213ee71 elementor-section-boxed elementor-section-height-default elementor-section-height-default elementor-section elementor-top-section\" data-id=\"3213ee71\" data-element_type=\"section\">\n\t\t\t\t\t\t<div class=\"elementor-container elementor-column-gap-default\">\n\t\t\t\t<div class=\"elementor-row\">\n\t\t\t\t<div class=\"elementor-element elementor-element-5bda4073 elementor-column elementor-col-50 elementor-top-column\" data-id=\"5bda4073\" data-element_type=\"column\">\n\t\t\t<div class=\"elementor-column-wrap\">\n\t\t\t\t\t<div class=\"elementor-widget-wrap\">\n\t\t\t\t\t\t<\/div>\n\t\t\t<\/div>\n\t\t<\/div>\n\t\t\t\t<div class=\"elementor-element elementor-element-15c00db1 elementor-column elementor-col-50 elementor-top-column\" data-id=\"15c00db1\" data-element_type=\"column\">\n\t\t\t<div class=\"elementor-column-wrap  elementor-element-populated\">\n\t\t\t\t\t<div class=\"elementor-widget-wrap\">\n\t\t\t\t<div class=\"elementor-element elementor-element-358cce9d elementor-widget elementor-widget-heading\" data-id=\"358cce9d\" data-element_type=\"widget\" data-widget_type=\"heading.default\">\n\t\t\t\t<div class=\"elementor-widget-container\">\n\t\t\t<h1 class=\"elementor-heading-title elementor-size-default\">LA SAINT-VALENTIN<\/h1>\t\t<\/div>\n\t\t\t\t<\/div>\n\t\t\t\t<div class=\"elementor-element elementor-element-49c23f99 elementor-widget elementor-widget-text-editor\" data-id=\"49c23f99\" data-element_type=\"widget\" data-widget_type=\"text-editor.default\">\n\t\t\t\t<div class=\"elementor-widget-container\">\n\t\t\t\t\t<div class=\"elementor-text-editor elementor-clearfix\"><p>A\u2019 l\u2019occasion de la f\u00eate des amoureux, chaque ann\u00e9e \u00e0 V\u00e9rone ont lieu des manifestations et des \u00e9v\u00e9nements consacr\u00e9s \u00e0 la Saint-Valentin. Les visitateurs en visite dans cette p\u00e9riode de l\u2019ann\u00e9e appr\u00e9cient beaucoup cette atmosph\u00e8re particuli\u00e8re. D\u2019ailleurs V\u00e9rone est la ville tour court de l\u2019amour, de Romeo et Giulietta et la plus romantique d\u2019Italie. Ainsi dit, comment pourriez-vous d\u00e9cider de f\u00eater la Saint-Valentin ailleurs ? A\u2019 ce propos, nous avons con\u00e7u un forfait tr\u00e8s sp\u00e9cial pour les amoureux qui se rendent \u00e0 V\u00e9rone dans cette p\u00e9riode:<\/p><ul><li>S\u00e9jours romantique en chambre Superior;<\/li><li>Acc\u00e8s au centre bien-\u00eatre \u201cParadise SPA\u201d (90&prime; min);<\/li><li>Tisane;<\/li><li>Kit Bien-\u00eatre;<\/li><li>Bouquet de roses;<\/li><li>Bouteille de Prosecco;<\/li><li>Bonbons de Saint-Valentin;<div class=\"box-theme-4\"><div class=\"box-content custom-html\">\u00a0<\/div><\/div><div class=\"stepbar-container\">\u00a0<\/div><\/li><\/ul><p><strong data-redactor-tag=\"strong\">Sont Inclus dans le prix : le tarif de la chambre et des services mentionn\u00e9s ci-dessus.\u00a0<\/strong><\/p><\/div>\n\t\t\t\t<\/div>\n\t\t\t\t<\/div>\n\t\t\t\t\t\t<\/div>\n\t\t\t<\/div>\n\t\t<\/div>\n\t\t\t\t\t\t<\/div>\n\t\t\t<\/div>\n\t\t<\/section>\n\t\t\t\t<section class=\"elementor-element elementor-element-631440ca elementor-section-boxed elementor-section-height-default elementor-section-height-default elementor-section elementor-top-section\" data-id=\"631440ca\" data-element_type=\"section\">\n\t\t\t\t\t\t<div class=\"elementor-container elementor-column-gap-default\">\n\t\t\t\t<div class=\"elementor-row\">\n\t\t\t\t<div class=\"elementor-element elementor-element-6f259536 elementor-column elementor-col-100 elementor-top-column\" data-id=\"6f259536\" data-element_type=\"column\">\n\t\t\t<div class=\"elementor-column-wrap  elementor-element-populated\">\n\t\t\t\t\t<div class=\"elementor-widget-wrap\">\n\t\t\t\t<div class=\"elementor-element elementor-element-42e80df7 elementor-widget elementor-widget-image\" data-id=\"42e80df7\" data-element_type=\"widget\" data-widget_type=\"image.default\">\n\t\t\t\t<div class=\"elementor-widget-container\">\n\t\t\t\t\t<div class=\"elementor-image\">\n\t\t\t\t\t\t\t\t\t\t<img width=\"750\" height=\"446\" src=\"https:\/\/hotelmarcopoloverona.it\/fr\/wp-content\/uploads\/sites\/3\/2018\/01\/San-Valentino-777x462.jpg\" class=\"attachment-large size-large\" alt=\"\" decoding=\"async\" loading=\"lazy\" srcset=\"https:\/\/hotelmarcopoloverona.it\/fr\/wp-content\/uploads\/sites\/3\/2018\/01\/San-Valentino-777x462.jpg 777w, https:\/\/hotelmarcopoloverona.it\/fr\/wp-content\/uploads\/sites\/3\/2018\/01\/San-Valentino-777x462-300x178.jpg 300w, https:\/\/hotelmarcopoloverona.it\/fr\/wp-content\/uploads\/sites\/3\/2018\/01\/San-Valentino-777x462-768x457.jpg 768w, https:\/\/hotelmarcopoloverona.it\/fr\/wp-content\/uploads\/sites\/3\/2018\/01\/San-Valentino-777x462-750x446.jpg 750w, https:\/\/hotelmarcopoloverona.it\/fr\/wp-content\/uploads\/sites\/3\/2018\/01\/San-Valentino-777x462-555x330.jpg 555w\" sizes=\"(max-width: 750px) 100vw, 750px\" \/>\t\t\t\t\t\t\t\t\t\t\t<\/div>\n\t\t\t\t<\/div>\n\t\t\t\t<\/div>\n\t\t\t\t<div class=\"elementor-element elementor-element-1410c9b4 elementor-widget elementor-widget-text-editor\" data-id=\"1410c9b4\" data-element_type=\"widget\" data-widget_type=\"text-editor.default\">\n\t\t\t\t<div class=\"elementor-widget-container\">\n\t\t\t\t\t<div class=\"elementor-text-editor elementor-clearfix\"><p>Le centre bien-\u00eatre \u00ab\u00a0<strong>Paradise SPA<\/strong>\u00a0\u00bb ouvert 7 jour sur 7 \u00e0 partir de<strong> 14h30 <\/strong>jusqu\u2019\u00e0 <strong>21h00<\/strong>, dernier acc\u00e8s \u00e0 <strong>19h30<\/strong>. La dur\u00e9e pr\u00e9vue pour le parcours est de<strong> 1h30<\/strong> minutes. Le <strong>kit Spa<\/strong> comprend: peignoir, serviette,sandales de douche, acc\u00e8s au vestiaire fournis de casier \u00e0 cl\u00e9s. Il est obligatoire d\u2019utiliser le maillot. Acc\u00e8s interdit au mineurs de 15 ans.<\/p><\/div>\n\t\t\t\t<\/div>\n\t\t\t\t<\/div>\n\t\t\t\t<div class=\"elementor-element elementor-element-1d15c805 elementor-widget elementor-widget-text-editor\" data-id=\"1d15c805\" data-element_type=\"widget\" data-widget_type=\"text-editor.default\">\n\t\t\t\t<div class=\"elementor-widget-container\">\n\t\t\t\t\t<div class=\"elementor-text-editor elementor-clearfix\"><p>Pour plus d\u2019informations se mettre en contact \u00e0 l\u2019adresse e- mail: <a href=\"mailto:info@hotelmarcopoloverona.it\">info@hotelmarcopoloverona.it<\/a> ou, si vous pr\u00e9f\u00e9rez, en appelant au num\u00e9ros de t\u00e9l\u00e9phone: <a href=\"http:\/\/Tel:+390458010885\" data-wplink-url-error=\"true\">+390458010885<\/a><\/p><\/div>\n\t\t\t\t<\/div>\n\t\t\t\t<\/div>\n\t\t\t\t<div class=\"elementor-element elementor-element-ea82fa2 elementor-widget elementor-widget-image\" data-id=\"ea82fa2\" data-element_type=\"widget\" data-widget_type=\"image.default\">\n\t\t\t\t<div class=\"elementor-widget-container\">\n\t\t\t\t\t<div class=\"elementor-image\">\n\t\t\t\t\t\t\t\t\t\t<img width=\"364\" height=\"649\" src=\"https:\/\/hotelmarcopoloverona.it\/fr\/wp-content\/uploads\/sites\/3\/2018\/01\/San-Valentino-364x649.jpg\" class=\"attachment-large size-large\" alt=\"\" decoding=\"async\" loading=\"lazy\" srcset=\"https:\/\/hotelmarcopoloverona.it\/fr\/wp-content\/uploads\/sites\/3\/2018\/01\/San-Valentino-364x649.jpg 364w, https:\/\/hotelmarcopoloverona.it\/fr\/wp-content\/uploads\/sites\/3\/2018\/01\/San-Valentino-364x649-168x300.jpg 168w\" sizes=\"(max-width: 364px) 100vw, 364px\" \/>\t\t\t\t\t\t\t\t\t\t\t<\/div>\n\t\t\t\t<\/div>\n\t\t\t\t<\/div>\n\t\t\t\t\t\t<\/div>\n\t\t\t<\/div>\n\t\t<\/div>\n\t\t\t\t\t\t<\/div>\n\t\t\t<\/div>\n\t\t<\/section>\n\t\t\t\t<section class=\"elementor-element elementor-element-4fa3715c elementor-section-content-middle elementor-section-boxed elementor-section-height-default elementor-section-height-default elementor-section elementor-top-section\" data-id=\"4fa3715c\" data-element_type=\"section\" data-settings=\"{&quot;background_background&quot;:&quot;classic&quot;}\">\n\t\t\t\t\t\t<div class=\"elementor-container elementor-column-gap-default\">\n\t\t\t\t<div class=\"elementor-row\">\n\t\t\t\t<div class=\"elementor-element elementor-element-22db6ac6 elementor-column elementor-col-100 elementor-top-column\" data-id=\"22db6ac6\" data-element_type=\"column\">\n\t\t\t<div class=\"elementor-column-wrap  elementor-element-populated\">\n\t\t\t\t\t<div class=\"elementor-widget-wrap\">\n\t\t\t\t<div class=\"elementor-element elementor-element-749919de elementor-align-center elementor-invisible elementor-widget elementor-widget-button\" data-id=\"749919de\" data-element_type=\"widget\" data-settings=\"{&quot;_animation&quot;:&quot;zoomIn&quot;}\" data-widget_type=\"button.default\">\n\t\t\t\t<div class=\"elementor-widget-container\">\n\t\t\t\t\t<div class=\"elementor-button-wrapper\">\n\t\t\t<a href=\"https:\/\/booking.hotelmarcopoloverona.it\/book\/offer\/details?rate=7376&amp;layout=2725&amp;lang=fr&amp;currency=EUR&amp;nsid=f13c0e7b-fd45-485f-bab5-70506f39e0f6\" class=\"elementor-button-link elementor-button elementor-size-md\" role=\"button\">\n\t\t\t\t\t\t<span class=\"elementor-button-content-wrapper\">\n\t\t\t\t\t\t<span class=\"elementor-button-text\">R\u00e9servez<\/span>\n\t\t<\/span>\n\t\t\t\t\t<\/a>\n\t\t<\/div>\n\t\t\t\t<\/div>\n\t\t\t\t<\/div>\n\t\t\t\t\t\t<\/div>\n\t\t\t<\/div>\n\t\t<\/div>\n\t\t\t\t\t\t<\/div>\n\t\t\t<\/div>\n\t\t<\/section>\n\t\t\t\t\t\t<\/div>\n\t\t\t<\/div>\n\t\t<\/div>\n\t\t","protected":false},"excerpt":{"rendered":"<p>LA SAINT-VALENTIN A\u2019 l\u2019occasion de la f\u00eate des amoureux, chaque ann\u00e9e \u00e0 V\u00e9rone ont lieu des manifestations et des \u00e9v\u00e9nements consacr\u00e9s \u00e0 la Saint-Valentin. Les visitateurs en visite dans cette p\u00e9riode de l\u2019ann\u00e9e appr\u00e9cient beaucoup cette atmosph\u00e8re particuli\u00e8re. D\u2019ailleurs V\u00e9rone est la ville tour court de l\u2019amour, de Romeo et Giulietta et la plus romantique [&hellip;]<\/p>\n","protected":false},"author":1,"featured_media":0,"parent":126,"menu_order":0,"comment_status":"closed","ping_status":"closed","template":"templates\/builder.php","meta":[],"yst_prominent_words":[],"_links":{"self":[{"href":"https:\/\/hotelmarcopoloverona.it\/fr\/wp-json\/wp\/v2\/pages\/247"}],"collection":[{"href":"https:\/\/hotelmarcopoloverona.it\/fr\/wp-json\/wp\/v2\/pages"}],"about":[{"href":"https:\/\/hotelmarcopoloverona.it\/fr\/wp-json\/wp\/v2\/types\/page"}],"author":[{"embeddable":true,"href":"https:\/\/hotelmarcopoloverona.it\/fr\/wp-json\/wp\/v2\/users\/1"}],"replies":[{"embeddable":true,"href":"https:\/\/hotelmarcopoloverona.it\/fr\/wp-json\/wp\/v2\/comments?post=247"}],"version-history":[{"count":0,"href":"https:\/\/hotelmarcopoloverona.it\/fr\/wp-json\/wp\/v2\/pages\/247\/revisions"}],"up":[{"embeddable":true,"href":"https:\/\/hotelmarcopoloverona.it\/fr\/wp-json\/wp\/v2\/pages\/126"}],"wp:attachment":[{"href":"https:\/\/hotelmarcopoloverona.it\/fr\/wp-json\/wp\/v2\/media?parent=247"}],"wp:term":[{"taxonomy":"yst_prominent_words","embeddable":true,"href":"https:\/\/hotelmarcopoloverona.it\/fr\/wp-json\/wp\/v2\/yst_prominent_words?post=247"}],"curies":[{"name":"wp","href":"https:\/\/api.w.org\/{rel}","templated":true}]}}