{"id":253,"date":"2018-01-09T18:35:03","date_gmt":"2018-01-09T17:35:03","guid":{"rendered":"https:\/\/hotelmarcopoloverona.it\/new\/?page_id=253"},"modified":"2018-11-16T16:20:13","modified_gmt":"2018-11-16T15:20:13","slug":"forfait-nouvel-an","status":"publish","type":"page","link":"https:\/\/hotelmarcopoloverona.it\/fr\/offres\/forfait-nouvel-an\/","title":{"rendered":"Forfait Nouvel An"},"content":{"rendered":"\t\t<div data-elementor-type=\"wp-post\" data-elementor-id=\"253\" class=\"elementor elementor-253 elementor-bc-flex-widget\" data-elementor-settings=\"[]\">\n\t\t\t<div class=\"elementor-inner\">\n\t\t\t\t<div class=\"elementor-section-wrap\">\n\t\t\t\t\t\t\t<section class=\"elementor-element elementor-element-383265dd elementor-section-boxed elementor-section-height-default elementor-section-height-default elementor-section elementor-top-section\" data-id=\"383265dd\" data-element_type=\"section\" data-settings=\"{&quot;background_background&quot;:&quot;classic&quot;}\">\n\t\t\t\t\t\t\t<div class=\"elementor-background-overlay\"><\/div>\n\t\t\t\t\t\t\t<div class=\"elementor-container elementor-column-gap-default\">\n\t\t\t\t<div class=\"elementor-row\">\n\t\t\t\t<div class=\"elementor-element elementor-element-5727cb59 elementor-column elementor-col-100 elementor-top-column\" data-id=\"5727cb59\" data-element_type=\"column\">\n\t\t\t<div class=\"elementor-column-wrap\">\n\t\t\t\t\t<div class=\"elementor-widget-wrap\">\n\t\t\t\t\t\t<\/div>\n\t\t\t<\/div>\n\t\t<\/div>\n\t\t\t\t\t\t<\/div>\n\t\t\t<\/div>\n\t\t<\/section>\n\t\t\t\t<section class=\"elementor-element elementor-element-41c9a30e elementor-section-boxed elementor-section-height-default elementor-section-height-default elementor-section elementor-top-section\" data-id=\"41c9a30e\" data-element_type=\"section\">\n\t\t\t\t\t\t<div class=\"elementor-container elementor-column-gap-default\">\n\t\t\t\t<div class=\"elementor-row\">\n\t\t\t\t<div class=\"elementor-element elementor-element-537cc9ac elementor-column elementor-col-50 elementor-top-column\" data-id=\"537cc9ac\" data-element_type=\"column\">\n\t\t\t<div class=\"elementor-column-wrap\">\n\t\t\t\t\t<div class=\"elementor-widget-wrap\">\n\t\t\t\t\t\t<\/div>\n\t\t\t<\/div>\n\t\t<\/div>\n\t\t\t\t<div class=\"elementor-element elementor-element-5a0008f6 elementor-column elementor-col-50 elementor-top-column\" data-id=\"5a0008f6\" data-element_type=\"column\">\n\t\t\t<div class=\"elementor-column-wrap  elementor-element-populated\">\n\t\t\t\t\t<div class=\"elementor-widget-wrap\">\n\t\t\t\t<div class=\"elementor-element elementor-element-629a75dc elementor-widget elementor-widget-heading\" data-id=\"629a75dc\" data-element_type=\"widget\" data-widget_type=\"heading.default\">\n\t\t\t\t<div class=\"elementor-widget-container\">\n\t\t\t<h1 class=\"elementor-heading-title elementor-size-default\"><a href=\"\/contatti\/\">Forfait Nouvel An<\/a><\/h1>\t\t<\/div>\n\t\t\t\t<\/div>\n\t\t\t\t<div class=\"elementor-element elementor-element-21f44543 elementor-widget elementor-widget-text-editor\" data-id=\"21f44543\" data-element_type=\"widget\" data-widget_type=\"text-editor.default\">\n\t\t\t\t<div class=\"elementor-widget-container\">\n\t\t\t\t\t<div class=\"elementor-text-editor elementor-clearfix\"><p>Donnes-vous une fin d&rsquo;ann\u00e8e inoubliable \u00e0 V\u00e9rone \u00e0 l&rsquo;H\u00f4tel Maroc Polo. Profitez de l&rsquo;occasion et passez la derni\u00e8re ann\u00e9e dans l&rsquo;une des ville les plus belles et les plus romantiques d&rsquo;italie. V\u00e9rone est une ville intemporelle, riche en histoire et fascinante. Pour cette occasion, l&rsquo;h\u00f4tel Marco Polo a pens\u00e9 \u00e0 votre d\u00e9tente et \u00e0 votre bien-\u00eatre en vous proposant un forfait tr\u00e8s pratique et int\u00e9ressant.<\/p><ul><li>S\u00e9journez au moins deux nuits dans une chambre sup\u00e9rieure;<\/li><li>Entr\u00e9e au centre de bien-\u00eatre Paradise SPA(90 min);<\/li><li>Un traitement par personne par paquet (55&rsquo;min);<\/li><li>Tisane de conclusion;<\/li><li>Trousse de bien-\u00eatre;<\/li><li>Deux billets pour les berceaux dans l&rsquo;ar\u00e8ne;<\/li><li>Dessert typique de V\u00e9rone;<\/li><li>Bouteille de vin mousseux;<\/li><li>Petit cadeau surprise;<\/li><li>Brunch premier de l&rsquo;ann\u00e9e;<\/li><li>D\u00e9part tardif;<\/li><\/ul><p><strong data-redactor-tag=\"strong\">Le prix du forfait comprend le tarif de la chambre et les services \u00e9num\u00e9r\u00e9s ci-dessus.\u00a0<\/strong><\/p><\/div>\n\t\t\t\t<\/div>\n\t\t\t\t<\/div>\n\t\t\t\t\t\t<\/div>\n\t\t\t<\/div>\n\t\t<\/div>\n\t\t\t\t\t\t<\/div>\n\t\t\t<\/div>\n\t\t<\/section>\n\t\t\t\t<section class=\"elementor-element elementor-element-7935f419 elementor-section-boxed elementor-section-height-default elementor-section-height-default elementor-section elementor-top-section\" data-id=\"7935f419\" data-element_type=\"section\">\n\t\t\t\t\t\t<div class=\"elementor-container elementor-column-gap-default\">\n\t\t\t\t<div class=\"elementor-row\">\n\t\t\t\t<div class=\"elementor-element elementor-element-d60ba6 elementor-column elementor-col-100 elementor-top-column\" data-id=\"d60ba6\" data-element_type=\"column\">\n\t\t\t<div class=\"elementor-column-wrap  elementor-element-populated\">\n\t\t\t\t\t<div class=\"elementor-widget-wrap\">\n\t\t\t\t<div class=\"elementor-element elementor-element-5e9bac16 elementor-widget elementor-widget-image\" data-id=\"5e9bac16\" data-element_type=\"widget\" data-widget_type=\"image.default\">\n\t\t\t\t<div class=\"elementor-widget-container\">\n\t\t\t\t\t<div class=\"elementor-image\">\n\t\t\t\t\t\t\t\t\t\t<img width=\"750\" height=\"446\" src=\"https:\/\/hotelmarcopoloverona.it\/fr\/wp-content\/uploads\/sites\/3\/2018\/01\/Pacchetto-Capodanno-777x462.jpg\" class=\"attachment-large size-large\" alt=\"\" decoding=\"async\" loading=\"lazy\" srcset=\"https:\/\/hotelmarcopoloverona.it\/fr\/wp-content\/uploads\/sites\/3\/2018\/01\/Pacchetto-Capodanno-777x462.jpg 777w, https:\/\/hotelmarcopoloverona.it\/fr\/wp-content\/uploads\/sites\/3\/2018\/01\/Pacchetto-Capodanno-777x462-300x178.jpg 300w, https:\/\/hotelmarcopoloverona.it\/fr\/wp-content\/uploads\/sites\/3\/2018\/01\/Pacchetto-Capodanno-777x462-768x457.jpg 768w, https:\/\/hotelmarcopoloverona.it\/fr\/wp-content\/uploads\/sites\/3\/2018\/01\/Pacchetto-Capodanno-777x462-750x446.jpg 750w, https:\/\/hotelmarcopoloverona.it\/fr\/wp-content\/uploads\/sites\/3\/2018\/01\/Pacchetto-Capodanno-777x462-555x330.jpg 555w\" sizes=\"(max-width: 750px) 100vw, 750px\" \/>\t\t\t\t\t\t\t\t\t\t\t<\/div>\n\t\t\t\t<\/div>\n\t\t\t\t<\/div>\n\t\t\t\t<div class=\"elementor-element elementor-element-5470dbda elementor-widget elementor-widget-text-editor\" data-id=\"5470dbda\" data-element_type=\"widget\" data-widget_type=\"text-editor.default\">\n\t\t\t\t<div class=\"elementor-widget-container\">\n\t\t\t\t\t<div class=\"elementor-text-editor elementor-clearfix\">Avez-vous d\u00e9j\u00e0 pens\u00e9 \u00e0 quoi faire pour la derni\u00e8re ann\u00e9e? Si vous pensez que V\u00e9rone sera la prochaine destination pour passer le Nouvel An, profitez d&rsquo;un s\u00e9jour \u00e0 l&rsquo;h\u00f4tel Marco Polo et d\u00e9couvrez nos offres. Pour vous, nous avons pens\u00e9 \u00e0 quelque chose de tr\u00e8s sp\u00e9cial.<\/div>\n\t\t\t\t<\/div>\n\t\t\t\t<\/div>\n\t\t\t\t<div class=\"elementor-element elementor-element-4946d7a elementor-widget elementor-widget-text-editor\" data-id=\"4946d7a\" data-element_type=\"widget\" data-widget_type=\"text-editor.default\">\n\t\t\t\t<div class=\"elementor-widget-container\">\n\t\t\t\t\t<div class=\"elementor-text-editor elementor-clearfix\"><p>Le centre bien-\u00eatre est ouvert 7 jour sur 7, \u00e0 partir de <strong>14h30<\/strong> jusqu\u2019\u00e0 <strong>21h00<\/strong>. Un derni\u00e8re acc\u00e8s aura lieu \u00e0<strong> 19h30<\/strong>. La dur\u00e9e pr\u00e9vue pour le parcours est de <strong>1h 30<\/strong> minutes. Le kit bien-\u00eatre (peignoir, serviette, sandales \u00e0 bain, acc\u00e8s aux vestiaire fournis de casier \u00e0 cl\u00e9). Il est obligatoire le maillot. Il est interdit d\u2019entrer aux mineurs de 15 ans.<\/p><\/div>\n\t\t\t\t<\/div>\n\t\t\t\t<\/div>\n\t\t\t\t<div class=\"elementor-element elementor-element-2d498192 elementor-widget elementor-widget-text-editor\" data-id=\"2d498192\" data-element_type=\"widget\" data-widget_type=\"text-editor.default\">\n\t\t\t\t<div class=\"elementor-widget-container\">\n\t\t\t\t\t<div class=\"elementor-text-editor elementor-clearfix\">Pour plus d&rsquo;informations contacter l&rsquo;adresse e-mail <a href=\"mailto:info@hotelmarcopoloverona.it\">info@hotelmarcopoloverona.it<\/a> ou appelez le num\u00e9ro de t\u00e9l\u00e9phone: <a href=\"http:\/\/Tel:+39045801088\">+39045801088<\/a><\/div>\n\t\t\t\t<\/div>\n\t\t\t\t<\/div>\n\t\t\t\t<div class=\"elementor-element elementor-element-190e9269 elementor-widget elementor-widget-image\" data-id=\"190e9269\" data-element_type=\"widget\" data-widget_type=\"image.default\">\n\t\t\t\t<div class=\"elementor-widget-container\">\n\t\t\t\t\t<div class=\"elementor-image\">\n\t\t\t\t\t\t\t\t\t\t<img width=\"364\" height=\"649\" src=\"https:\/\/hotelmarcopoloverona.it\/fr\/wp-content\/uploads\/sites\/3\/2018\/01\/Pacchetto-Capodanno-364x649.jpg\" class=\"attachment-full size-full\" alt=\"\" decoding=\"async\" loading=\"lazy\" srcset=\"https:\/\/hotelmarcopoloverona.it\/fr\/wp-content\/uploads\/sites\/3\/2018\/01\/Pacchetto-Capodanno-364x649.jpg 364w, https:\/\/hotelmarcopoloverona.it\/fr\/wp-content\/uploads\/sites\/3\/2018\/01\/Pacchetto-Capodanno-364x649-168x300.jpg 168w\" sizes=\"(max-width: 364px) 100vw, 364px\" \/>\t\t\t\t\t\t\t\t\t\t\t<\/div>\n\t\t\t\t<\/div>\n\t\t\t\t<\/div>\n\t\t\t\t\t\t<\/div>\n\t\t\t<\/div>\n\t\t<\/div>\n\t\t\t\t\t\t<\/div>\n\t\t\t<\/div>\n\t\t<\/section>\n\t\t\t\t<section class=\"elementor-element elementor-element-1b288e71 elementor-section-content-middle elementor-section-boxed elementor-section-height-default elementor-section-height-default elementor-section elementor-top-section\" data-id=\"1b288e71\" data-element_type=\"section\" data-settings=\"{&quot;background_background&quot;:&quot;classic&quot;}\">\n\t\t\t\t\t\t<div class=\"elementor-container elementor-column-gap-default\">\n\t\t\t\t<div class=\"elementor-row\">\n\t\t\t\t<div class=\"elementor-element elementor-element-108dc272 elementor-column elementor-col-100 elementor-top-column\" data-id=\"108dc272\" data-element_type=\"column\">\n\t\t\t<div class=\"elementor-column-wrap  elementor-element-populated\">\n\t\t\t\t\t<div class=\"elementor-widget-wrap\">\n\t\t\t\t<div class=\"elementor-element elementor-element-513e1584 elementor-align-center elementor-invisible elementor-widget elementor-widget-button\" data-id=\"513e1584\" data-element_type=\"widget\" data-settings=\"{&quot;_animation&quot;:&quot;zoomIn&quot;}\" data-widget_type=\"button.default\">\n\t\t\t\t<div class=\"elementor-widget-container\">\n\t\t\t\t\t<div class=\"elementor-button-wrapper\">\n\t\t\t<a href=\"https:\/\/booking.hotelmarcopoloverona.it\/book\/offer\/details?rate=9581&amp;layout=2725&amp;lang=fr&amp;currency=EUR&amp;nsid=f13c0e7b-fd45-485f-bab5-70506f39e0f6\" class=\"elementor-button-link elementor-button elementor-size-md\" role=\"button\">\n\t\t\t\t\t\t<span class=\"elementor-button-content-wrapper\">\n\t\t\t\t\t\t<span class=\"elementor-button-text\">R\u00e9servez<\/span>\n\t\t<\/span>\n\t\t\t\t\t<\/a>\n\t\t<\/div>\n\t\t\t\t<\/div>\n\t\t\t\t<\/div>\n\t\t\t\t\t\t<\/div>\n\t\t\t<\/div>\n\t\t<\/div>\n\t\t\t\t\t\t<\/div>\n\t\t\t<\/div>\n\t\t<\/section>\n\t\t\t\t\t\t<\/div>\n\t\t\t<\/div>\n\t\t<\/div>\n\t\t","protected":false},"excerpt":{"rendered":"<p>Forfait Nouvel An Donnes-vous une fin d&rsquo;ann\u00e8e inoubliable \u00e0 V\u00e9rone \u00e0 l&rsquo;H\u00f4tel Maroc Polo. Profitez de l&rsquo;occasion et passez la derni\u00e8re ann\u00e9e dans l&rsquo;une des ville les plus belles et les plus romantiques d&rsquo;italie. V\u00e9rone est une ville intemporelle, riche en histoire et fascinante. Pour cette occasion, l&rsquo;h\u00f4tel Marco Polo a pens\u00e9 \u00e0 votre d\u00e9tente [&hellip;]<\/p>\n","protected":false},"author":1,"featured_media":254,"parent":126,"menu_order":0,"comment_status":"closed","ping_status":"closed","template":"templates\/builder.php","meta":[],"yst_prominent_words":[375,293,377,372,374,251,288,373,304,378,235,144,347,327,13,376,371,325,298,367],"_links":{"self":[{"href":"https:\/\/hotelmarcopoloverona.it\/fr\/wp-json\/wp\/v2\/pages\/253"}],"collection":[{"href":"https:\/\/hotelmarcopoloverona.it\/fr\/wp-json\/wp\/v2\/pages"}],"about":[{"href":"https:\/\/hotelmarcopoloverona.it\/fr\/wp-json\/wp\/v2\/types\/page"}],"author":[{"embeddable":true,"href":"https:\/\/hotelmarcopoloverona.it\/fr\/wp-json\/wp\/v2\/users\/1"}],"replies":[{"embeddable":true,"href":"https:\/\/hotelmarcopoloverona.it\/fr\/wp-json\/wp\/v2\/comments?post=253"}],"version-history":[{"count":0,"href":"https:\/\/hotelmarcopoloverona.it\/fr\/wp-json\/wp\/v2\/pages\/253\/revisions"}],"up":[{"embeddable":true,"href":"https:\/\/hotelmarcopoloverona.it\/fr\/wp-json\/wp\/v2\/pages\/126"}],"wp:featuredmedia":[{"embeddable":true,"href":"https:\/\/hotelmarcopoloverona.it\/fr\/wp-json\/wp\/v2\/media\/254"}],"wp:attachment":[{"href":"https:\/\/hotelmarcopoloverona.it\/fr\/wp-json\/wp\/v2\/media?parent=253"}],"wp:term":[{"taxonomy":"yst_prominent_words","embeddable":true,"href":"https:\/\/hotelmarcopoloverona.it\/fr\/wp-json\/wp\/v2\/yst_prominent_words?post=253"}],"curies":[{"name":"wp","href":"https:\/\/api.w.org\/{rel}","templated":true}]}}