{"id":257,"date":"2018-01-09T18:49:44","date_gmt":"2018-01-09T17:49:44","guid":{"rendered":"https:\/\/hotelmarcopoloverona.it\/new\/?page_id=257"},"modified":"2018-02-15T12:41:06","modified_gmt":"2018-02-15T11:41:06","slug":"decouvrez-verona","status":"publish","type":"page","link":"https:\/\/hotelmarcopoloverona.it\/fr\/verone\/decouvrez-verona\/","title":{"rendered":"D\u00e9couvrez Verona"},"content":{"rendered":"\t\t<div data-elementor-type=\"wp-post\" data-elementor-id=\"257\" class=\"elementor elementor-257 elementor-bc-flex-widget\" data-elementor-settings=\"[]\">\n\t\t\t<div class=\"elementor-inner\">\n\t\t\t\t<div class=\"elementor-section-wrap\">\n\t\t\t\t\t\t\t<section class=\"elementor-element elementor-element-1aa088a0 elementor-section-boxed elementor-section-height-default elementor-section-height-default elementor-section elementor-top-section\" data-id=\"1aa088a0\" data-element_type=\"section\" data-settings=\"{&quot;background_background&quot;:&quot;classic&quot;}\">\n\t\t\t\t\t\t\t<div class=\"elementor-background-overlay\"><\/div>\n\t\t\t\t\t\t\t<div class=\"elementor-container elementor-column-gap-default\">\n\t\t\t\t<div class=\"elementor-row\">\n\t\t\t\t<div class=\"elementor-element elementor-element-cfe3027 elementor-column elementor-col-100 elementor-top-column\" data-id=\"cfe3027\" data-element_type=\"column\">\n\t\t\t<div class=\"elementor-column-wrap\">\n\t\t\t\t\t<div class=\"elementor-widget-wrap\">\n\t\t\t\t\t\t<\/div>\n\t\t\t<\/div>\n\t\t<\/div>\n\t\t\t\t\t\t<\/div>\n\t\t\t<\/div>\n\t\t<\/section>\n\t\t\t\t<section class=\"elementor-element elementor-element-60413887 elementor-section-boxed elementor-section-height-default elementor-section-height-default elementor-section elementor-top-section\" data-id=\"60413887\" data-element_type=\"section\">\n\t\t\t\t\t\t<div class=\"elementor-container elementor-column-gap-default\">\n\t\t\t\t<div class=\"elementor-row\">\n\t\t\t\t<div class=\"elementor-element elementor-element-506179b7 elementor-column elementor-col-50 elementor-top-column\" data-id=\"506179b7\" data-element_type=\"column\">\n\t\t\t<div class=\"elementor-column-wrap\">\n\t\t\t\t\t<div class=\"elementor-widget-wrap\">\n\t\t\t\t\t\t<\/div>\n\t\t\t<\/div>\n\t\t<\/div>\n\t\t\t\t<div class=\"elementor-element elementor-element-602366c5 elementor-column elementor-col-50 elementor-top-column\" data-id=\"602366c5\" data-element_type=\"column\">\n\t\t\t<div class=\"elementor-column-wrap  elementor-element-populated\">\n\t\t\t\t\t<div class=\"elementor-widget-wrap\">\n\t\t\t\t<div class=\"elementor-element elementor-element-cd3fd21 elementor-widget elementor-widget-heading\" data-id=\"cd3fd21\" data-element_type=\"widget\" data-widget_type=\"heading.default\">\n\t\t\t\t<div class=\"elementor-widget-container\">\n\t\t\t<h1 class=\"elementor-heading-title elementor-size-default\"><a href=\"\/contatti\/\">D\u00c9COUVREZ VERONA<\/a><\/h1>\t\t<\/div>\n\t\t\t\t<\/div>\n\t\t\t\t<div class=\"elementor-element elementor-element-3f3252b9 elementor-widget elementor-widget-text-editor\" data-id=\"3f3252b9\" data-element_type=\"widget\" data-widget_type=\"text-editor.default\">\n\t\t\t\t<div class=\"elementor-widget-container\">\n\t\t\t\t\t<div class=\"elementor-text-editor elementor-clearfix\"><p>Combien de fois vous auriez voulu en savoir plus \u00e0 propos de l\u2019histoire d\u2019un monument d\u2019une ville visit\u00e9e pour la premi\u00e8re fois mais sans une guide qui \u00e9tait l\u00e0 pour vous aider? Combien de fois, en rentrant chez vous, vous avez exp\u00e9riment\u00e9 des remords pour les choses incomprises rest\u00e9es \u00e0 l\u2019esprit?<\/p><p>Nous pensons qu\u2019il vaut la peine di visiter Verona, une des plus belles villes d\u2019Italie, en lui consacrant du temps pour mieux la conna\u00eetre. La seule fa\u00e7on d\u2019en saisir la richesse historique et artistique. A\u2019 ce but, nous vous proposons des visites guid\u00e9es consacr\u00e9es \u00e0 la d\u00e9couverte de cette ville merveilleuse.<\/p><p>Une exp\u00e9rience culturelle avec une guide touristique repr\u00e9sente une occasion unique de vraie connaissance des richesses et de la beaut\u00e9 de cette ville Scaligera . Gr\u00e2ce \u00e0 nos visites guid\u00e9es, Verona n\u2019aura plus de secrets pour nos clients?<\/p><\/div>\n\t\t\t\t<\/div>\n\t\t\t\t<\/div>\n\t\t\t\t\t\t<\/div>\n\t\t\t<\/div>\n\t\t<\/div>\n\t\t\t\t\t\t<\/div>\n\t\t\t<\/div>\n\t\t<\/section>\n\t\t\t\t<section class=\"elementor-element elementor-element-3a5be357 elementor-section-boxed elementor-section-height-default elementor-section-height-default elementor-section elementor-top-section\" data-id=\"3a5be357\" data-element_type=\"section\">\n\t\t\t\t\t\t<div class=\"elementor-container elementor-column-gap-default\">\n\t\t\t\t<div class=\"elementor-row\">\n\t\t\t\t<div class=\"elementor-element elementor-element-1b71474b elementor-column elementor-col-100 elementor-top-column\" data-id=\"1b71474b\" data-element_type=\"column\">\n\t\t\t<div class=\"elementor-column-wrap  elementor-element-populated\">\n\t\t\t\t\t<div class=\"elementor-widget-wrap\">\n\t\t\t\t<div class=\"elementor-element elementor-element-90c413f elementor-widget elementor-widget-image\" data-id=\"90c413f\" data-element_type=\"widget\" data-widget_type=\"image.default\">\n\t\t\t\t<div class=\"elementor-widget-container\">\n\t\t\t\t\t<div class=\"elementor-image\">\n\t\t\t\t\t\t\t\t\t\t<img width=\"750\" height=\"446\" src=\"https:\/\/hotelmarcopoloverona.it\/fr\/wp-content\/uploads\/sites\/3\/2018\/01\/Scopri-Verona-777x462.jpg\" class=\"attachment-large size-large\" alt=\"\" decoding=\"async\" loading=\"lazy\" srcset=\"https:\/\/hotelmarcopoloverona.it\/fr\/wp-content\/uploads\/sites\/3\/2018\/01\/Scopri-Verona-777x462.jpg 777w, https:\/\/hotelmarcopoloverona.it\/fr\/wp-content\/uploads\/sites\/3\/2018\/01\/Scopri-Verona-777x462-300x178.jpg 300w, https:\/\/hotelmarcopoloverona.it\/fr\/wp-content\/uploads\/sites\/3\/2018\/01\/Scopri-Verona-777x462-768x457.jpg 768w, https:\/\/hotelmarcopoloverona.it\/fr\/wp-content\/uploads\/sites\/3\/2018\/01\/Scopri-Verona-777x462-750x446.jpg 750w, https:\/\/hotelmarcopoloverona.it\/fr\/wp-content\/uploads\/sites\/3\/2018\/01\/Scopri-Verona-777x462-555x330.jpg 555w\" sizes=\"(max-width: 750px) 100vw, 750px\" \/>\t\t\t\t\t\t\t\t\t\t\t<\/div>\n\t\t\t\t<\/div>\n\t\t\t\t<\/div>\n\t\t\t\t<div class=\"elementor-element elementor-element-101b35c4 elementor-widget elementor-widget-text-editor\" data-id=\"101b35c4\" data-element_type=\"widget\" data-widget_type=\"text-editor.default\">\n\t\t\t\t<div class=\"elementor-widget-container\">\n\t\t\t\t\t<div class=\"elementor-text-editor elementor-clearfix\">Les attractions touristiques principales de la ville sont : l\u2019Arena, Piazza Bra, Piazza delle Erbe, Piazza dei Signori avec la Loggia del Consiglio et le Arche Scaligere, la casa (Maison) et il balcone di Giulietta (Balcon de Juliette), il museo (le Mus\u00e9e) di Castelvecchio, les merveilleuses Chiese (Les \u00e9glises) de la ville et il Ponte Pietra (Pont Pietra). Notre guide touristique professionnelle vous am\u00e8nera visiter ces sites, \u00e0 votre choix. Nous signalons la possibilit\u00e9 de visites individuel ou de groupe. Dur\u00e9e des visites: 1h ou 2h. Il convient de saisir cette pr\u00e9cieuse opportunit\u00e9 qui vous permettra de vivre pleinement une ville ainsi charmante.<\/div>\n\t\t\t\t<\/div>\n\t\t\t\t<\/div>\n\t\t\t\t<div class=\"elementor-element elementor-element-77cef54e elementor-widget elementor-widget-text-editor\" data-id=\"77cef54e\" data-element_type=\"widget\" data-widget_type=\"text-editor.default\">\n\t\t\t\t<div class=\"elementor-widget-container\">\n\t\t\t\t\t<div class=\"elementor-text-editor elementor-clearfix\"><p>Pour plus de d\u00e9tails, veuillez nous joindre \u00e0 l\u2019 adresse e-mail: <a href=\"mailto:info@hotelmarcopoloverona.it\">info@hotelmarcopoloverona.it<\/a> au num\u00e9ros de t\u00e9l\u00e9phone: <a href=\"http:\/\/Tel:+390454649275\" data-wplink-url-error=\"true\">+390454649275<\/a><\/p><\/div>\n\t\t\t\t<\/div>\n\t\t\t\t<\/div>\n\t\t\t\t<div class=\"elementor-element elementor-element-654f245a elementor-widget elementor-widget-image\" data-id=\"654f245a\" data-element_type=\"widget\" data-widget_type=\"image.default\">\n\t\t\t\t<div class=\"elementor-widget-container\">\n\t\t\t\t\t<div class=\"elementor-image\">\n\t\t\t\t\t\t\t\t\t\t<img width=\"364\" height=\"649\" src=\"https:\/\/hotelmarcopoloverona.it\/fr\/wp-content\/uploads\/sites\/3\/2018\/01\/Scopri-Verona-364x649.jpg\" class=\"attachment-full size-full\" alt=\"\" decoding=\"async\" loading=\"lazy\" srcset=\"https:\/\/hotelmarcopoloverona.it\/fr\/wp-content\/uploads\/sites\/3\/2018\/01\/Scopri-Verona-364x649.jpg 364w, https:\/\/hotelmarcopoloverona.it\/fr\/wp-content\/uploads\/sites\/3\/2018\/01\/Scopri-Verona-364x649-168x300.jpg 168w\" sizes=\"(max-width: 364px) 100vw, 364px\" \/>\t\t\t\t\t\t\t\t\t\t\t<\/div>\n\t\t\t\t<\/div>\n\t\t\t\t<\/div>\n\t\t\t\t\t\t<\/div>\n\t\t\t<\/div>\n\t\t<\/div>\n\t\t\t\t\t\t<\/div>\n\t\t\t<\/div>\n\t\t<\/section>\n\t\t\t\t<section class=\"elementor-element elementor-element-5de660e4 elementor-section-content-middle elementor-section-boxed elementor-section-height-default elementor-section-height-default elementor-section elementor-top-section\" data-id=\"5de660e4\" data-element_type=\"section\" data-settings=\"{&quot;background_background&quot;:&quot;classic&quot;}\">\n\t\t\t\t\t\t<div class=\"elementor-container elementor-column-gap-default\">\n\t\t\t\t<div class=\"elementor-row\">\n\t\t\t\t<div class=\"elementor-element elementor-element-63f569cf elementor-column elementor-col-100 elementor-top-column\" data-id=\"63f569cf\" data-element_type=\"column\">\n\t\t\t<div class=\"elementor-column-wrap  elementor-element-populated\">\n\t\t\t\t\t<div class=\"elementor-widget-wrap\">\n\t\t\t\t<div class=\"elementor-element elementor-element-50fbbdcc elementor-align-center elementor-invisible elementor-widget elementor-widget-button\" data-id=\"50fbbdcc\" data-element_type=\"widget\" data-settings=\"{&quot;_animation&quot;:&quot;zoomIn&quot;}\" data-widget_type=\"button.default\">\n\t\t\t\t<div class=\"elementor-widget-container\">\n\t\t\t\t\t<div class=\"elementor-button-wrapper\">\n\t\t\t<a href=\"\/fr\/contatti\/\" class=\"elementor-button-link elementor-button elementor-size-md\" role=\"button\">\n\t\t\t\t\t\t<span class=\"elementor-button-content-wrapper\">\n\t\t\t\t\t\t<span class=\"elementor-button-text\">contactez-nous  <\/span>\n\t\t<\/span>\n\t\t\t\t\t<\/a>\n\t\t<\/div>\n\t\t\t\t<\/div>\n\t\t\t\t<\/div>\n\t\t\t\t\t\t<\/div>\n\t\t\t<\/div>\n\t\t<\/div>\n\t\t\t\t\t\t<\/div>\n\t\t\t<\/div>\n\t\t<\/section>\n\t\t\t\t\t\t<\/div>\n\t\t\t<\/div>\n\t\t<\/div>\n\t\t","protected":false},"excerpt":{"rendered":"<p>D\u00c9COUVREZ VERONA Combien de fois vous auriez voulu en savoir plus \u00e0 propos de l\u2019histoire d\u2019un monument d\u2019une ville visit\u00e9e pour la premi\u00e8re fois mais sans une guide qui \u00e9tait l\u00e0 pour vous aider? Combien de fois, en rentrant chez vous, vous avez exp\u00e9riment\u00e9 des remords pour les choses incomprises rest\u00e9es \u00e0 l\u2019esprit? Nous pensons [&hellip;]<\/p>\n","protected":false},"author":1,"featured_media":0,"parent":153,"menu_order":0,"comment_status":"closed","ping_status":"closed","template":"templates\/builder.php","meta":[],"yst_prominent_words":[338,344,335,339,334,343,321,346,341,288,337,347,336,298,297,342,345,348,340,302],"_links":{"self":[{"href":"https:\/\/hotelmarcopoloverona.it\/fr\/wp-json\/wp\/v2\/pages\/257"}],"collection":[{"href":"https:\/\/hotelmarcopoloverona.it\/fr\/wp-json\/wp\/v2\/pages"}],"about":[{"href":"https:\/\/hotelmarcopoloverona.it\/fr\/wp-json\/wp\/v2\/types\/page"}],"author":[{"embeddable":true,"href":"https:\/\/hotelmarcopoloverona.it\/fr\/wp-json\/wp\/v2\/users\/1"}],"replies":[{"embeddable":true,"href":"https:\/\/hotelmarcopoloverona.it\/fr\/wp-json\/wp\/v2\/comments?post=257"}],"version-history":[{"count":0,"href":"https:\/\/hotelmarcopoloverona.it\/fr\/wp-json\/wp\/v2\/pages\/257\/revisions"}],"up":[{"embeddable":true,"href":"https:\/\/hotelmarcopoloverona.it\/fr\/wp-json\/wp\/v2\/pages\/153"}],"wp:attachment":[{"href":"https:\/\/hotelmarcopoloverona.it\/fr\/wp-json\/wp\/v2\/media?parent=257"}],"wp:term":[{"taxonomy":"yst_prominent_words","embeddable":true,"href":"https:\/\/hotelmarcopoloverona.it\/fr\/wp-json\/wp\/v2\/yst_prominent_words?post=257"}],"curies":[{"name":"wp","href":"https:\/\/api.w.org\/{rel}","templated":true}]}}